{"id":20906,"date":"2021-09-07T17:58:11","date_gmt":"2021-09-07T14:58:11","guid":{"rendered":"https:\/\/kutluyayinevi.com\/magaza\/?post_type=product&#038;p=20906"},"modified":"2026-02-20T16:47:04","modified_gmt":"2026-02-20T13:47:04","slug":"omrumun-son-aksami-omer-sayin-ilkay","status":"publish","type":"product","link":"https:\/\/kutluyayinevi.com\/magaza\/urun\/omrumun-son-aksami-omer-sayin-ilkay\/","title":{"rendered":"\u00d6mr\u00fcm\u00fcn Son Ak\u015fam\u0131 &#8211; \u00d6mer Say\u0131n \u0130lkay"},"content":{"rendered":"","protected":false},"excerpt":{"rendered":"<p>\u015eiir kimi zaman bir mazlumun isyan\u0131, kimi zaman bir yetimin umudu, kimi zaman bir annenin duas\u0131d\u0131r. Dosta selam, yare sevdad\u0131r \u015fiir. Yaln\u0131zl\u0131\u011f\u0131n tesellisi, h\u00fczn\u00fcn anadilidir \u015fiir. Ve her \u015feyden \u00f6te yaradana sunulan arzuh\u00e2ldir \u015fiir.<\/p>\n<p>Bu kitab\u0131n herhangi bir sayfas\u0131nda, herhangi bir \u015fiirinde hayattan ve kendinizden bir \u015feyler bulaca\u011f\u0131n\u0131za eminim.<\/p>\n<p>Selam ve dua ile\u2026<\/p>\n<p>\u2026<br \/>\n\u015eimdi h\u00fcz\u00fcnl\u00fcd\u00fcr g\u00f6zler gidenler ard\u0131ndan<br \/>\nG\u00fczel g\u00fcnlerimiz de vard\u0131 ah bir zaman i\u00e7inde<\/p>\n<p>Analar a\u011flar babalar suskundur kahr\u0131ndan<br \/>\nK\u00e2h duaya kalkar eller k\u00e2h bir isyan i\u00e7inde<\/p>\n<p>Karde\u015fiyle ekme\u011fi insan b\u00f6l\u00fc\u015femez oldu<br \/>\nKad\u0131n erkek, gen\u00e7 ya\u015fl\u0131 bo\u015f bir kavga i\u00e7inde<\/p>\n<p>Dertlerimizin ne ba\u015f\u0131 bellidir ne de sonu<br \/>\nAk\u0131p gidiyor \u00f6mr\u00fcm\u00fcz bo\u015f bir sevda i\u00e7inde<\/p>\n<p>Not: Bu kitab\u0131n yazara verilecek olan telif hakk\u0131 geliri yazar\u0131n iste\u011fi do\u011frultusunda \u0130HH \u0130nsani Yard\u0131m Vakf\u0131na ba\u011f\u0131\u015flanacakt\u0131r.<\/p>\n","protected":false},"featured_media":20907,"comment_status":"closed","ping_status":"closed","template":"","meta":[],"product_brand":[],"product_cat":[22],"product_tag":[],"class_list":{"0":"post-20906","1":"product","2":"type-product","3":"status-publish","4":"has-post-thumbnail","6":"product_cat-siir","8":"first","9":"outofstock","10":"sale","11":"shipping-taxable","12":"purchasable","13":"product-type-simple"},"_links":{"self":[{"href":"https:\/\/kutluyayinevi.com\/magaza\/wp-json\/wp\/v2\/product\/20906","targetHints":{"allow":["GET"]}}],"collection":[{"href":"https:\/\/kutluyayinevi.com\/magaza\/wp-json\/wp\/v2\/product"}],"about":[{"href":"https:\/\/kutluyayinevi.com\/magaza\/wp-json\/wp\/v2\/types\/product"}],"replies":[{"embeddable":true,"href":"https:\/\/kutluyayinevi.com\/magaza\/wp-json\/wp\/v2\/comments?post=20906"}],"wp:featuredmedia":[{"embeddable":true,"href":"https:\/\/kutluyayinevi.com\/magaza\/wp-json\/wp\/v2\/media\/20907"}],"wp:attachment":[{"href":"https:\/\/kutluyayinevi.com\/magaza\/wp-json\/wp\/v2\/media?parent=20906"}],"wp:term":[{"taxonomy":"product_brand","embeddable":true,"href":"https:\/\/kutluyayinevi.com\/magaza\/wp-json\/wp\/v2\/product_brand?post=20906"},{"taxonomy":"product_cat","embeddable":true,"href":"https:\/\/kutluyayinevi.com\/magaza\/wp-json\/wp\/v2\/product_cat?post=20906"},{"taxonomy":"product_tag","embeddable":true,"href":"https:\/\/kutluyayinevi.com\/magaza\/wp-json\/wp\/v2\/product_tag?post=20906"}],"curies":[{"name":"wp","href":"https:\/\/api.w.org\/{rel}","templated":true}]}}