{"id":20916,"date":"2021-09-09T10:40:02","date_gmt":"2021-09-09T07:40:02","guid":{"rendered":"https:\/\/kutluyayinevi.com\/magaza\/?post_type=product&#038;p=20916"},"modified":"2025-05-01T18:41:11","modified_gmt":"2025-05-01T15:41:11","slug":"korece-egitim-seti-4-kitap-ender-caglar-ucak-aslihan-r-zorba","status":"publish","type":"product","link":"https:\/\/kutluyayinevi.com\/magaza\/urun\/korece-egitim-seti-4-kitap-ender-caglar-ucak-aslihan-r-zorba\/","title":{"rendered":"Korece E\u011fitim Seti [4 Kitap] &#8211; Ender \u00c7a\u011flar U\u00e7ak &#8211; Asl\u0131han R. Zorba"},"content":{"rendered":"","protected":false},"excerpt":{"rendered":"<p>Korece E\u011fitim Seti paketimizde\u00a0<strong>Ender \u00c7a\u011flar U\u00e7ak<\/strong>&#8216;\u0131n Korece S\u00f6zl\u00fck (\u0130leri Seviye Top\u0131k Kelimeleri), Korece Kelime Kitab\u0131 \u2013 Ba\u015flang\u0131\u00e7 Seviyesi TOPIK I Kelimeleri (Seviye 1) ve Korece Kelime Kitab\u0131 \u2013 Ba\u015flang\u0131\u00e7 Seviyesi TOPIK I Kelimeleri (Seviye 2) ile\u00a0<strong>Asl\u0131han R. Zorba<\/strong>&#8216;n\u0131n Korece Kelimeler ve Dilbilgisi bulunmaktad\u0131r. Piyasa de\u011feri 128 TL olan 4 kitab\u0131 bu kampam\u0131z ile 99,95 TL&#8217;ye sunmaktay\u0131z.<\/p>\n","protected":false},"featured_media":20917,"comment_status":"closed","ping_status":"closed","template":"","meta":[],"product_brand":[],"product_cat":[74],"product_tag":[],"class_list":{"0":"post-20916","1":"product","2":"type-product","3":"status-publish","4":"has-post-thumbnail","6":"product_cat-egitim","8":"first","9":"instock","10":"sale","11":"shipping-taxable","12":"purchasable","13":"product-type-simple"},"_links":{"self":[{"href":"https:\/\/kutluyayinevi.com\/magaza\/wp-json\/wp\/v2\/product\/20916","targetHints":{"allow":["GET"]}}],"collection":[{"href":"https:\/\/kutluyayinevi.com\/magaza\/wp-json\/wp\/v2\/product"}],"about":[{"href":"https:\/\/kutluyayinevi.com\/magaza\/wp-json\/wp\/v2\/types\/product"}],"replies":[{"embeddable":true,"href":"https:\/\/kutluyayinevi.com\/magaza\/wp-json\/wp\/v2\/comments?post=20916"}],"wp:featuredmedia":[{"embeddable":true,"href":"https:\/\/kutluyayinevi.com\/magaza\/wp-json\/wp\/v2\/media\/20917"}],"wp:attachment":[{"href":"https:\/\/kutluyayinevi.com\/magaza\/wp-json\/wp\/v2\/media?parent=20916"}],"wp:term":[{"taxonomy":"product_brand","embeddable":true,"href":"https:\/\/kutluyayinevi.com\/magaza\/wp-json\/wp\/v2\/product_brand?post=20916"},{"taxonomy":"product_cat","embeddable":true,"href":"https:\/\/kutluyayinevi.com\/magaza\/wp-json\/wp\/v2\/product_cat?post=20916"},{"taxonomy":"product_tag","embeddable":true,"href":"https:\/\/kutluyayinevi.com\/magaza\/wp-json\/wp\/v2\/product_tag?post=20916"}],"curies":[{"name":"wp","href":"https:\/\/api.w.org\/{rel}","templated":true}]}}