{"id":20980,"date":"2025-10-10T19:00:22","date_gmt":"2025-10-10T16:00:22","guid":{"rendered":"https:\/\/kutluyayinevi.com\/magaza\/?post_type=product&#038;p=20980"},"modified":"2025-10-10T19:02:11","modified_gmt":"2025-10-10T16:02:11","slug":"nusaybin-hendeklerinde-joh-poh-komandolar-yesil-bozlak","status":"publish","type":"product","link":"https:\/\/kutluyayinevi.com\/magaza\/urun\/nusaybin-hendeklerinde-joh-poh-komandolar-yesil-bozlak\/","title":{"rendered":"Nusaybin Hendeklerinde J\u00d6H &#8211; P\u00d6H Komandolar &#8211; Ye\u015fil Bozlak"},"content":{"rendered":"","protected":false},"excerpt":{"rendered":"<p>1- Nusaybin\u2019de timler patlaya patlaya, kafas\u0131na EYP (el yap\u0131m\u0131 patlay\u0131c\u0131) ile i\u00e7i g\u00fc\u00e7lendirilmi\u015f t\u00fcp, \u00e7aydanl\u0131k, kola kutular\u0131, bak\u0131r taslar, yiyerek ilerlemelerini yap\u0131yordu.<br \/>\n2- Askerli\u011fin r\u00fctbe ve elbise i\u015fi olmad\u0131\u011f\u0131n\u0131 ruh i\u015fi oldu\u011funu ya\u015fayarak bir kez daha \u00f6\u011frenmi\u015f olacakt\u0131m. Er meydan\u0131yd\u0131 buras\u0131, r\u00fctbenin de\u011fil. Yi\u011fitli\u011fin sorguland\u0131\u011f\u0131 yerdi&#8230; \u00d6l\u00fcmle ya\u015fam aras\u0131ndayd\u0131k.<br \/>\n3- Gecenin sessizli\u011finde, yolunu \u015fa\u015f\u0131rm\u0131\u015f serseri bir mermi \u0131sl\u0131k \u00e7alarak \u00fczerimden ge\u00e7ti ve geri b\u00f6lgemdeki binan\u0131n cam\u0131ndan i\u00e7eri girdi.<br \/>\n4- Kayalara ve ta\u015flara \u00e7arpan mermilerin \u00e7\u0131kard\u0131\u011f\u0131 toz bulutlar\u0131n\u0131 g\u00f6rebiliyordum. Arada \u00e7\u0131kan izli mermilerde (genellikle gece ortamlar\u0131n\u0131 ayd\u0131nlatmak i\u00e7in kullan\u0131lan mermiler) dere yata\u011f\u0131na ayr\u0131 bir g\u00fczellik kat\u0131yordu.<br \/>\n5- \u00c7at\u0131\u015fmaya gireceksiniz. Yan\u0131n\u0131zda el yap\u0131m\u0131 patlay\u0131c\u0131lar patlayacak. Ba\u015f\u0131n\u0131z\u0131n \u00fczerinden mermiler ge\u00e7ecek. Yan\u0131n\u0131zda silah arkada\u015f\u0131n\u0131z vurulacak. \u00d6l\u00fcm\u00fc ensede hissedeceksiniz. Bu topraklar i\u00e7in \u00f6denen bedelleri, fedak\u00e2rl\u0131klar\u0131 ruhunuzun derinliklerinde ya\u015fayacak ve hissedeceksiniz.<br \/>\n6- Nusaybin kitab\u0131, bana ait olamayacak kadar silah arkada\u015flar\u0131m\u0131n kahramanl\u0131klar\u0131 ile dolu idi.<\/p>\n","protected":false},"featured_media":20981,"comment_status":"closed","ping_status":"closed","template":"","meta":[],"product_brand":[],"product_cat":[52],"product_tag":[],"class_list":{"0":"post-20980","1":"product","2":"type-product","3":"status-publish","4":"has-post-thumbnail","6":"product_cat-ani","8":"first","9":"instock","10":"sale","11":"shipping-taxable","12":"purchasable","13":"product-type-simple"},"_links":{"self":[{"href":"https:\/\/kutluyayinevi.com\/magaza\/wp-json\/wp\/v2\/product\/20980","targetHints":{"allow":["GET"]}}],"collection":[{"href":"https:\/\/kutluyayinevi.com\/magaza\/wp-json\/wp\/v2\/product"}],"about":[{"href":"https:\/\/kutluyayinevi.com\/magaza\/wp-json\/wp\/v2\/types\/product"}],"replies":[{"embeddable":true,"href":"https:\/\/kutluyayinevi.com\/magaza\/wp-json\/wp\/v2\/comments?post=20980"}],"wp:featuredmedia":[{"embeddable":true,"href":"https:\/\/kutluyayinevi.com\/magaza\/wp-json\/wp\/v2\/media\/20981"}],"wp:attachment":[{"href":"https:\/\/kutluyayinevi.com\/magaza\/wp-json\/wp\/v2\/media?parent=20980"}],"wp:term":[{"taxonomy":"product_brand","embeddable":true,"href":"https:\/\/kutluyayinevi.com\/magaza\/wp-json\/wp\/v2\/product_brand?post=20980"},{"taxonomy":"product_cat","embeddable":true,"href":"https:\/\/kutluyayinevi.com\/magaza\/wp-json\/wp\/v2\/product_cat?post=20980"},{"taxonomy":"product_tag","embeddable":true,"href":"https:\/\/kutluyayinevi.com\/magaza\/wp-json\/wp\/v2\/product_tag?post=20980"}],"curies":[{"name":"wp","href":"https:\/\/api.w.org\/{rel}","templated":true}]}}