{"id":20994,"date":"2021-10-08T16:32:05","date_gmt":"2021-10-08T13:32:05","guid":{"rendered":"https:\/\/kutluyayinevi.com\/magaza\/?post_type=product&#038;p=20994"},"modified":"2026-02-20T13:24:16","modified_gmt":"2026-02-20T10:24:16","slug":"mavi-dusler-beyza-guler","status":"publish","type":"product","link":"https:\/\/kutluyayinevi.com\/magaza\/urun\/mavi-dusler-beyza-guler\/","title":{"rendered":"Mavi D\u00fc\u015fler &#8211; Beyza G\u00fcler"},"content":{"rendered":"","protected":false},"excerpt":{"rendered":"<p>Sen t\u00fcm limanlar\u0131n ba\u015flang\u0131c\u0131 ben sana vurgun bir k\u00f6le<br \/>\nOkyanuslar var sanki g\u00f6zlerine bakt\u0131k\u00e7a bo\u011fuluyorum<br \/>\nB\u00fcy\u00fcyor g\u00f6zlerin ve ben daha \u00e7ok ya\u015f\u0131yorum seni mavi kadar u\u00e7suz a\u015fkla<br \/>\n&#8211;<br \/>\nSAADET<br \/>\nA\u015fk huduttur son nefeste soludu\u011fum en derin sadet<br \/>\nCam kesi\u011fi gibi kalbim, sonum sen olmay\u0131nca<br \/>\nLisan\u0131m\u0131 kaybettim akl\u0131m\u0131n en \u00fccra kelimeleriyle anlat\u0131yorum<br \/>\nSEN\u0130 SEV\u0130YORUM<\/p>\n","protected":false},"featured_media":20995,"comment_status":"closed","ping_status":"closed","template":"","meta":[],"product_brand":[],"product_cat":[22],"product_tag":[],"class_list":{"0":"post-20994","1":"product","2":"type-product","3":"status-publish","4":"has-post-thumbnail","6":"product_cat-siir","8":"first","9":"outofstock","10":"sale","11":"shipping-taxable","12":"purchasable","13":"product-type-simple"},"_links":{"self":[{"href":"https:\/\/kutluyayinevi.com\/magaza\/wp-json\/wp\/v2\/product\/20994","targetHints":{"allow":["GET"]}}],"collection":[{"href":"https:\/\/kutluyayinevi.com\/magaza\/wp-json\/wp\/v2\/product"}],"about":[{"href":"https:\/\/kutluyayinevi.com\/magaza\/wp-json\/wp\/v2\/types\/product"}],"replies":[{"embeddable":true,"href":"https:\/\/kutluyayinevi.com\/magaza\/wp-json\/wp\/v2\/comments?post=20994"}],"wp:featuredmedia":[{"embeddable":true,"href":"https:\/\/kutluyayinevi.com\/magaza\/wp-json\/wp\/v2\/media\/20995"}],"wp:attachment":[{"href":"https:\/\/kutluyayinevi.com\/magaza\/wp-json\/wp\/v2\/media?parent=20994"}],"wp:term":[{"taxonomy":"product_brand","embeddable":true,"href":"https:\/\/kutluyayinevi.com\/magaza\/wp-json\/wp\/v2\/product_brand?post=20994"},{"taxonomy":"product_cat","embeddable":true,"href":"https:\/\/kutluyayinevi.com\/magaza\/wp-json\/wp\/v2\/product_cat?post=20994"},{"taxonomy":"product_tag","embeddable":true,"href":"https:\/\/kutluyayinevi.com\/magaza\/wp-json\/wp\/v2\/product_tag?post=20994"}],"curies":[{"name":"wp","href":"https:\/\/api.w.org\/{rel}","templated":true}]}}