{"id":20998,"date":"2021-10-08T16:37:00","date_gmt":"2021-10-08T13:37:00","guid":{"rendered":"https:\/\/kutluyayinevi.com\/magaza\/?post_type=product&#038;p=20998"},"modified":"2026-02-23T10:35:26","modified_gmt":"2026-02-23T07:35:26","slug":"tutkusal-derinlik-cihangir-caglar","status":"publish","type":"product","link":"https:\/\/kutluyayinevi.com\/magaza\/urun\/tutkusal-derinlik-cihangir-caglar\/","title":{"rendered":"Tutkusal Derinlik &#8211; Cihangir \u00c7a\u011flar"},"content":{"rendered":"","protected":false},"excerpt":{"rendered":"<p>Ya\u015fad\u0131klar\u0131ndan daha k\u00f6t\u00fcn\u00fc ya\u015faman m\u00fcmk\u00fcn de\u011fil, biliyorsun. Bu saatten sonra ne olursa olsun, sana hediyedir.<\/p>\n<p>\u00d6nce kendim anlamak isterim: Neyin pe\u015finde oldu\u011fumu, akl\u0131m\u0131n nereye varmaya \u00e7al\u0131\u015ft\u0131\u011f\u0131n\u0131, yolculuklar\u0131m\u0131n nedenlerini ve sonu\u00e7lar\u0131n\u0131n i\u00e7imdeki kar\u015f\u0131l\u0131\u011f\u0131n\u0131, ruhsal takvimimi ve \u015fu an bulundu\u011fum mevsimi, \u00f6nce ben idrak etmek isterim.<\/p>\n<p>B\u0131rakma pe\u015fimi, d\u00fc\u015ferken bulutlardan,<br \/>\nKanayan kanad\u0131mdan yakala,<br \/>\nSen a\u015farken devasa da\u011flardan,<br \/>\nYem etme beni ite, \u00e7akala&#8230;<br \/>\nBir mavi buluttan ibaret g\u00f6ky\u00fcz\u00fc,<br \/>\nBir de umuttan.<br \/>\nG\u00fcl\u00fc\u015f\u00fcn yaz ate\u015finden,<br \/>\nGidi\u015fin so\u011fuktan.<\/p>\n","protected":false},"featured_media":20999,"comment_status":"closed","ping_status":"closed","template":"","meta":[],"product_brand":[],"product_cat":[24],"product_tag":[],"class_list":{"0":"post-20998","1":"product","2":"type-product","3":"status-publish","4":"has-post-thumbnail","6":"product_cat-roman","8":"first","9":"instock","10":"sale","11":"shipping-taxable","12":"purchasable","13":"product-type-simple"},"_links":{"self":[{"href":"https:\/\/kutluyayinevi.com\/magaza\/wp-json\/wp\/v2\/product\/20998","targetHints":{"allow":["GET"]}}],"collection":[{"href":"https:\/\/kutluyayinevi.com\/magaza\/wp-json\/wp\/v2\/product"}],"about":[{"href":"https:\/\/kutluyayinevi.com\/magaza\/wp-json\/wp\/v2\/types\/product"}],"replies":[{"embeddable":true,"href":"https:\/\/kutluyayinevi.com\/magaza\/wp-json\/wp\/v2\/comments?post=20998"}],"wp:featuredmedia":[{"embeddable":true,"href":"https:\/\/kutluyayinevi.com\/magaza\/wp-json\/wp\/v2\/media\/20999"}],"wp:attachment":[{"href":"https:\/\/kutluyayinevi.com\/magaza\/wp-json\/wp\/v2\/media?parent=20998"}],"wp:term":[{"taxonomy":"product_brand","embeddable":true,"href":"https:\/\/kutluyayinevi.com\/magaza\/wp-json\/wp\/v2\/product_brand?post=20998"},{"taxonomy":"product_cat","embeddable":true,"href":"https:\/\/kutluyayinevi.com\/magaza\/wp-json\/wp\/v2\/product_cat?post=20998"},{"taxonomy":"product_tag","embeddable":true,"href":"https:\/\/kutluyayinevi.com\/magaza\/wp-json\/wp\/v2\/product_tag?post=20998"}],"curies":[{"name":"wp","href":"https:\/\/api.w.org\/{rel}","templated":true}]}}