{"id":21040,"date":"2021-11-02T10:51:25","date_gmt":"2021-11-02T07:51:25","guid":{"rendered":"https:\/\/kutluyayinevi.com\/magaza\/?post_type=product&#038;p=21040"},"modified":"2026-02-19T17:23:46","modified_gmt":"2026-02-19T14:23:46","slug":"dipsiz-kuyu-dila-yildirim","status":"publish","type":"product","link":"https:\/\/kutluyayinevi.com\/magaza\/urun\/dipsiz-kuyu-dila-yildirim\/","title":{"rendered":"Dipsiz Kuyu &#8211; Dila Y\u0131ld\u0131r\u0131m"},"content":{"rendered":"","protected":false},"excerpt":{"rendered":"<p>Bir a\u011fac\u0131n dallar\u0131 gibiydi hayat.<br \/>\nBen hangi yolu se\u00e7sem ba\u015fka ba\u015fka \u015feyler \u00e7\u0131kacakt\u0131.<br \/>\nHer zaman\u0131 geri sar\u0131p d\u00fczeltmeye \u00e7al\u0131\u015ft\u0131\u011f\u0131mda yeni yeni benler yaratacak ve hi\u00e7 birinden memnun olmayacakt\u0131m.<br \/>\nSe\u00e7ilmesi gereken en iyi yol se\u00e7ildi.<br \/>\nYa\u015fanmas\u0131 gereken en iyi ihtimal ya\u015fand\u0131.<br \/>\nBen bu olacakt\u0131m.<br \/>\nVe bir g\u00fcn yok olacakt\u0131 liman\u0131m&#8230;<\/p>\n","protected":false},"featured_media":21041,"comment_status":"closed","ping_status":"closed","template":"","meta":[],"product_brand":[],"product_cat":[24],"product_tag":[],"class_list":{"0":"post-21040","1":"product","2":"type-product","3":"status-publish","4":"has-post-thumbnail","6":"product_cat-roman","8":"first","9":"instock","10":"sale","11":"shipping-taxable","12":"purchasable","13":"product-type-simple"},"_links":{"self":[{"href":"https:\/\/kutluyayinevi.com\/magaza\/wp-json\/wp\/v2\/product\/21040","targetHints":{"allow":["GET"]}}],"collection":[{"href":"https:\/\/kutluyayinevi.com\/magaza\/wp-json\/wp\/v2\/product"}],"about":[{"href":"https:\/\/kutluyayinevi.com\/magaza\/wp-json\/wp\/v2\/types\/product"}],"replies":[{"embeddable":true,"href":"https:\/\/kutluyayinevi.com\/magaza\/wp-json\/wp\/v2\/comments?post=21040"}],"wp:featuredmedia":[{"embeddable":true,"href":"https:\/\/kutluyayinevi.com\/magaza\/wp-json\/wp\/v2\/media\/21041"}],"wp:attachment":[{"href":"https:\/\/kutluyayinevi.com\/magaza\/wp-json\/wp\/v2\/media?parent=21040"}],"wp:term":[{"taxonomy":"product_brand","embeddable":true,"href":"https:\/\/kutluyayinevi.com\/magaza\/wp-json\/wp\/v2\/product_brand?post=21040"},{"taxonomy":"product_cat","embeddable":true,"href":"https:\/\/kutluyayinevi.com\/magaza\/wp-json\/wp\/v2\/product_cat?post=21040"},{"taxonomy":"product_tag","embeddable":true,"href":"https:\/\/kutluyayinevi.com\/magaza\/wp-json\/wp\/v2\/product_tag?post=21040"}],"curies":[{"name":"wp","href":"https:\/\/api.w.org\/{rel}","templated":true}]}}