{"id":21053,"date":"2021-11-15T17:34:39","date_gmt":"2021-11-15T14:34:39","guid":{"rendered":"https:\/\/kutluyayinevi.com\/magaza\/?post_type=product&#038;p=21053"},"modified":"2026-02-23T11:20:47","modified_gmt":"2026-02-23T08:20:47","slug":"yudum-mevlut-salap","status":"publish","type":"product","link":"https:\/\/kutluyayinevi.com\/magaza\/urun\/yudum-mevlut-salap\/","title":{"rendered":"Yudum &#8211; Mevl\u00fct \u015ealap"},"content":{"rendered":"<p>Yery\u00fcz\u00fcndeki en k\u00fc\u00e7\u00fck \u015feylerde<br \/>\nKocaman sevdim seni<br \/>\nMesela<br \/>\nBir kar par\u00e7as\u0131nda<br \/>\nYa\u011fmur damlas\u0131nda<br \/>\nMinik bir esintide<br \/>\nKum tanesinde<br \/>\nSer\u00e7enin m\u0131r\u0131ldan\u0131\u015f\u0131nda<br \/>\nKar\u0131ncan\u0131n y\u00fcr\u00fcy\u00fc\u015f\u00fcnde<br \/>\nG\u00fcne\u015fin \u0131\u015f\u0131lt\u0131s\u0131nda<br \/>\nSevdim seni\u2026<\/p>\n","protected":false},"excerpt":{"rendered":"<p>Yery\u00fcz\u00fcndeki en k\u00fc\u00e7\u00fck \u015feylerde Kocaman sevdim seni Mesela Bir kar par\u00e7as\u0131nda Ya\u011fmur damlas\u0131nda Minik bir esintide Kum tanesinde Ser\u00e7enin m\u0131r\u0131ldan\u0131\u015f\u0131nda Kar\u0131ncan\u0131n y\u00fcr\u00fcy\u00fc\u015f\u00fcnde G\u00fcne\u015fin \u0131\u015f\u0131lt\u0131s\u0131nda Sevdim seni\u2026<\/p>\n","protected":false},"featured_media":21054,"comment_status":"closed","ping_status":"closed","template":"","meta":[],"product_brand":[],"product_cat":[22],"product_tag":[],"class_list":{"0":"post-21053","1":"product","2":"type-product","3":"status-publish","4":"has-post-thumbnail","6":"product_cat-siir","8":"first","9":"instock","10":"sale","11":"shipping-taxable","12":"purchasable","13":"product-type-simple"},"_links":{"self":[{"href":"https:\/\/kutluyayinevi.com\/magaza\/wp-json\/wp\/v2\/product\/21053","targetHints":{"allow":["GET"]}}],"collection":[{"href":"https:\/\/kutluyayinevi.com\/magaza\/wp-json\/wp\/v2\/product"}],"about":[{"href":"https:\/\/kutluyayinevi.com\/magaza\/wp-json\/wp\/v2\/types\/product"}],"replies":[{"embeddable":true,"href":"https:\/\/kutluyayinevi.com\/magaza\/wp-json\/wp\/v2\/comments?post=21053"}],"wp:featuredmedia":[{"embeddable":true,"href":"https:\/\/kutluyayinevi.com\/magaza\/wp-json\/wp\/v2\/media\/21054"}],"wp:attachment":[{"href":"https:\/\/kutluyayinevi.com\/magaza\/wp-json\/wp\/v2\/media?parent=21053"}],"wp:term":[{"taxonomy":"product_brand","embeddable":true,"href":"https:\/\/kutluyayinevi.com\/magaza\/wp-json\/wp\/v2\/product_brand?post=21053"},{"taxonomy":"product_cat","embeddable":true,"href":"https:\/\/kutluyayinevi.com\/magaza\/wp-json\/wp\/v2\/product_cat?post=21053"},{"taxonomy":"product_tag","embeddable":true,"href":"https:\/\/kutluyayinevi.com\/magaza\/wp-json\/wp\/v2\/product_tag?post=21053"}],"curies":[{"name":"wp","href":"https:\/\/api.w.org\/{rel}","templated":true}]}}