{"id":21056,"date":"2021-11-15T18:07:24","date_gmt":"2021-11-15T15:07:24","guid":{"rendered":"https:\/\/kutluyayinevi.com\/magaza\/?post_type=product&#038;p=21056"},"modified":"2026-02-23T11:25:19","modified_gmt":"2026-02-23T08:25:19","slug":"zilzal-kalb-i-vaveyla-deniz-eldek","status":"publish","type":"product","link":"https:\/\/kutluyayinevi.com\/magaza\/urun\/zilzal-kalb-i-vaveyla-deniz-eldek\/","title":{"rendered":"Zilz\u00e2l &#8211; Kalb-i V\u00e2veyl\u00e2 &#8211; Deniz Eldek"},"content":{"rendered":"<p>Hi\u00e7 ke\u015ffedilmemi\u015f bir kara delik s\u00f6nm\u00fc\u015f bir pulsar\u0131n y\u00f6r\u00fcngeye b\u0131rakt\u0131\u011f\u0131 toz k\u0131r\u0131nt\u0131lar\u0131n\u0131 and\u0131r\u0131yordu, g\u00f6z bebeklerin ta i\u00e7indeki o sonsuz karanl\u0131k. \u015eu rutubetli tavan her ya\u011fmur sonras\u0131 hi\u00e7 acelesi olmayan, yava\u015f yava\u015f i\u00e7ine s\u0131zan damlalarla yaln\u0131zl\u0131\u011f\u0131na koku\u015fmu\u015f yeni halkalar ekliyordu. M\u00fctemadiyen g\u0131c\u0131rdayan demir karyola, her gece eski su borular\u0131ndan gelen r\u00fczgar\u0131n iniltili sesi unuttu\u011fu c\u00fcmleleri onun yerine kalbinin duvarlar\u0131na f\u0131s\u0131ld\u0131yordu. Hep \u00f6m\u00fcrs\u00fczd\u00fc sevdi\u011fi \u015feyler, hep yapayaln\u0131z s\u00fcrg\u00fcn bir \u015fiiri yaz\u0131yordu yol kenarlar\u0131ndaki k\u0131rg\u0131n gelincikler, gecenin ayaz\u0131na \u00f6rg\u00fclerini a\u00e7\u0131p savurdu\u011fu simsiyah sa\u00e7lar\u0131 ve her bir telinde koruyup saklad\u0131\u011f\u0131 y\u0131ld\u0131zlar\u0131. Binlerce kez g\u00fcne\u015f ayn\u0131 yerden do\u011fup batm\u0131\u015f, sayamad\u0131\u011f\u0131 onlarca mevsimi \u015fu pencerenin arkas\u0131ndan u\u011furlam\u0131\u015ft\u0131. Akl\u0131n\u0131n ona oynad\u0131\u011f\u0131 t\u00fcm oyunlara ne zaman, nas\u0131l yenik d\u00fc\u015fm\u00fc\u015ft\u00fc? Bir cenaze gibi solgun ve so\u011fuk y\u00fcz\u00fcn\u00fc kal\u0131n siyah perdelerle hangi zilzalin deh\u015fetiyle \u00f6rtm\u00fc\u015ft\u00fc?<\/p>\n<p>\u201cA\u015fk\u0131 bu kadar kolay kirleten iki adam, yerle g\u00f6k aras\u0131nda bedenine bir yer edinemeyen buldu\u011fu ufac\u0131k toprak par\u00e7as\u0131na s\u0131\u011famayan bir kad\u0131n.\u201d<\/p>\n","protected":false},"excerpt":{"rendered":"<p>Hi\u00e7 ke\u015ffedilmemi\u015f bir kara delik s\u00f6nm\u00fc\u015f bir pulsar\u0131n y\u00f6r\u00fcngeye b\u0131rakt\u0131\u011f\u0131 toz k\u0131r\u0131nt\u0131lar\u0131n\u0131 and\u0131r\u0131yordu, g\u00f6z bebeklerin ta i\u00e7indeki o sonsuz karanl\u0131k. \u015eu rutubetli tavan her ya\u011fmur sonras\u0131 hi\u00e7 acelesi olmayan, yava\u015f yava\u015f i\u00e7ine s\u0131zan damlalarla yaln\u0131zl\u0131\u011f\u0131na koku\u015fmu\u015f yeni halkalar ekliyordu. M\u00fctemadiyen g\u0131c\u0131rdayan demir karyola, her gece eski su borular\u0131ndan gelen r\u00fczgar\u0131n iniltili sesi unuttu\u011fu c\u00fcmleleri onun [&hellip;]<\/p>\n","protected":false},"featured_media":21057,"comment_status":"closed","ping_status":"closed","template":"","meta":[],"product_brand":[],"product_cat":[24],"product_tag":[],"class_list":{"0":"post-21056","1":"product","2":"type-product","3":"status-publish","4":"has-post-thumbnail","6":"product_cat-roman","8":"first","9":"instock","10":"sale","11":"shipping-taxable","12":"purchasable","13":"product-type-simple"},"_links":{"self":[{"href":"https:\/\/kutluyayinevi.com\/magaza\/wp-json\/wp\/v2\/product\/21056","targetHints":{"allow":["GET"]}}],"collection":[{"href":"https:\/\/kutluyayinevi.com\/magaza\/wp-json\/wp\/v2\/product"}],"about":[{"href":"https:\/\/kutluyayinevi.com\/magaza\/wp-json\/wp\/v2\/types\/product"}],"replies":[{"embeddable":true,"href":"https:\/\/kutluyayinevi.com\/magaza\/wp-json\/wp\/v2\/comments?post=21056"}],"wp:featuredmedia":[{"embeddable":true,"href":"https:\/\/kutluyayinevi.com\/magaza\/wp-json\/wp\/v2\/media\/21057"}],"wp:attachment":[{"href":"https:\/\/kutluyayinevi.com\/magaza\/wp-json\/wp\/v2\/media?parent=21056"}],"wp:term":[{"taxonomy":"product_brand","embeddable":true,"href":"https:\/\/kutluyayinevi.com\/magaza\/wp-json\/wp\/v2\/product_brand?post=21056"},{"taxonomy":"product_cat","embeddable":true,"href":"https:\/\/kutluyayinevi.com\/magaza\/wp-json\/wp\/v2\/product_cat?post=21056"},{"taxonomy":"product_tag","embeddable":true,"href":"https:\/\/kutluyayinevi.com\/magaza\/wp-json\/wp\/v2\/product_tag?post=21056"}],"curies":[{"name":"wp","href":"https:\/\/api.w.org\/{rel}","templated":true}]}}