{"id":21061,"date":"2021-11-16T11:36:24","date_gmt":"2021-11-16T08:36:24","guid":{"rendered":"https:\/\/kutluyayinevi.com\/magaza\/?post_type=product&#038;p=21061"},"modified":"2026-02-23T10:43:12","modified_gmt":"2026-02-23T07:43:12","slug":"ufacik-notlar-bazen-hayat-kurtarir-sabriye-turkmen-kaya","status":"publish","type":"product","link":"https:\/\/kutluyayinevi.com\/magaza\/urun\/ufacik-notlar-bazen-hayat-kurtarir-sabriye-turkmen-kaya\/","title":{"rendered":"Ufac\u0131k Notlar Bazen Hayat Kurtar\u0131r &#8211; Sabriye T\u00fcrkmen Kaya"},"content":{"rendered":"<p>\u0130nsan\u0131n al\u0131\u015fkanl\u0131klar\u0131n\u0131 de\u011fi\u015ftirmesi o kadar zor ki hep derim &#8220;G\u00fczel \u015feyleri al\u0131\u015fkanl\u0131k edinelim.&#8221; diye.<\/p>\n","protected":false},"excerpt":{"rendered":"<p>\u0130nsan\u0131n al\u0131\u015fkanl\u0131klar\u0131n\u0131 de\u011fi\u015ftirmesi o kadar zor ki hep derim &#8220;G\u00fczel \u015feyleri al\u0131\u015fkanl\u0131k edinelim.&#8221; diye.<\/p>\n","protected":false},"featured_media":21062,"comment_status":"closed","ping_status":"closed","template":"","meta":[],"product_brand":[],"product_cat":[26],"product_tag":[],"class_list":{"0":"post-21061","1":"product","2":"type-product","3":"status-publish","4":"has-post-thumbnail","6":"product_cat-deneme","8":"first","9":"instock","10":"sale","11":"shipping-taxable","12":"purchasable","13":"product-type-simple"},"_links":{"self":[{"href":"https:\/\/kutluyayinevi.com\/magaza\/wp-json\/wp\/v2\/product\/21061","targetHints":{"allow":["GET"]}}],"collection":[{"href":"https:\/\/kutluyayinevi.com\/magaza\/wp-json\/wp\/v2\/product"}],"about":[{"href":"https:\/\/kutluyayinevi.com\/magaza\/wp-json\/wp\/v2\/types\/product"}],"replies":[{"embeddable":true,"href":"https:\/\/kutluyayinevi.com\/magaza\/wp-json\/wp\/v2\/comments?post=21061"}],"wp:featuredmedia":[{"embeddable":true,"href":"https:\/\/kutluyayinevi.com\/magaza\/wp-json\/wp\/v2\/media\/21062"}],"wp:attachment":[{"href":"https:\/\/kutluyayinevi.com\/magaza\/wp-json\/wp\/v2\/media?parent=21061"}],"wp:term":[{"taxonomy":"product_brand","embeddable":true,"href":"https:\/\/kutluyayinevi.com\/magaza\/wp-json\/wp\/v2\/product_brand?post=21061"},{"taxonomy":"product_cat","embeddable":true,"href":"https:\/\/kutluyayinevi.com\/magaza\/wp-json\/wp\/v2\/product_cat?post=21061"},{"taxonomy":"product_tag","embeddable":true,"href":"https:\/\/kutluyayinevi.com\/magaza\/wp-json\/wp\/v2\/product_tag?post=21061"}],"curies":[{"name":"wp","href":"https:\/\/api.w.org\/{rel}","templated":true}]}}