{"id":21065,"date":"2021-11-16T12:00:47","date_gmt":"2021-11-16T09:00:47","guid":{"rendered":"https:\/\/kutluyayinevi.com\/magaza\/?post_type=product&#038;p=21065"},"modified":"2026-02-23T10:32:47","modified_gmt":"2026-02-23T07:32:47","slug":"turan-buyusu-aziz-mevlutoglu","status":"publish","type":"product","link":"https:\/\/kutluyayinevi.com\/magaza\/urun\/turan-buyusu-aziz-mevlutoglu\/","title":{"rendered":"Turan B\u00fcy\u00fcs\u00fc &#8211; Aziz Mevl\u00fcto\u011flu"},"content":{"rendered":"<p>\u00c7alarak kopuzu \u00f6\u011f\u00fct der Korkut,<br \/>\nUnutma onlar\u0131 haf\u0131zanda tut,<br \/>\nKa\u011fanl\u0131k u\u011frunda verilince kut,<br \/>\nBo\u015f vakit diye bir \u015fey aranamaz!<\/p>\n","protected":false},"excerpt":{"rendered":"<p>\u00c7alarak kopuzu \u00f6\u011f\u00fct der Korkut, Unutma onlar\u0131 haf\u0131zanda tut, Ka\u011fanl\u0131k u\u011frunda verilince kut, Bo\u015f vakit diye bir \u015fey aranamaz!<\/p>\n","protected":false},"featured_media":21066,"comment_status":"closed","ping_status":"closed","template":"","meta":[],"product_brand":[],"product_cat":[22],"product_tag":[],"class_list":{"0":"post-21065","1":"product","2":"type-product","3":"status-publish","4":"has-post-thumbnail","6":"product_cat-siir","8":"first","9":"instock","10":"sale","11":"shipping-taxable","12":"purchasable","13":"product-type-simple"},"_links":{"self":[{"href":"https:\/\/kutluyayinevi.com\/magaza\/wp-json\/wp\/v2\/product\/21065","targetHints":{"allow":["GET"]}}],"collection":[{"href":"https:\/\/kutluyayinevi.com\/magaza\/wp-json\/wp\/v2\/product"}],"about":[{"href":"https:\/\/kutluyayinevi.com\/magaza\/wp-json\/wp\/v2\/types\/product"}],"replies":[{"embeddable":true,"href":"https:\/\/kutluyayinevi.com\/magaza\/wp-json\/wp\/v2\/comments?post=21065"}],"wp:featuredmedia":[{"embeddable":true,"href":"https:\/\/kutluyayinevi.com\/magaza\/wp-json\/wp\/v2\/media\/21066"}],"wp:attachment":[{"href":"https:\/\/kutluyayinevi.com\/magaza\/wp-json\/wp\/v2\/media?parent=21065"}],"wp:term":[{"taxonomy":"product_brand","embeddable":true,"href":"https:\/\/kutluyayinevi.com\/magaza\/wp-json\/wp\/v2\/product_brand?post=21065"},{"taxonomy":"product_cat","embeddable":true,"href":"https:\/\/kutluyayinevi.com\/magaza\/wp-json\/wp\/v2\/product_cat?post=21065"},{"taxonomy":"product_tag","embeddable":true,"href":"https:\/\/kutluyayinevi.com\/magaza\/wp-json\/wp\/v2\/product_tag?post=21065"}],"curies":[{"name":"wp","href":"https:\/\/api.w.org\/{rel}","templated":true}]}}