{"id":21086,"date":"2021-12-09T13:11:54","date_gmt":"2021-12-09T10:11:54","guid":{"rendered":"https:\/\/kutluyayinevi.com\/magaza\/?post_type=product&#038;p=21086"},"modified":"2026-02-19T17:26:32","modified_gmt":"2026-02-19T14:26:32","slug":"dovunme-devin-lalafil-kul-ningat","status":"publish","type":"product","link":"https:\/\/kutluyayinevi.com\/magaza\/urun\/dovunme-devin-lalafil-kul-ningat\/","title":{"rendered":"Devinim &#8211; Lalafil Kul Ningat"},"content":{"rendered":"<p>San\u0131lan\u0131n aksine b\u00fcy\u00fck patlama yoktur, ilk ve son patlama vard\u0131r.<\/p>\n<p>\u0130nsan ilk patlama ile savruldu, s\u00fcr\u00fcld\u00fc cennet krall\u0131\u011f\u0131ndan, alem olu\u015ftu y\u0131ld\u0131zlar\u0131yla, devinen gezegenleriyle&#8230; Ruh prangaya vuruldu v\u00fccutla&#8230; Ac\u0131kan, \u00fc\u015f\u00fcyen, kayg\u0131lanan bu prangayla&#8230;<\/p>\n<p>Hasret i\u00e7inde ta\u015f\u0131nd\u0131 bu pranga, kurtulmak ondan &#8220;\u00f6l\u00fcm&#8221; diye adland\u0131r\u0131ld\u0131&#8230; Ama san\u0131lan\u0131n aksine yok olu\u015f de\u011fildir \u00f6l\u00fcm; d\u00f6n\u00fc\u015ft\u00fcr krall\u0131\u011fa&#8230;<\/p>\n<p>\u00d6nemli olan bu s\u00fcrg\u00fcnde krall\u0131\u011fa d\u00f6n\u00fc\u015fte kar\u015f\u0131lanabilir yak\u0131\u015f\u0131rl\u0131kta bir s\u00fcreci y\u00f6netmek, eve d\u00f6nmek ve kald\u0131\u011f\u0131 yerden devam edebilmektedir&#8230;<\/p>\n<p>S\u00fcrg\u00fcnde &#8220;ba\u015f\u0131m\u0131za gelenlerden de\u011fil, ba\u015f\u0131m\u0131za gelenlere verece\u011fimiz tepkiden sorumluyuz&#8221;. Bu tepki de s\u00fcrg\u00fcn k\u0131lavuzlar\u0131nda ancak &#8220;\u015f\u00fck\u00fcr ve sab\u0131r&#8221; olarak tan\u0131mlanm\u0131\u015ft\u0131r.<\/p>\n<p>Biz &#8220;ak\u0131l sahibi&#8221; s\u00fcrg\u00fcndekilere emredilen kazanmak de\u011fil yaln\u0131zca \u00e7al\u0131\u015fmakt\u0131r \u00e7\u00fcnk\u00fc insana kalacak olan yaln\u0131zca \u00e7al\u0131\u015f\u0131p \u00e7abalad\u0131\u011f\u0131d\u0131r, eme\u011fidir.<\/p>\n<p>D\u00f6v\u00fcnmeyelim, devinelim&#8230;<\/p>\n","protected":false},"excerpt":{"rendered":"<p>San\u0131lan\u0131n aksine b\u00fcy\u00fck patlama yoktur, ilk ve son patlama vard\u0131r. \u0130nsan ilk patlama ile savruldu, s\u00fcr\u00fcld\u00fc cennet krall\u0131\u011f\u0131ndan, alem olu\u015ftu y\u0131ld\u0131zlar\u0131yla, devinen gezegenleriyle&#8230; Ruh prangaya vuruldu v\u00fccutla&#8230; Ac\u0131kan, \u00fc\u015f\u00fcyen, kayg\u0131lanan bu prangayla&#8230; Hasret i\u00e7inde ta\u015f\u0131nd\u0131 bu pranga, kurtulmak ondan &#8220;\u00f6l\u00fcm&#8221; diye adland\u0131r\u0131ld\u0131&#8230; Ama san\u0131lan\u0131n aksine yok olu\u015f de\u011fildir \u00f6l\u00fcm; d\u00f6n\u00fc\u015ft\u00fcr krall\u0131\u011fa&#8230; \u00d6nemli olan bu s\u00fcrg\u00fcnde [&hellip;]<\/p>\n","protected":false},"featured_media":21087,"comment_status":"closed","ping_status":"closed","template":"","meta":[],"product_brand":[],"product_cat":[76],"product_tag":[],"class_list":{"0":"post-21086","1":"product","2":"type-product","3":"status-publish","4":"has-post-thumbnail","6":"product_cat-ozlu-sozler","8":"first","9":"instock","10":"sale","11":"shipping-taxable","12":"purchasable","13":"product-type-simple"},"_links":{"self":[{"href":"https:\/\/kutluyayinevi.com\/magaza\/wp-json\/wp\/v2\/product\/21086","targetHints":{"allow":["GET"]}}],"collection":[{"href":"https:\/\/kutluyayinevi.com\/magaza\/wp-json\/wp\/v2\/product"}],"about":[{"href":"https:\/\/kutluyayinevi.com\/magaza\/wp-json\/wp\/v2\/types\/product"}],"replies":[{"embeddable":true,"href":"https:\/\/kutluyayinevi.com\/magaza\/wp-json\/wp\/v2\/comments?post=21086"}],"wp:featuredmedia":[{"embeddable":true,"href":"https:\/\/kutluyayinevi.com\/magaza\/wp-json\/wp\/v2\/media\/21087"}],"wp:attachment":[{"href":"https:\/\/kutluyayinevi.com\/magaza\/wp-json\/wp\/v2\/media?parent=21086"}],"wp:term":[{"taxonomy":"product_brand","embeddable":true,"href":"https:\/\/kutluyayinevi.com\/magaza\/wp-json\/wp\/v2\/product_brand?post=21086"},{"taxonomy":"product_cat","embeddable":true,"href":"https:\/\/kutluyayinevi.com\/magaza\/wp-json\/wp\/v2\/product_cat?post=21086"},{"taxonomy":"product_tag","embeddable":true,"href":"https:\/\/kutluyayinevi.com\/magaza\/wp-json\/wp\/v2\/product_tag?post=21086"}],"curies":[{"name":"wp","href":"https:\/\/api.w.org\/{rel}","templated":true}]}}