{"id":21117,"date":"2021-12-22T10:18:26","date_gmt":"2021-12-22T07:18:26","guid":{"rendered":"https:\/\/kutluyayinevi.com\/magaza\/?post_type=product&#038;p=21117"},"modified":"2026-02-20T12:09:58","modified_gmt":"2026-02-20T09:09:58","slug":"kandil-ummu-ozdemir","status":"publish","type":"product","link":"https:\/\/kutluyayinevi.com\/magaza\/urun\/kandil-ummu-ozdemir\/","title":{"rendered":"Kandil &#8211; \u00dcmm\u00fc \u00d6zdemir"},"content":{"rendered":"<p>F\u0131rt\u0131nalar kopar i\u00e7imde bazen<br \/>\nTop diye oynar\u0131m d\u00fcnyay\u0131<br \/>\nY\u0131k\u0131l\u0131r her \u015fey i\u00e7imde bazen<br \/>\nRenksiz g\u00f6r\u00fcr\u00fcm r\u00fcyay\u0131<\/p>\n<p>Ellerimi korum y\u00fcz\u00fcme bazen<br \/>\nD\u00fc\u015f\u00fcnceler film olur sanki<br \/>\nUyku girmez g\u00f6z\u00fcme bazen<br \/>\nR\u00fcyalar\u0131m diken olur sanki<\/p>\n<p>Dertlerim derya olur bazen<br \/>\nY\u0131k\u0131l\u0131r\u0131m pat diye sanki<br \/>\nG\u00fczel g\u00fcnler olur bazen<br \/>\nU\u00e7ar\u0131m sevin\u00e7ten sanki<\/p>\n<p>Ferah olur i\u00e7im bazen<br \/>\nMelek olurum o an sanki<br \/>\nH\u00fcz\u00fcn dolar i\u00e7im bazen<br \/>\n\u015eeytan olurum o an sanki<\/p>\n<p>Korku sarar i\u00e7imi bazen<br \/>\nHortlak g\u00f6r\u00fcr\u00fcm sanki<br \/>\nBo\u015flar\u0131m her \u015feyi bazen<br \/>\n\u00d6lm\u00fc\u015f gibiyim sanki<\/p>\n","protected":false},"excerpt":{"rendered":"<p>F\u0131rt\u0131nalar kopar i\u00e7imde bazen Top diye oynar\u0131m d\u00fcnyay\u0131 Y\u0131k\u0131l\u0131r her \u015fey i\u00e7imde bazen Renksiz g\u00f6r\u00fcr\u00fcm r\u00fcyay\u0131 Ellerimi korum y\u00fcz\u00fcme bazen D\u00fc\u015f\u00fcnceler film olur sanki Uyku girmez g\u00f6z\u00fcme bazen R\u00fcyalar\u0131m diken olur sanki Dertlerim derya olur bazen Y\u0131k\u0131l\u0131r\u0131m pat diye sanki G\u00fczel g\u00fcnler olur bazen U\u00e7ar\u0131m sevin\u00e7ten sanki Ferah olur i\u00e7im bazen Melek olurum o an [&hellip;]<\/p>\n","protected":false},"featured_media":21118,"comment_status":"closed","ping_status":"closed","template":"","meta":[],"product_brand":[],"product_cat":[22],"product_tag":[],"class_list":{"0":"post-21117","1":"product","2":"type-product","3":"status-publish","4":"has-post-thumbnail","6":"product_cat-siir","8":"first","9":"instock","10":"sale","11":"shipping-taxable","12":"purchasable","13":"product-type-simple"},"_links":{"self":[{"href":"https:\/\/kutluyayinevi.com\/magaza\/wp-json\/wp\/v2\/product\/21117","targetHints":{"allow":["GET"]}}],"collection":[{"href":"https:\/\/kutluyayinevi.com\/magaza\/wp-json\/wp\/v2\/product"}],"about":[{"href":"https:\/\/kutluyayinevi.com\/magaza\/wp-json\/wp\/v2\/types\/product"}],"replies":[{"embeddable":true,"href":"https:\/\/kutluyayinevi.com\/magaza\/wp-json\/wp\/v2\/comments?post=21117"}],"wp:featuredmedia":[{"embeddable":true,"href":"https:\/\/kutluyayinevi.com\/magaza\/wp-json\/wp\/v2\/media\/21118"}],"wp:attachment":[{"href":"https:\/\/kutluyayinevi.com\/magaza\/wp-json\/wp\/v2\/media?parent=21117"}],"wp:term":[{"taxonomy":"product_brand","embeddable":true,"href":"https:\/\/kutluyayinevi.com\/magaza\/wp-json\/wp\/v2\/product_brand?post=21117"},{"taxonomy":"product_cat","embeddable":true,"href":"https:\/\/kutluyayinevi.com\/magaza\/wp-json\/wp\/v2\/product_cat?post=21117"},{"taxonomy":"product_tag","embeddable":true,"href":"https:\/\/kutluyayinevi.com\/magaza\/wp-json\/wp\/v2\/product_tag?post=21117"}],"curies":[{"name":"wp","href":"https:\/\/api.w.org\/{rel}","templated":true}]}}