{"id":21119,"date":"2021-12-23T10:12:48","date_gmt":"2021-12-23T07:12:48","guid":{"rendered":"https:\/\/kutluyayinevi.com\/magaza\/?post_type=product&#038;p=21119"},"modified":"2026-02-20T17:15:44","modified_gmt":"2026-02-20T14:15:44","slug":"ruya-aleyna-uluc","status":"publish","type":"product","link":"https:\/\/kutluyayinevi.com\/magaza\/urun\/ruya-aleyna-uluc\/","title":{"rendered":"R\u00fcya &#8211; Aleyna Ulu\u00e7"},"content":{"rendered":"<p>Hayata \u00e7ok farkl\u0131 bir yerden bak\u0131yordum. Ne\u015fem de kederim de kendime \u00f6zg\u00fcyd\u00fc. Baz\u0131 zamanlar olurdu saniyelik bir an beni g\u00fcnlerce mutlu ederdi, baz\u0131 zamanlar olurdu kimsenin fark etmedi\u011fi bir \u015fey beni hayata k\u00fcst\u00fcr\u00fcrd\u00fc. \u00c7ok d\u00fc\u015f\u00fcn\u00fcrd\u00fcm sonra mesela, hem iyiye hem de k\u00f6t\u00fcye dair\u2026 Hayal etmek zaten benim i\u00e7in nefes almak gibi bir \u015feydi, ne zaman ki bulundu\u011fum yere ait hissetmesem kendimi, zihnimde soyutlar bamba\u015fka \u00e2lemlere dalard\u0131m. Belki biraz hastal\u0131kl\u0131yd\u0131 ama baz\u0131 anlar olurdu ki ger\u00e7ek hayat\u0131 unutur, sadece hayallerde ya\u015fard\u0131m. Sonra ne oldu bilmiyorum, o kendine ait bir d\u00fcnyas\u0131 olan Bade ba\u015fkalar\u0131n\u0131n d\u00fcnyas\u0131nda ya\u015far oldu.<\/p>\n","protected":false},"excerpt":{"rendered":"<p>Hayata \u00e7ok farkl\u0131 bir yerden bak\u0131yordum. Ne\u015fem de kederim de kendime \u00f6zg\u00fcyd\u00fc. Baz\u0131 zamanlar olurdu saniyelik bir an beni g\u00fcnlerce mutlu ederdi, baz\u0131 zamanlar olurdu kimsenin fark etmedi\u011fi bir \u015fey beni hayata k\u00fcst\u00fcr\u00fcrd\u00fc. \u00c7ok d\u00fc\u015f\u00fcn\u00fcrd\u00fcm sonra mesela, hem iyiye hem de k\u00f6t\u00fcye dair\u2026 Hayal etmek zaten benim i\u00e7in nefes almak gibi bir \u015feydi, ne zaman [&hellip;]<\/p>\n","protected":false},"featured_media":21120,"comment_status":"closed","ping_status":"closed","template":"","meta":[],"product_brand":[],"product_cat":[107],"product_tag":[],"class_list":{"0":"post-21119","1":"product","2":"type-product","3":"status-publish","4":"has-post-thumbnail","6":"product_cat-oyku","8":"first","9":"instock","10":"sale","11":"shipping-taxable","12":"purchasable","13":"product-type-simple"},"_links":{"self":[{"href":"https:\/\/kutluyayinevi.com\/magaza\/wp-json\/wp\/v2\/product\/21119","targetHints":{"allow":["GET"]}}],"collection":[{"href":"https:\/\/kutluyayinevi.com\/magaza\/wp-json\/wp\/v2\/product"}],"about":[{"href":"https:\/\/kutluyayinevi.com\/magaza\/wp-json\/wp\/v2\/types\/product"}],"replies":[{"embeddable":true,"href":"https:\/\/kutluyayinevi.com\/magaza\/wp-json\/wp\/v2\/comments?post=21119"}],"wp:featuredmedia":[{"embeddable":true,"href":"https:\/\/kutluyayinevi.com\/magaza\/wp-json\/wp\/v2\/media\/21120"}],"wp:attachment":[{"href":"https:\/\/kutluyayinevi.com\/magaza\/wp-json\/wp\/v2\/media?parent=21119"}],"wp:term":[{"taxonomy":"product_brand","embeddable":true,"href":"https:\/\/kutluyayinevi.com\/magaza\/wp-json\/wp\/v2\/product_brand?post=21119"},{"taxonomy":"product_cat","embeddable":true,"href":"https:\/\/kutluyayinevi.com\/magaza\/wp-json\/wp\/v2\/product_cat?post=21119"},{"taxonomy":"product_tag","embeddable":true,"href":"https:\/\/kutluyayinevi.com\/magaza\/wp-json\/wp\/v2\/product_tag?post=21119"}],"curies":[{"name":"wp","href":"https:\/\/api.w.org\/{rel}","templated":true}]}}