{"id":21151,"date":"2022-01-13T13:59:58","date_gmt":"2022-01-13T10:59:58","guid":{"rendered":"https:\/\/kutluyayinevi.com\/magaza\/?post_type=product&#038;p=21151"},"modified":"2026-02-20T12:38:39","modified_gmt":"2026-02-20T09:38:39","slug":"kokenler-ve-gocler-isa-kalayci-gokhan-kalmis","status":"publish","type":"product","link":"https:\/\/kutluyayinevi.com\/magaza\/urun\/kokenler-ve-gocler-isa-kalayci-gokhan-kalmis\/","title":{"rendered":"K\u00f6kenler ve G\u00f6\u00e7ler &#8211; \u0130sa Kalayc\u0131, G\u00f6khan Kalm\u0131\u015f"},"content":{"rendered":"<p>XXI. y\u00fczy\u0131lda hem geli\u015fmi\u015f hem de geli\u015fmekte olan \u00fclkeler g\u00f6\u00e7lerin olumsuz etkilerinden kurtularak, g\u00f6\u00e7\u00fc bir avantaja \u00e7evirmenin hesaplar\u0131n\u0131 yapmaktad\u0131rlar. T\u00fcrkiye gibi geli\u015fmekte olan ve g\u00f6\u00e7 yollar\u0131n\u0131n kav\u015fa\u011f\u0131nda bulunan \u00fclkeler de g\u00f6\u00e7 konusuyla yak\u0131ndan ilgilenmekte ve meselenin y\u00f6netimine dair \u00e7aba harcamaktad\u0131rlar. \u201c\u00c7a\u011flar Boyu G\u00f6\u00e7 (Tarih-K\u00fclt\u00fcr-Medeniyet)\u201d isimli kitab\u0131n m\u00fctemmim c\u00fcz\u00fcn\u00fc olu\u015fturan bu eser; g\u00f6\u00e7 konusuna multidisipliner bir bak\u0131\u015fla yakla\u015farak meselenin etrafl\u0131ca incelenmesine ve anla\u015f\u0131lmas\u0131na imkan vermek suretiyle bilimsel bilgiye k\u00fcm\u00fclatif katk\u0131 sa\u011flamay\u0131 ama\u00e7lam\u0131\u015ft\u0131r.<\/p>\n","protected":false},"excerpt":{"rendered":"<p>XXI. y\u00fczy\u0131lda hem geli\u015fmi\u015f hem de geli\u015fmekte olan \u00fclkeler g\u00f6\u00e7lerin olumsuz etkilerinden kurtularak, g\u00f6\u00e7\u00fc bir avantaja \u00e7evirmenin hesaplar\u0131n\u0131 yapmaktad\u0131rlar. T\u00fcrkiye gibi geli\u015fmekte olan ve g\u00f6\u00e7 yollar\u0131n\u0131n kav\u015fa\u011f\u0131nda bulunan \u00fclkeler de g\u00f6\u00e7 konusuyla yak\u0131ndan ilgilenmekte ve meselenin y\u00f6netimine dair \u00e7aba harcamaktad\u0131rlar. \u201c\u00c7a\u011flar Boyu G\u00f6\u00e7 (Tarih-K\u00fclt\u00fcr-Medeniyet)\u201d isimli kitab\u0131n m\u00fctemmim c\u00fcz\u00fcn\u00fc olu\u015fturan bu eser; g\u00f6\u00e7 konusuna multidisipliner bir [&hellip;]<\/p>\n","protected":false},"featured_media":21152,"comment_status":"closed","ping_status":"closed","template":"","meta":[],"product_brand":[],"product_cat":[28],"product_tag":[],"class_list":{"0":"post-21151","1":"product","2":"type-product","3":"status-publish","4":"has-post-thumbnail","6":"product_cat-aratirma-inceleme","8":"first","9":"instock","10":"sale","11":"shipping-taxable","12":"purchasable","13":"product-type-simple"},"_links":{"self":[{"href":"https:\/\/kutluyayinevi.com\/magaza\/wp-json\/wp\/v2\/product\/21151","targetHints":{"allow":["GET"]}}],"collection":[{"href":"https:\/\/kutluyayinevi.com\/magaza\/wp-json\/wp\/v2\/product"}],"about":[{"href":"https:\/\/kutluyayinevi.com\/magaza\/wp-json\/wp\/v2\/types\/product"}],"replies":[{"embeddable":true,"href":"https:\/\/kutluyayinevi.com\/magaza\/wp-json\/wp\/v2\/comments?post=21151"}],"wp:featuredmedia":[{"embeddable":true,"href":"https:\/\/kutluyayinevi.com\/magaza\/wp-json\/wp\/v2\/media\/21152"}],"wp:attachment":[{"href":"https:\/\/kutluyayinevi.com\/magaza\/wp-json\/wp\/v2\/media?parent=21151"}],"wp:term":[{"taxonomy":"product_brand","embeddable":true,"href":"https:\/\/kutluyayinevi.com\/magaza\/wp-json\/wp\/v2\/product_brand?post=21151"},{"taxonomy":"product_cat","embeddable":true,"href":"https:\/\/kutluyayinevi.com\/magaza\/wp-json\/wp\/v2\/product_cat?post=21151"},{"taxonomy":"product_tag","embeddable":true,"href":"https:\/\/kutluyayinevi.com\/magaza\/wp-json\/wp\/v2\/product_tag?post=21151"}],"curies":[{"name":"wp","href":"https:\/\/api.w.org\/{rel}","templated":true}]}}