{"id":21157,"date":"2022-01-13T14:34:42","date_gmt":"2022-01-13T11:34:42","guid":{"rendered":"https:\/\/kutluyayinevi.com\/magaza\/?post_type=product&#038;p=21157"},"modified":"2026-02-20T09:35:09","modified_gmt":"2026-02-20T06:35:09","slug":"ev-sahibi-mustafa-emir-eldemir","status":"publish","type":"product","link":"https:\/\/kutluyayinevi.com\/magaza\/urun\/ev-sahibi-mustafa-emir-eldemir\/","title":{"rendered":"Ev Sahibi &#8211; Mustafa Emir Eldemir"},"content":{"rendered":"<p>Kar\u0131\u015flar akl\u0131m\u0131, ruhumu al\u0131r g\u00f6t\u00fcr\u00fcr benden<br \/>\nBu b\u00f6yle tan\u0131m\u0131 olmayan halimden<br \/>\nBu me\u00e7hul yan\u0131\u015f\u0131mdan bihaber y\u00fcre\u011fimden<br \/>\nO i\u00e7imi kavurup g\u00f6zlerimi elime veren ne\u015fe<br \/>\nO y\u00fcz\u00fcne bak\u0131p da y\u00fcz \u00e7evirdi\u011fim her \u015feye&#8230;<\/p>\n","protected":false},"excerpt":{"rendered":"<p>Kar\u0131\u015flar akl\u0131m\u0131, ruhumu al\u0131r g\u00f6t\u00fcr\u00fcr benden Bu b\u00f6yle tan\u0131m\u0131 olmayan halimden Bu me\u00e7hul yan\u0131\u015f\u0131mdan bihaber y\u00fcre\u011fimden O i\u00e7imi kavurup g\u00f6zlerimi elime veren ne\u015fe O y\u00fcz\u00fcne bak\u0131p da y\u00fcz \u00e7evirdi\u011fim her \u015feye&#8230;<\/p>\n","protected":false},"featured_media":21158,"comment_status":"closed","ping_status":"closed","template":"","meta":[],"product_brand":[],"product_cat":[22],"product_tag":[],"class_list":{"0":"post-21157","1":"product","2":"type-product","3":"status-publish","4":"has-post-thumbnail","6":"product_cat-siir","8":"first","9":"instock","10":"sale","11":"shipping-taxable","12":"purchasable","13":"product-type-simple"},"_links":{"self":[{"href":"https:\/\/kutluyayinevi.com\/magaza\/wp-json\/wp\/v2\/product\/21157","targetHints":{"allow":["GET"]}}],"collection":[{"href":"https:\/\/kutluyayinevi.com\/magaza\/wp-json\/wp\/v2\/product"}],"about":[{"href":"https:\/\/kutluyayinevi.com\/magaza\/wp-json\/wp\/v2\/types\/product"}],"replies":[{"embeddable":true,"href":"https:\/\/kutluyayinevi.com\/magaza\/wp-json\/wp\/v2\/comments?post=21157"}],"wp:featuredmedia":[{"embeddable":true,"href":"https:\/\/kutluyayinevi.com\/magaza\/wp-json\/wp\/v2\/media\/21158"}],"wp:attachment":[{"href":"https:\/\/kutluyayinevi.com\/magaza\/wp-json\/wp\/v2\/media?parent=21157"}],"wp:term":[{"taxonomy":"product_brand","embeddable":true,"href":"https:\/\/kutluyayinevi.com\/magaza\/wp-json\/wp\/v2\/product_brand?post=21157"},{"taxonomy":"product_cat","embeddable":true,"href":"https:\/\/kutluyayinevi.com\/magaza\/wp-json\/wp\/v2\/product_cat?post=21157"},{"taxonomy":"product_tag","embeddable":true,"href":"https:\/\/kutluyayinevi.com\/magaza\/wp-json\/wp\/v2\/product_tag?post=21157"}],"curies":[{"name":"wp","href":"https:\/\/api.w.org\/{rel}","templated":true}]}}