{"id":21168,"date":"2022-01-18T15:27:32","date_gmt":"2022-01-18T12:27:32","guid":{"rendered":"https:\/\/kutluyayinevi.com\/magaza\/?post_type=product&#038;p=21168"},"modified":"2026-02-19T17:29:23","modified_gmt":"2026-02-19T14:29:23","slug":"dusperisan-sedat-demir","status":"publish","type":"product","link":"https:\/\/kutluyayinevi.com\/magaza\/urun\/dusperisan-sedat-demir\/","title":{"rendered":"D\u00fc\u015fperi\u015fan &#8211; Sedat Demir"},"content":{"rendered":"","protected":false},"excerpt":{"rendered":"<p>\u2026 Anne bak<br \/>\n\u015eu u\u00e7an bir kelebek olmal\u0131<br \/>\n\u00d6mr\u00fc \u00f6mr\u00fcme e\u015fde\u011fer,<br \/>\nUzatsa \u015fimdi kanad\u0131n\u0131<br \/>\nKanad\u0131, kanad\u0131ma de\u011fer.<\/p>\n","protected":false},"featured_media":21169,"comment_status":"closed","ping_status":"closed","template":"","meta":[],"product_brand":[],"product_cat":[22],"product_tag":[],"class_list":{"0":"post-21168","1":"product","2":"type-product","3":"status-publish","4":"has-post-thumbnail","6":"product_cat-siir","8":"first","9":"instock","10":"sale","11":"shipping-taxable","12":"purchasable","13":"product-type-simple"},"_links":{"self":[{"href":"https:\/\/kutluyayinevi.com\/magaza\/wp-json\/wp\/v2\/product\/21168","targetHints":{"allow":["GET"]}}],"collection":[{"href":"https:\/\/kutluyayinevi.com\/magaza\/wp-json\/wp\/v2\/product"}],"about":[{"href":"https:\/\/kutluyayinevi.com\/magaza\/wp-json\/wp\/v2\/types\/product"}],"replies":[{"embeddable":true,"href":"https:\/\/kutluyayinevi.com\/magaza\/wp-json\/wp\/v2\/comments?post=21168"}],"wp:featuredmedia":[{"embeddable":true,"href":"https:\/\/kutluyayinevi.com\/magaza\/wp-json\/wp\/v2\/media\/21169"}],"wp:attachment":[{"href":"https:\/\/kutluyayinevi.com\/magaza\/wp-json\/wp\/v2\/media?parent=21168"}],"wp:term":[{"taxonomy":"product_brand","embeddable":true,"href":"https:\/\/kutluyayinevi.com\/magaza\/wp-json\/wp\/v2\/product_brand?post=21168"},{"taxonomy":"product_cat","embeddable":true,"href":"https:\/\/kutluyayinevi.com\/magaza\/wp-json\/wp\/v2\/product_cat?post=21168"},{"taxonomy":"product_tag","embeddable":true,"href":"https:\/\/kutluyayinevi.com\/magaza\/wp-json\/wp\/v2\/product_tag?post=21168"}],"curies":[{"name":"wp","href":"https:\/\/api.w.org\/{rel}","templated":true}]}}