{"id":21180,"date":"2022-01-28T11:37:58","date_gmt":"2022-01-28T08:37:58","guid":{"rendered":"https:\/\/kutluyayinevi.com\/magaza\/?post_type=product&#038;p=21180"},"modified":"2026-02-23T10:21:40","modified_gmt":"2026-02-23T07:21:40","slug":"temporomandibular-eklem-bozukluklarinin-cerrahi-olmayan-tedavi-secenekleri-hazal-irem-ciftci-alanur-ciftci-sisman-ahmet-huseyin-acar","status":"publish","type":"product","link":"https:\/\/kutluyayinevi.com\/magaza\/urun\/temporomandibular-eklem-bozukluklarinin-cerrahi-olmayan-tedavi-secenekleri-hazal-irem-ciftci-alanur-ciftci-sisman-ahmet-huseyin-acar\/","title":{"rendered":"Temporomandibular Eklem Bozukluklar\u0131n\u0131n Cerrahi Olmayan Tedavi Se\u00e7enekleri &#8211; Hazal \u0130rem \u00c7ift\u00e7i, Alanur \u00c7ift\u00e7i \u015ei\u015fman, Ahmet H\u00fcseyin Acar"},"content":{"rendered":"<p>TME bozukluklar\u0131 (TMB) ya\u015fam\u0131n herhangi bir d\u00f6neminde ortaya \u00e7\u0131kabilen, hastalar\u0131n genellikle a\u011fr\u0131, eklem sesleri ve \u00e7ene hareketlerinde k\u0131s\u0131tlanma \u015fikayetleri ile hekimlere ba\u015fvurdu\u011fu eklem hastal\u0131klar\u0131d\u0131r. TMB tedavisinde beslenme \u015feklinin d\u00fczenlenmesini ve parafonksiyonel al\u0131\u015fkanl\u0131klar\u0131n engellenmesini kapsayan hasta davran\u0131\u015f e\u011fitimi, farmakoterapi, protetik rehabilitasyon ve okluzal splintler, fizik tedavi gibi konservatif yakla\u015f\u0131mlardan artrosentez ve a\u00e7\u0131k eklem cerrahisine kadar uzanan protokoller mevcuttur. T\u00fcm bu se\u00e7enekler i\u00e7inde tedavi amac\u0131yla ilk yakla\u015f\u0131m genellikle kolay uygulanabilir, tekrarlanabilir ve geri d\u00f6n\u00fc\u015f\u00fcml\u00fc olmalar\u0131n\u0131n yan\u0131 s\u0131ra yan etkilerinin az olmas\u0131 nedeniyle cerrahi olmayan tedavilerdir. Bu kitapta, TMB\u2019nin cerrahi olmayan tedavi yakla\u015f\u0131mlar\u0131 detayl\u0131ca ele al\u0131narak bilin\u00e7li bir \u015fekilde nas\u0131l uygulanacaklar\u0131 a\u00e7\u0131klanm\u0131\u015ft\u0131r.<\/p>\n","protected":false},"excerpt":{"rendered":"<p>TME bozukluklar\u0131 (TMB) ya\u015fam\u0131n herhangi bir d\u00f6neminde ortaya \u00e7\u0131kabilen, hastalar\u0131n genellikle a\u011fr\u0131, eklem sesleri ve \u00e7ene hareketlerinde k\u0131s\u0131tlanma \u015fikayetleri ile hekimlere ba\u015fvurdu\u011fu eklem hastal\u0131klar\u0131d\u0131r. TMB tedavisinde beslenme \u015feklinin d\u00fczenlenmesini ve parafonksiyonel al\u0131\u015fkanl\u0131klar\u0131n engellenmesini kapsayan hasta davran\u0131\u015f e\u011fitimi, farmakoterapi, protetik rehabilitasyon ve okluzal splintler, fizik tedavi gibi konservatif yakla\u015f\u0131mlardan artrosentez ve a\u00e7\u0131k eklem cerrahisine kadar uzanan [&hellip;]<\/p>\n","protected":false},"featured_media":21181,"comment_status":"closed","ping_status":"closed","template":"","meta":[],"product_brand":[],"product_cat":[106],"product_tag":[],"class_list":{"0":"post-21180","1":"product","2":"type-product","3":"status-publish","4":"has-post-thumbnail","6":"product_cat-akademik","8":"first","9":"instock","10":"sale","11":"shipping-taxable","12":"purchasable","13":"product-type-simple"},"_links":{"self":[{"href":"https:\/\/kutluyayinevi.com\/magaza\/wp-json\/wp\/v2\/product\/21180","targetHints":{"allow":["GET"]}}],"collection":[{"href":"https:\/\/kutluyayinevi.com\/magaza\/wp-json\/wp\/v2\/product"}],"about":[{"href":"https:\/\/kutluyayinevi.com\/magaza\/wp-json\/wp\/v2\/types\/product"}],"replies":[{"embeddable":true,"href":"https:\/\/kutluyayinevi.com\/magaza\/wp-json\/wp\/v2\/comments?post=21180"}],"wp:featuredmedia":[{"embeddable":true,"href":"https:\/\/kutluyayinevi.com\/magaza\/wp-json\/wp\/v2\/media\/21181"}],"wp:attachment":[{"href":"https:\/\/kutluyayinevi.com\/magaza\/wp-json\/wp\/v2\/media?parent=21180"}],"wp:term":[{"taxonomy":"product_brand","embeddable":true,"href":"https:\/\/kutluyayinevi.com\/magaza\/wp-json\/wp\/v2\/product_brand?post=21180"},{"taxonomy":"product_cat","embeddable":true,"href":"https:\/\/kutluyayinevi.com\/magaza\/wp-json\/wp\/v2\/product_cat?post=21180"},{"taxonomy":"product_tag","embeddable":true,"href":"https:\/\/kutluyayinevi.com\/magaza\/wp-json\/wp\/v2\/product_tag?post=21180"}],"curies":[{"name":"wp","href":"https:\/\/api.w.org\/{rel}","templated":true}]}}