{"id":21217,"date":"2022-02-22T10:53:10","date_gmt":"2022-02-22T07:53:10","guid":{"rendered":"https:\/\/kutluyayinevi.com\/magaza\/?post_type=product&#038;p=21217"},"modified":"2026-02-20T16:53:11","modified_gmt":"2026-02-20T13:53:11","slug":"ozleyis-osman-bedreddin-tamay","status":"publish","type":"product","link":"https:\/\/kutluyayinevi.com\/magaza\/urun\/ozleyis-osman-bedreddin-tamay\/","title":{"rendered":"\u00d6zleyi\u015f &#8211; Osman Bedreddin Tamay"},"content":{"rendered":"<p>Ey nesli paki ho\u015f makam, ey r\u00fctbe\u2019i fadl\u0131 tamam.<br \/>\nG\u00f6nl\u00fcmde sal\u0131n her zaman, her an olan hayran\u2019\u00fc mest&#8230;<\/p>\n<p>Ey matlubi mabudi ho\u015f, ey mahbubi maksudi ho\u015f,<br \/>\nZordur seni yekten bulu\u015f, ben bulmu\u015fam seyran\u00fc mest&#8230;<\/p>\n<p>Ey g\u00fclistan\u0131n ho\u015f g\u00fcl\u00fc, ey Rabb\u0131m\u0131n Arap g\u00fcl\u00fc!<br \/>\nSensin g\u00f6n\u00fcller s\u00fcmb\u00fcl\u00fc, koklayan olur can\u00fc mest&#8230;<\/p>\n<p>Ey cana can sahip zaman, g\u00f6nl\u00fcmde dur gitme heman,<br \/>\nOl benimle sen her zaman olsun bu can, can i\u00e7re mest\u2026<\/p>\n<p>Ey a\u015fk ile desta giden, a\u015f\u0131klar\u0131 p\u00fcr co\u015f eden,<br \/>\nVerdin haber led\u00fcnniden, Bedri olur her an\u00fc mest&#8230;<\/p>\n<p>Osman Bedrettin Tamay<br \/>\n01\/04\/1946<\/p>\n","protected":false},"excerpt":{"rendered":"<p>Ey nesli paki ho\u015f makam, ey r\u00fctbe\u2019i fadl\u0131 tamam. G\u00f6nl\u00fcmde sal\u0131n her zaman, her an olan hayran\u2019\u00fc mest&#8230; Ey matlubi mabudi ho\u015f, ey mahbubi maksudi ho\u015f, Zordur seni yekten bulu\u015f, ben bulmu\u015fam seyran\u00fc mest&#8230; Ey g\u00fclistan\u0131n ho\u015f g\u00fcl\u00fc, ey Rabb\u0131m\u0131n Arap g\u00fcl\u00fc! Sensin g\u00f6n\u00fcller s\u00fcmb\u00fcl\u00fc, koklayan olur can\u00fc mest&#8230; Ey cana can sahip zaman, g\u00f6nl\u00fcmde [&hellip;]<\/p>\n","protected":false},"featured_media":21218,"comment_status":"closed","ping_status":"closed","template":"","meta":[],"product_brand":[],"product_cat":[22],"product_tag":[],"class_list":{"0":"post-21217","1":"product","2":"type-product","3":"status-publish","4":"has-post-thumbnail","6":"product_cat-siir","8":"first","9":"instock","10":"sale","11":"shipping-taxable","12":"purchasable","13":"product-type-simple"},"_links":{"self":[{"href":"https:\/\/kutluyayinevi.com\/magaza\/wp-json\/wp\/v2\/product\/21217","targetHints":{"allow":["GET"]}}],"collection":[{"href":"https:\/\/kutluyayinevi.com\/magaza\/wp-json\/wp\/v2\/product"}],"about":[{"href":"https:\/\/kutluyayinevi.com\/magaza\/wp-json\/wp\/v2\/types\/product"}],"replies":[{"embeddable":true,"href":"https:\/\/kutluyayinevi.com\/magaza\/wp-json\/wp\/v2\/comments?post=21217"}],"wp:featuredmedia":[{"embeddable":true,"href":"https:\/\/kutluyayinevi.com\/magaza\/wp-json\/wp\/v2\/media\/21218"}],"wp:attachment":[{"href":"https:\/\/kutluyayinevi.com\/magaza\/wp-json\/wp\/v2\/media?parent=21217"}],"wp:term":[{"taxonomy":"product_brand","embeddable":true,"href":"https:\/\/kutluyayinevi.com\/magaza\/wp-json\/wp\/v2\/product_brand?post=21217"},{"taxonomy":"product_cat","embeddable":true,"href":"https:\/\/kutluyayinevi.com\/magaza\/wp-json\/wp\/v2\/product_cat?post=21217"},{"taxonomy":"product_tag","embeddable":true,"href":"https:\/\/kutluyayinevi.com\/magaza\/wp-json\/wp\/v2\/product_tag?post=21217"}],"curies":[{"name":"wp","href":"https:\/\/api.w.org\/{rel}","templated":true}]}}