{"id":21219,"date":"2022-02-22T11:28:03","date_gmt":"2022-02-22T08:28:03","guid":{"rendered":"https:\/\/kutluyayinevi.com\/magaza\/?post_type=product&#038;p=21219"},"modified":"2026-02-23T10:58:30","modified_gmt":"2026-02-23T07:58:30","slug":"ustan-gonule-gokbey-uluc","status":"publish","type":"product","link":"https:\/\/kutluyayinevi.com\/magaza\/urun\/ustan-gonule-gokbey-uluc\/","title":{"rendered":"Ustan G\u00f6n\u00fcle &#8211; G\u00f6kbey Ulu\u00e7"},"content":{"rendered":"<p>Bay\u00fclgen&#8217;i\u00f1 kendisine v\u00e9rdi\u011fi \u00fcst\u00fcn g\u00fc\u00e7lerle s\u0131ra d\u0131\u015f\u0131 bir evreni\u00f1 i\u00e7inde y\u00e9r alan G\u00f6\u00f1\u00fcl, kendisine \u00e9\u015flik \u00e9den Yargan, K\u0131z\u0131lc\u0131k ve Y\u00e9lb\u00fcke ile bir yolculu\u011fa \u00e7\u0131kar. T\u00fcrk s\u00f6ylencesini\u00f1 konu \u00e9dildi\u011fi bu uzun\u00f6yk\u00fcde kendilerini bir sava\u015f\u0131\u00f1 ortas\u0131nda bulan kahramanlar\u0131m\u0131za beklenmedik biri konuk olur: Us.<\/p>\n","protected":false},"excerpt":{"rendered":"<p>Bay\u00fclgen&#8217;i\u00f1 kendisine v\u00e9rdi\u011fi \u00fcst\u00fcn g\u00fc\u00e7lerle s\u0131ra d\u0131\u015f\u0131 bir evreni\u00f1 i\u00e7inde y\u00e9r alan G\u00f6\u00f1\u00fcl, kendisine \u00e9\u015flik \u00e9den Yargan, K\u0131z\u0131lc\u0131k ve Y\u00e9lb\u00fcke ile bir yolculu\u011fa \u00e7\u0131kar. T\u00fcrk s\u00f6ylencesini\u00f1 konu \u00e9dildi\u011fi bu uzun\u00f6yk\u00fcde kendilerini bir sava\u015f\u0131\u00f1 ortas\u0131nda bulan kahramanlar\u0131m\u0131za beklenmedik biri konuk olur: Us.<\/p>\n","protected":false},"featured_media":21220,"comment_status":"closed","ping_status":"closed","template":"","meta":[],"product_brand":[],"product_cat":[24],"product_tag":[],"class_list":{"0":"post-21219","1":"product","2":"type-product","3":"status-publish","4":"has-post-thumbnail","6":"product_cat-roman","8":"first","9":"instock","10":"sale","11":"shipping-taxable","12":"purchasable","13":"product-type-simple"},"_links":{"self":[{"href":"https:\/\/kutluyayinevi.com\/magaza\/wp-json\/wp\/v2\/product\/21219","targetHints":{"allow":["GET"]}}],"collection":[{"href":"https:\/\/kutluyayinevi.com\/magaza\/wp-json\/wp\/v2\/product"}],"about":[{"href":"https:\/\/kutluyayinevi.com\/magaza\/wp-json\/wp\/v2\/types\/product"}],"replies":[{"embeddable":true,"href":"https:\/\/kutluyayinevi.com\/magaza\/wp-json\/wp\/v2\/comments?post=21219"}],"wp:featuredmedia":[{"embeddable":true,"href":"https:\/\/kutluyayinevi.com\/magaza\/wp-json\/wp\/v2\/media\/21220"}],"wp:attachment":[{"href":"https:\/\/kutluyayinevi.com\/magaza\/wp-json\/wp\/v2\/media?parent=21219"}],"wp:term":[{"taxonomy":"product_brand","embeddable":true,"href":"https:\/\/kutluyayinevi.com\/magaza\/wp-json\/wp\/v2\/product_brand?post=21219"},{"taxonomy":"product_cat","embeddable":true,"href":"https:\/\/kutluyayinevi.com\/magaza\/wp-json\/wp\/v2\/product_cat?post=21219"},{"taxonomy":"product_tag","embeddable":true,"href":"https:\/\/kutluyayinevi.com\/magaza\/wp-json\/wp\/v2\/product_tag?post=21219"}],"curies":[{"name":"wp","href":"https:\/\/api.w.org\/{rel}","templated":true}]}}