{"id":21252,"date":"2022-03-18T17:20:51","date_gmt":"2022-03-18T14:20:51","guid":{"rendered":"https:\/\/kutluyayinevi.com\/magaza\/?post_type=product&#038;p=21252"},"modified":"2026-02-19T12:48:37","modified_gmt":"2026-02-19T09:48:37","slug":"anahtar-once-insanlik-kilavuzunu-okumak-ve-kendini-gulnaz-calikoglu","status":"publish","type":"product","link":"https:\/\/kutluyayinevi.com\/magaza\/urun\/anahtar-once-insanlik-kilavuzunu-okumak-ve-kendini-gulnaz-calikoglu\/","title":{"rendered":"Anahtar \u00d6nce \u0130nsanl\u0131k K\u0131lavuzunu Okumak ve Kendini &#8211; G\u00fclnaz \u00c7al\u0131ko\u011flu"},"content":{"rendered":"<p>De\u011ferli bir \u00fcr\u00fcn al\u0131nca ilk yapt\u0131\u011f\u0131m\u0131z \u015fey ne oluyor? Tabi ki kullanma k\u0131lavuzunu incelemek ve bozulmamas\u0131 i\u00e7in kullan\u0131lmas\u0131 gerekti\u011fi gibi kullanmak. \u00c7\u00fcnk\u00fc pahal\u0131 ve de\u011ferli.<\/p>\n<p>Ald\u0131\u011f\u0131m\u0131z \u00fcr\u00fcne g\u00f6sterdi\u011fimiz hassasiyeti peki neden bir insana ve kendimize g\u00f6stermiyoruz? \u0130nsan de\u011ferli de\u011fil mi yoksa?<\/p>\n<p>Yazm\u0131\u015f oldu\u011fum kitab\u0131mda sizlere bilin\u00e7li bir ya\u015fam i\u00e7in, gereken t\u00fcm temel bilgileri sundum. Kitapta yer verdi\u011fim bilgiler, bug\u00fcne kadar y\u0131llard\u0131r yapt\u0131\u011f\u0131m \u00e7al\u0131\u015fmalar\u0131mda bir\u00e7ok insana yard\u0131mc\u0131 oldu. Siz okuyucular\u0131ma da faydal\u0131 olaca\u011f\u0131na inan\u0131yorum&#8230;<\/p>\n<p>Ka\u00e7 ya\u015f\u0131nda olursak olal\u0131m, ba\u015f\u0131m\u0131zdan ne ge\u00e7mi\u015f olursa olsun, tamamen yenilenmek m\u00fcmk\u00fcn ve yeniden ba\u015flamak i\u00e7in hi\u00e7bir zaman ge\u00e7 de\u011fildir. Tek bir g\u00fcn bile \u00f6nceki g\u00fcn\u00fcn tekrar\u0131ysa, o zaman yaz\u0131k&#8230;<\/p>\n<p>Hayat\u0131n\u0131 de\u011fi\u015ftirmeye ve kendini d\u00f6n\u00fc\u015ft\u00fcrmeye haz\u0131r m\u0131s\u0131n?<\/p>\n<p>Kendimizi tan\u0131y\u0131p, bilin\u00e7li ya\u015famak kendi elimizde&#8230;<\/p>\n<p>Unutma, herkes kendine yak\u0131\u015fan\u0131 yapar.<br \/>\nL\u00fctfen sen de yap.<br \/>\n\u0130lk \u00f6nce &#8220;OKU&#8221;.<\/p>\n","protected":false},"excerpt":{"rendered":"<p>De\u011ferli bir \u00fcr\u00fcn al\u0131nca ilk yapt\u0131\u011f\u0131m\u0131z \u015fey ne oluyor? Tabi ki kullanma k\u0131lavuzunu incelemek ve bozulmamas\u0131 i\u00e7in kullan\u0131lmas\u0131 gerekti\u011fi gibi kullanmak. \u00c7\u00fcnk\u00fc pahal\u0131 ve de\u011ferli. Ald\u0131\u011f\u0131m\u0131z \u00fcr\u00fcne g\u00f6sterdi\u011fimiz hassasiyeti peki neden bir insana ve kendimize g\u00f6stermiyoruz? \u0130nsan de\u011ferli de\u011fil mi yoksa? Yazm\u0131\u015f oldu\u011fum kitab\u0131mda sizlere bilin\u00e7li bir ya\u015fam i\u00e7in, gereken t\u00fcm temel bilgileri sundum. Kitapta [&hellip;]<\/p>\n","protected":false},"featured_media":21253,"comment_status":"closed","ping_status":"closed","template":"","meta":[],"product_brand":[],"product_cat":[32],"product_tag":[],"class_list":{"0":"post-21252","1":"product","2":"type-product","3":"status-publish","4":"has-post-thumbnail","6":"product_cat-kisisel-gelisim","8":"first","9":"instock","10":"sale","11":"shipping-taxable","12":"purchasable","13":"product-type-simple"},"_links":{"self":[{"href":"https:\/\/kutluyayinevi.com\/magaza\/wp-json\/wp\/v2\/product\/21252","targetHints":{"allow":["GET"]}}],"collection":[{"href":"https:\/\/kutluyayinevi.com\/magaza\/wp-json\/wp\/v2\/product"}],"about":[{"href":"https:\/\/kutluyayinevi.com\/magaza\/wp-json\/wp\/v2\/types\/product"}],"replies":[{"embeddable":true,"href":"https:\/\/kutluyayinevi.com\/magaza\/wp-json\/wp\/v2\/comments?post=21252"}],"wp:featuredmedia":[{"embeddable":true,"href":"https:\/\/kutluyayinevi.com\/magaza\/wp-json\/wp\/v2\/media\/21253"}],"wp:attachment":[{"href":"https:\/\/kutluyayinevi.com\/magaza\/wp-json\/wp\/v2\/media?parent=21252"}],"wp:term":[{"taxonomy":"product_brand","embeddable":true,"href":"https:\/\/kutluyayinevi.com\/magaza\/wp-json\/wp\/v2\/product_brand?post=21252"},{"taxonomy":"product_cat","embeddable":true,"href":"https:\/\/kutluyayinevi.com\/magaza\/wp-json\/wp\/v2\/product_cat?post=21252"},{"taxonomy":"product_tag","embeddable":true,"href":"https:\/\/kutluyayinevi.com\/magaza\/wp-json\/wp\/v2\/product_tag?post=21252"}],"curies":[{"name":"wp","href":"https:\/\/api.w.org\/{rel}","templated":true}]}}