{"id":21254,"date":"2022-03-18T17:27:44","date_gmt":"2022-03-18T14:27:44","guid":{"rendered":"https:\/\/kutluyayinevi.com\/magaza\/?post_type=product&#038;p=21254"},"modified":"2026-02-23T11:02:48","modified_gmt":"2026-02-23T08:02:48","slug":"vazgectim-sabahattin-cevheri","status":"publish","type":"product","link":"https:\/\/kutluyayinevi.com\/magaza\/urun\/vazgectim-sabahattin-cevheri\/","title":{"rendered":"Vazge\u00e7tim &#8211; Sabahattin Cevheri"},"content":{"rendered":"<p>\u00c7ok d\u00fc\u015f\u00fcn\u00fcp \u00e7ok az kararlar ald\u0131m.<br \/>\n\u00c7ok az pi\u015fman oldum, \u00e7ok fazla kaybettim.<br \/>\n\u201cNeyi ne kadar anlatmam gerekti\u011fini asla d\u00fc\u015f\u00fcnmedim.<br \/>\nKaybettiysem de ben kaybettim.<br \/>\nBu sadece beni ilgilendirir.\u201d<\/p>\n","protected":false},"excerpt":{"rendered":"<p>\u00c7ok d\u00fc\u015f\u00fcn\u00fcp \u00e7ok az kararlar ald\u0131m. \u00c7ok az pi\u015fman oldum, \u00e7ok fazla kaybettim. \u201cNeyi ne kadar anlatmam gerekti\u011fini asla d\u00fc\u015f\u00fcnmedim. Kaybettiysem de ben kaybettim. Bu sadece beni ilgilendirir.\u201d<\/p>\n","protected":false},"featured_media":21255,"comment_status":"closed","ping_status":"closed","template":"","meta":[],"product_brand":[],"product_cat":[76],"product_tag":[],"class_list":{"0":"post-21254","1":"product","2":"type-product","3":"status-publish","4":"has-post-thumbnail","6":"product_cat-ozlu-sozler","8":"first","9":"instock","10":"sale","11":"shipping-taxable","12":"purchasable","13":"product-type-simple"},"_links":{"self":[{"href":"https:\/\/kutluyayinevi.com\/magaza\/wp-json\/wp\/v2\/product\/21254","targetHints":{"allow":["GET"]}}],"collection":[{"href":"https:\/\/kutluyayinevi.com\/magaza\/wp-json\/wp\/v2\/product"}],"about":[{"href":"https:\/\/kutluyayinevi.com\/magaza\/wp-json\/wp\/v2\/types\/product"}],"replies":[{"embeddable":true,"href":"https:\/\/kutluyayinevi.com\/magaza\/wp-json\/wp\/v2\/comments?post=21254"}],"wp:featuredmedia":[{"embeddable":true,"href":"https:\/\/kutluyayinevi.com\/magaza\/wp-json\/wp\/v2\/media\/21255"}],"wp:attachment":[{"href":"https:\/\/kutluyayinevi.com\/magaza\/wp-json\/wp\/v2\/media?parent=21254"}],"wp:term":[{"taxonomy":"product_brand","embeddable":true,"href":"https:\/\/kutluyayinevi.com\/magaza\/wp-json\/wp\/v2\/product_brand?post=21254"},{"taxonomy":"product_cat","embeddable":true,"href":"https:\/\/kutluyayinevi.com\/magaza\/wp-json\/wp\/v2\/product_cat?post=21254"},{"taxonomy":"product_tag","embeddable":true,"href":"https:\/\/kutluyayinevi.com\/magaza\/wp-json\/wp\/v2\/product_tag?post=21254"}],"curies":[{"name":"wp","href":"https:\/\/api.w.org\/{rel}","templated":true}]}}