{"id":21262,"date":"2022-03-18T17:43:35","date_gmt":"2022-03-18T14:43:35","guid":{"rendered":"https:\/\/kutluyayinevi.com\/magaza\/?post_type=product&#038;p=21262"},"modified":"2026-02-19T12:43:33","modified_gmt":"2026-02-19T09:43:33","slug":"alarga-busra-oksuz","status":"publish","type":"product","link":"https:\/\/kutluyayinevi.com\/magaza\/urun\/alarga-busra-oksuz\/","title":{"rendered":"Alarga &#8211; B\u00fc\u015fra \u00d6ks\u00fcz"},"content":{"rendered":"<p>-Nas\u0131l ya\u015famal\u0131 hayat\u0131? A\u015f\u0131k olmadan yaln\u0131z m\u0131 kalmal\u0131 yoksa a\u015f\u0131k olup yanmal\u0131 m\u0131?<br \/>\n-Ne a\u015f\u0131k olmal\u0131 ne ma\u015fuk. A\u015fk olmal\u0131 insan&#8230;<br \/>\n-O nas\u0131l oluyor?<br \/>\n-Bir \u00f6l\u00fcy\u00fc sevebiliyorsan a\u015fk oluyorsun. Ger\u00e7ekten ruhuna a\u015f\u0131k olmu\u015fsundur \u00e7\u00fcnk\u00fc. Bedeni \u00e7\u00fcr\u00fcse de seversin g\u00fcl\u00fc\u015flerini. Kokusundan bir \u015fey eksilmez senin i\u00e7in.<br \/>\n-A\u015fk olmak istemiyorum o zaman ben.<br \/>\n-Neden?<br \/>\n-Ben seni kaybetmekten \u00e7ok korkuyorum Dora!<\/p>\n<p>Sevginin kalplerde filiz verip \u00e7i\u00e7ek a\u00e7t\u0131\u011f\u0131 g\u00fcn insanlar yery\u00fcz\u00fcn\u00fcn b\u00fct\u00fcn renkleriyle kucakla\u015f\u0131p s\u0131n\u0131rlar\u0131 ortadan kald\u0131racaklar.<\/p>\n","protected":false},"excerpt":{"rendered":"<p>-Nas\u0131l ya\u015famal\u0131 hayat\u0131? A\u015f\u0131k olmadan yaln\u0131z m\u0131 kalmal\u0131 yoksa a\u015f\u0131k olup yanmal\u0131 m\u0131? -Ne a\u015f\u0131k olmal\u0131 ne ma\u015fuk. A\u015fk olmal\u0131 insan&#8230; -O nas\u0131l oluyor? -Bir \u00f6l\u00fcy\u00fc sevebiliyorsan a\u015fk oluyorsun. Ger\u00e7ekten ruhuna a\u015f\u0131k olmu\u015fsundur \u00e7\u00fcnk\u00fc. Bedeni \u00e7\u00fcr\u00fcse de seversin g\u00fcl\u00fc\u015flerini. Kokusundan bir \u015fey eksilmez senin i\u00e7in. -A\u015fk olmak istemiyorum o zaman ben. -Neden? -Ben seni kaybetmekten [&hellip;]<\/p>\n","protected":false},"featured_media":21263,"comment_status":"closed","ping_status":"closed","template":"","meta":[],"product_brand":[],"product_cat":[24],"product_tag":[],"class_list":{"0":"post-21262","1":"product","2":"type-product","3":"status-publish","4":"has-post-thumbnail","6":"product_cat-roman","8":"first","9":"instock","10":"sale","11":"shipping-taxable","12":"purchasable","13":"product-type-simple"},"_links":{"self":[{"href":"https:\/\/kutluyayinevi.com\/magaza\/wp-json\/wp\/v2\/product\/21262","targetHints":{"allow":["GET"]}}],"collection":[{"href":"https:\/\/kutluyayinevi.com\/magaza\/wp-json\/wp\/v2\/product"}],"about":[{"href":"https:\/\/kutluyayinevi.com\/magaza\/wp-json\/wp\/v2\/types\/product"}],"replies":[{"embeddable":true,"href":"https:\/\/kutluyayinevi.com\/magaza\/wp-json\/wp\/v2\/comments?post=21262"}],"wp:featuredmedia":[{"embeddable":true,"href":"https:\/\/kutluyayinevi.com\/magaza\/wp-json\/wp\/v2\/media\/21263"}],"wp:attachment":[{"href":"https:\/\/kutluyayinevi.com\/magaza\/wp-json\/wp\/v2\/media?parent=21262"}],"wp:term":[{"taxonomy":"product_brand","embeddable":true,"href":"https:\/\/kutluyayinevi.com\/magaza\/wp-json\/wp\/v2\/product_brand?post=21262"},{"taxonomy":"product_cat","embeddable":true,"href":"https:\/\/kutluyayinevi.com\/magaza\/wp-json\/wp\/v2\/product_cat?post=21262"},{"taxonomy":"product_tag","embeddable":true,"href":"https:\/\/kutluyayinevi.com\/magaza\/wp-json\/wp\/v2\/product_tag?post=21262"}],"curies":[{"name":"wp","href":"https:\/\/api.w.org\/{rel}","templated":true}]}}