{"id":21296,"date":"2022-04-11T09:41:20","date_gmt":"2022-04-11T06:41:20","guid":{"rendered":"https:\/\/kutluyayinevi.com\/magaza\/?post_type=product&#038;p=21296"},"modified":"2026-02-19T12:45:52","modified_gmt":"2026-02-19T09:45:52","slug":"altin-bozkirlar-nadir-dogan","status":"publish","type":"product","link":"https:\/\/kutluyayinevi.com\/magaza\/urun\/altin-bozkirlar-nadir-dogan\/","title":{"rendered":"Alt\u0131n Bozk\u0131rlar &#8211; Nadir Do\u011fan"},"content":{"rendered":"<p>Atasagun&#8217;un \u00f6l\u00fcm haberini ald\u0131klar\u0131 955 y\u0131l\u0131n\u0131n k\u0131\u015f aylar\u0131nda, Agarta&#8217;dan Atil&#8217;e beklenmedik bir misafir geldi. 12 Mag&#8217;dan birisi olan Bay \u0130talgu, gizli ge\u00e7itleri kullanarak Hazar \u00fclkesine ula\u015fmay\u0131 ba\u015fard\u0131 ve Asena Yusuf Ka\u011fan&#8217;a yakla\u015fan k\u00f6t\u00fc haberi verdi: Kuzey topraklar\u0131nda h\u00fck\u00fcm s\u00fcren Hazar Ka\u011fanl\u0131\u011f\u0131n\u0131n devri, ne yaz\u0131k ki art\u0131k sona erecekti&#8230;<\/p>\n<p>-Hazar Ka\u011fan\u0131 Asena Yusuf ile Bet \u015eeba&#8217;n\u0131n b\u00fcy\u00fck a\u015fk\u0131,<br \/>\n-Yeralt\u0131 kenti Agarta&#8217;da ya\u015fayan Maglar,<br \/>\n-Hz. Muhammed&#8217;in (sav.) kendi n\u00fcb\u00fcvveti ve T\u00fcrklerle ilgili g\u00f6rd\u00fc\u011f\u00fc r\u00fcya,<br \/>\n-\u00dcnl\u00fc alim El-Mesudi ve Bizans Kral\u0131 VII. Konstantinos Porphyrogenitus,<br \/>\n-Fustat \u015fehri, Ben Ezra Sinagogu ve Geniza mektubu,<br \/>\n-Sel\u00e7uk Bey&#8217;in O\u011fuz Yabgu Devleti&#8217;nden ayr\u0131l\u0131\u015f\u0131 ve B\u00f6r\u00fc Kam&#8217;\u0131n kurtlar\u0131,<br \/>\n-K\u00fcre Han ve batakl\u0131klardan \u00e7\u0131kan korkun\u00e7 ejderha Svyatoslav,<br \/>\n-Hazar Ka\u011fan\u0131&#8217;n\u0131n Don k\u0131y\u0131s\u0131nda Rus Ka\u011fan\u0131&#8217;yla yapt\u0131\u011f\u0131 sava\u015f,<br \/>\n-Hasday ben \u015eaprut&#8217;a g\u00f6nderilen Hazar mektubu,<br \/>\n-Toledo&#8217;ya yap\u0131lan son yolculuk ve alt\u0131n kapl\u0131 kafatas\u0131&#8230;<\/p>\n<p>Bunlar\u0131n hepsi, edebi bir lezzet ve sinematografik bir g\u00f6rsellik i\u00e7inde Alt\u0131n Bozk\u0131rlar&#8217;da bir araya gelerek, merakl\u0131 okurlar\u0131yla bulu\u015fmay\u0131 bekliyor.<\/p>\n<p>Ger\u00e7ek bilgiyle tan\u0131\u015fmaya ve keyifli bir okuma \u015f\u00f6lenine kat\u0131lmaya haz\u0131r m\u0131s\u0131n\u0131z?<\/p>\n","protected":false},"excerpt":{"rendered":"<p>Atasagun&#8217;un \u00f6l\u00fcm haberini ald\u0131klar\u0131 955 y\u0131l\u0131n\u0131n k\u0131\u015f aylar\u0131nda, Agarta&#8217;dan Atil&#8217;e beklenmedik bir misafir geldi. 12 Mag&#8217;dan birisi olan Bay \u0130talgu, gizli ge\u00e7itleri kullanarak Hazar \u00fclkesine ula\u015fmay\u0131 ba\u015fard\u0131 ve Asena Yusuf Ka\u011fan&#8217;a yakla\u015fan k\u00f6t\u00fc haberi verdi: Kuzey topraklar\u0131nda h\u00fck\u00fcm s\u00fcren Hazar Ka\u011fanl\u0131\u011f\u0131n\u0131n devri, ne yaz\u0131k ki art\u0131k sona erecekti&#8230; -Hazar Ka\u011fan\u0131 Asena Yusuf ile Bet \u015eeba&#8217;n\u0131n [&hellip;]<\/p>\n","protected":false},"featured_media":21297,"comment_status":"closed","ping_status":"closed","template":"","meta":[],"product_brand":[],"product_cat":[24],"product_tag":[],"class_list":{"0":"post-21296","1":"product","2":"type-product","3":"status-publish","4":"has-post-thumbnail","6":"product_cat-roman","8":"first","9":"instock","10":"sale","11":"shipping-taxable","12":"purchasable","13":"product-type-simple"},"_links":{"self":[{"href":"https:\/\/kutluyayinevi.com\/magaza\/wp-json\/wp\/v2\/product\/21296","targetHints":{"allow":["GET"]}}],"collection":[{"href":"https:\/\/kutluyayinevi.com\/magaza\/wp-json\/wp\/v2\/product"}],"about":[{"href":"https:\/\/kutluyayinevi.com\/magaza\/wp-json\/wp\/v2\/types\/product"}],"replies":[{"embeddable":true,"href":"https:\/\/kutluyayinevi.com\/magaza\/wp-json\/wp\/v2\/comments?post=21296"}],"wp:featuredmedia":[{"embeddable":true,"href":"https:\/\/kutluyayinevi.com\/magaza\/wp-json\/wp\/v2\/media\/21297"}],"wp:attachment":[{"href":"https:\/\/kutluyayinevi.com\/magaza\/wp-json\/wp\/v2\/media?parent=21296"}],"wp:term":[{"taxonomy":"product_brand","embeddable":true,"href":"https:\/\/kutluyayinevi.com\/magaza\/wp-json\/wp\/v2\/product_brand?post=21296"},{"taxonomy":"product_cat","embeddable":true,"href":"https:\/\/kutluyayinevi.com\/magaza\/wp-json\/wp\/v2\/product_cat?post=21296"},{"taxonomy":"product_tag","embeddable":true,"href":"https:\/\/kutluyayinevi.com\/magaza\/wp-json\/wp\/v2\/product_tag?post=21296"}],"curies":[{"name":"wp","href":"https:\/\/api.w.org\/{rel}","templated":true}]}}