{"id":21298,"date":"2022-04-11T09:47:09","date_gmt":"2022-04-11T06:47:09","guid":{"rendered":"https:\/\/kutluyayinevi.com\/magaza\/?post_type=product&#038;p=21298"},"modified":"2026-02-19T15:48:23","modified_gmt":"2026-02-19T12:48:23","slug":"curtus-lupus-kurdun-olumu-nadir-dogan","status":"publish","type":"product","link":"https:\/\/kutluyayinevi.com\/magaza\/urun\/curtus-lupus-kurdun-olumu-nadir-dogan\/","title":{"rendered":"Curtus Lupus &#8211; Kurdun \u00d6l\u00fcm\u00fc &#8211; Nadir Do\u011fan"},"content":{"rendered":"<p>Turya (Troya) Sava\u015f\u0131\u2019n\u0131n ya\u015fand\u0131\u011f\u0131 M.\u00d6. 1200 y\u0131llar\u0131nda, Akdeniz \u00e7evresinde ve Anadolu topraklar\u0131nda neler oldu\u011funu Herodot, Strabon, Dionysius, Pilinius, Titus Livius gibi antik d\u00f6nemin \u00fcnl\u00fc tarih\u00e7ilerinden az \u00e7ok \u00f6\u011frenebiliyoruz. Onlar\u0131n geride b\u0131rakt\u0131\u011f\u0131 bo\u015fluklar\u0131 ise Homeros\u2019un yazd\u0131\u011f\u0131 \u201c\u0130lyada, Odysseia\u201d ile Vergilius\u2019un yazd\u0131\u011f\u0131 \u201cAeneas\u201d isimli \u00f6l\u00fcms\u00fcz destanlar, fazlas\u0131yla dolduruyor.<\/p>\n<p>Ancak t\u00fcm bu birbirinden de\u011ferli ki\u015fi ve eserler, asl\u0131nda M.\u00d6. 1200\u2019l\u00fc y\u0131llarda ya\u015fananlar\u0131 bize yaln\u0131zca, Greklerin ve Latinlerin g\u00f6z\u00fcnden anlatmakla yetiniyorlar. Oysa d\u00fcnya tarihine y\u00f6n veren olaylar\u0131n ger\u00e7ekle\u015fti\u011fi g\u00fcnlerde, o topraklarda bulunan ba\u015fka bir kavim daha vard\u0131: Turkanlar (Etr\u00fcskler)\u2026<\/p>\n<p>\u0130\u015fte yazar\u0131m\u0131z Nadir Do\u011fan, kaleme ald\u0131\u011f\u0131 \u201cCURTUS LUPUS-Kurdun \u00d6l\u00fcm\u00fc\u201d isimli eseriyle, o \u00e7a\u011flarda ya\u015fananlar\u0131 T\u00fcrk soylu Turkanlar\u0131n g\u00f6z\u00fcnden bize anlatarak, eksik par\u00e7ay\u0131 tam 3500 y\u0131l sonra ustaca tamaml\u0131yor. Ve bunu, yazd\u0131klar\u0131 dev eserler sayesinde arkalar\u0131nda silinmez izler b\u0131rakan Homeros\u2019u, Vergilius\u2019u ve Dede Korkut\u2019u takip ederek yap\u0131yor\u2026<\/p>\n","protected":false},"excerpt":{"rendered":"<p>Turya (Troya) Sava\u015f\u0131\u2019n\u0131n ya\u015fand\u0131\u011f\u0131 M.\u00d6. 1200 y\u0131llar\u0131nda, Akdeniz \u00e7evresinde ve Anadolu topraklar\u0131nda neler oldu\u011funu Herodot, Strabon, Dionysius, Pilinius, Titus Livius gibi antik d\u00f6nemin \u00fcnl\u00fc tarih\u00e7ilerinden az \u00e7ok \u00f6\u011frenebiliyoruz. Onlar\u0131n geride b\u0131rakt\u0131\u011f\u0131 bo\u015fluklar\u0131 ise Homeros\u2019un yazd\u0131\u011f\u0131 \u201c\u0130lyada, Odysseia\u201d ile Vergilius\u2019un yazd\u0131\u011f\u0131 \u201cAeneas\u201d isimli \u00f6l\u00fcms\u00fcz destanlar, fazlas\u0131yla dolduruyor. Ancak t\u00fcm bu birbirinden de\u011ferli ki\u015fi ve eserler, asl\u0131nda [&hellip;]<\/p>\n","protected":false},"featured_media":21299,"comment_status":"closed","ping_status":"closed","template":"","meta":[],"product_brand":[],"product_cat":[24],"product_tag":[],"class_list":{"0":"post-21298","1":"product","2":"type-product","3":"status-publish","4":"has-post-thumbnail","6":"product_cat-roman","8":"first","9":"instock","10":"sale","11":"shipping-taxable","12":"purchasable","13":"product-type-simple"},"_links":{"self":[{"href":"https:\/\/kutluyayinevi.com\/magaza\/wp-json\/wp\/v2\/product\/21298","targetHints":{"allow":["GET"]}}],"collection":[{"href":"https:\/\/kutluyayinevi.com\/magaza\/wp-json\/wp\/v2\/product"}],"about":[{"href":"https:\/\/kutluyayinevi.com\/magaza\/wp-json\/wp\/v2\/types\/product"}],"replies":[{"embeddable":true,"href":"https:\/\/kutluyayinevi.com\/magaza\/wp-json\/wp\/v2\/comments?post=21298"}],"wp:featuredmedia":[{"embeddable":true,"href":"https:\/\/kutluyayinevi.com\/magaza\/wp-json\/wp\/v2\/media\/21299"}],"wp:attachment":[{"href":"https:\/\/kutluyayinevi.com\/magaza\/wp-json\/wp\/v2\/media?parent=21298"}],"wp:term":[{"taxonomy":"product_brand","embeddable":true,"href":"https:\/\/kutluyayinevi.com\/magaza\/wp-json\/wp\/v2\/product_brand?post=21298"},{"taxonomy":"product_cat","embeddable":true,"href":"https:\/\/kutluyayinevi.com\/magaza\/wp-json\/wp\/v2\/product_cat?post=21298"},{"taxonomy":"product_tag","embeddable":true,"href":"https:\/\/kutluyayinevi.com\/magaza\/wp-json\/wp\/v2\/product_tag?post=21298"}],"curies":[{"name":"wp","href":"https:\/\/api.w.org\/{rel}","templated":true}]}}