{"id":21302,"date":"2022-04-11T10:08:24","date_gmt":"2022-04-11T07:08:24","guid":{"rendered":"https:\/\/kutluyayinevi.com\/magaza\/?post_type=product&#038;p=21302"},"modified":"2025-02-05T13:31:56","modified_gmt":"2025-02-05T10:31:56","slug":"curtus-lupus-baron-nadir-dogan","status":"publish","type":"product","link":"https:\/\/kutluyayinevi.com\/magaza\/urun\/curtus-lupus-baron-nadir-dogan\/","title":{"rendered":"Curtus Lupus &#8211; Baron &#8211; Nadir Do\u011fan"},"content":{"rendered":"<p>Etr\u00fcsklerin gizli sava\u015f\u00e7\u0131s\u0131 Curtus Lupus, Avrupa topraklar\u0131ndaki maceras\u0131na h\u0131z kesmeden devam ediyor. Nadir Do\u011fan\u2019\u0131n usta kaleminden yeni bir meydan okuma daha!<\/p>\n<p>-Balkan Harbi\u2019nde sava\u015fan Osmanl\u0131 vatanda\u015f\u0131 bir Baron, Almanya\u2019daki Nazi partisini nas\u0131l kurdu?<br \/>\n-Aryan fa\u015fizminin tarihsel k\u00f6kenleri nedir? Unutamad\u0131klar\u0131 Alt\u0131n \u00c7a\u011f\u0131 onlara ya\u015fatanlar, T\u00fcrkler miydi?<br \/>\n-Odin ve Kral Arthur, T\u00fcrk m\u00fcyd\u00fc?<br \/>\n-Vatikan Papal\u0131k Devleti\u2019nin T\u00fcrkiye\u2019yi ele ge\u00e7irmek i\u00e7in yeti\u015ftirdi\u011fi \u201cVaiz\u201d kimdi?<br \/>\n-Etr\u00fcsklerin \u0130talya topraklar\u0131nda kurduklar\u0131 medeniyet, neden yok say\u0131l\u0131yor?<br \/>\n-Atomlar konusunda hakl\u0131 olan kimdi? Lucretius mu, \u0130bn-i R\u00fc\u015fd m\u00fc, yoksa Gazali mi?<br \/>\n-Nitrojenli s\u0131v\u0131da y\u0131llarca uyutulan Kara Athena, neden uyand\u0131r\u0131ld\u0131?<\/p>\n<p>Edebi lezzet i\u00e7inde bilimle tasavvufun, ge\u00e7mi\u015fle bug\u00fcn\u00fcn, bilinenle bilinmeyenin s\u00fcrekli yar\u0131\u015ft\u0131\u011f\u0131 ve gizlenen ger\u00e7eklerin, soluksuz bir kurguyla g\u00fcn y\u00fcz\u00fcne \u00e7\u0131kt\u0131\u011f\u0131 inan\u0131lmaz bir roman! Curtus Lupus-Baron, \u00f6\u011frenmekten korkmayan merakl\u0131 okurlar\u0131n\u0131 bekliyor\u2026<\/p>\n<p>\u201cAkademik \u00e7evremde &#8216;arkeolojinin ba\u015f edemedi\u011fi bir gizemler yuma\u011fI&#8217; olarak tan\u0131mlad\u0131\u011f\u0131m Etr\u00fcsk k\u00fclt\u00fcr\u00fcn\u00fcn etnik k\u00f6kensel \u015fifrelerini Nadir Do\u011fan sat\u0131r aralar\u0131nda bize bir bir aktar\u0131yor, hat\u0131rlat\u0131yor, vurguluyor. Yazar &#8216;Baron&#8217; adl\u0131 eserini bilimsel do\u011frular \u00fczerinden polisiye roman kurgusu i\u00e7inde okuyucuya sunuyor. Engin bilgi birikimiyle yo\u011frulan, \u00f6zg\u00fcn anlat\u0131m\u0131yla\u2026&#8221; -Prof. Dr. Semih G\u00fcneri<\/p>\n","protected":false},"excerpt":{"rendered":"<p>Etr\u00fcsklerin gizli sava\u015f\u00e7\u0131s\u0131 Curtus Lupus, Avrupa topraklar\u0131ndaki maceras\u0131na h\u0131z kesmeden devam ediyor. Nadir Do\u011fan\u2019\u0131n usta kaleminden yeni bir meydan okuma daha! -Balkan Harbi\u2019nde sava\u015fan Osmanl\u0131 vatanda\u015f\u0131 bir Baron, Almanya\u2019daki Nazi partisini nas\u0131l kurdu? -Aryan fa\u015fizminin tarihsel k\u00f6kenleri nedir? Unutamad\u0131klar\u0131 Alt\u0131n \u00c7a\u011f\u0131 onlara ya\u015fatanlar, T\u00fcrkler miydi? -Odin ve Kral Arthur, T\u00fcrk m\u00fcyd\u00fc? -Vatikan Papal\u0131k Devleti\u2019nin T\u00fcrkiye\u2019yi [&hellip;]<\/p>\n","protected":false},"featured_media":21304,"comment_status":"closed","ping_status":"closed","template":"","meta":[],"product_brand":[],"product_cat":[24],"product_tag":[],"class_list":{"0":"post-21302","1":"product","2":"type-product","3":"status-publish","4":"has-post-thumbnail","6":"product_cat-roman","8":"first","9":"instock","10":"sale","11":"shipping-taxable","12":"purchasable","13":"product-type-simple"},"_links":{"self":[{"href":"https:\/\/kutluyayinevi.com\/magaza\/wp-json\/wp\/v2\/product\/21302","targetHints":{"allow":["GET"]}}],"collection":[{"href":"https:\/\/kutluyayinevi.com\/magaza\/wp-json\/wp\/v2\/product"}],"about":[{"href":"https:\/\/kutluyayinevi.com\/magaza\/wp-json\/wp\/v2\/types\/product"}],"replies":[{"embeddable":true,"href":"https:\/\/kutluyayinevi.com\/magaza\/wp-json\/wp\/v2\/comments?post=21302"}],"wp:featuredmedia":[{"embeddable":true,"href":"https:\/\/kutluyayinevi.com\/magaza\/wp-json\/wp\/v2\/media\/21304"}],"wp:attachment":[{"href":"https:\/\/kutluyayinevi.com\/magaza\/wp-json\/wp\/v2\/media?parent=21302"}],"wp:term":[{"taxonomy":"product_brand","embeddable":true,"href":"https:\/\/kutluyayinevi.com\/magaza\/wp-json\/wp\/v2\/product_brand?post=21302"},{"taxonomy":"product_cat","embeddable":true,"href":"https:\/\/kutluyayinevi.com\/magaza\/wp-json\/wp\/v2\/product_cat?post=21302"},{"taxonomy":"product_tag","embeddable":true,"href":"https:\/\/kutluyayinevi.com\/magaza\/wp-json\/wp\/v2\/product_tag?post=21302"}],"curies":[{"name":"wp","href":"https:\/\/api.w.org\/{rel}","templated":true}]}}