{"id":21348,"date":"2022-05-06T12:46:28","date_gmt":"2022-05-06T09:46:28","guid":{"rendered":"https:\/\/kutluyayinevi.com\/magaza\/?post_type=product&#038;p=21348"},"modified":"2026-02-20T16:56:05","modified_gmt":"2026-02-20T13:56:05","slug":"pasa-ben-sahika-etemoglu","status":"publish","type":"product","link":"https:\/\/kutluyayinevi.com\/magaza\/urun\/pasa-ben-sahika-etemoglu\/","title":{"rendered":"Pa\u015fa Ben! &#8211; \u015eahika Etemo\u011flu"},"content":{"rendered":"<p>\u201cUmut; hi\u00e7 bitmeyen bahar mevsimidir. \u0130\u00e7ine kar da ya\u011far, f\u0131rt\u0131na da kopar ama \u00e7i\u00e7ekler hep a\u00e7ar.\u201d<\/p>\n<p>-Mevlana<\/p>\n","protected":false},"excerpt":{"rendered":"<p>\u201cUmut; hi\u00e7 bitmeyen bahar mevsimidir. \u0130\u00e7ine kar da ya\u011far, f\u0131rt\u0131na da kopar ama \u00e7i\u00e7ekler hep a\u00e7ar.\u201d -Mevlana<\/p>\n","protected":false},"featured_media":21349,"comment_status":"closed","ping_status":"closed","template":"","meta":[],"product_brand":[],"product_cat":[52],"product_tag":[],"class_list":{"0":"post-21348","1":"product","2":"type-product","3":"status-publish","4":"has-post-thumbnail","6":"product_cat-ani","8":"first","9":"instock","10":"sale","11":"shipping-taxable","12":"purchasable","13":"product-type-simple"},"_links":{"self":[{"href":"https:\/\/kutluyayinevi.com\/magaza\/wp-json\/wp\/v2\/product\/21348","targetHints":{"allow":["GET"]}}],"collection":[{"href":"https:\/\/kutluyayinevi.com\/magaza\/wp-json\/wp\/v2\/product"}],"about":[{"href":"https:\/\/kutluyayinevi.com\/magaza\/wp-json\/wp\/v2\/types\/product"}],"replies":[{"embeddable":true,"href":"https:\/\/kutluyayinevi.com\/magaza\/wp-json\/wp\/v2\/comments?post=21348"}],"wp:featuredmedia":[{"embeddable":true,"href":"https:\/\/kutluyayinevi.com\/magaza\/wp-json\/wp\/v2\/media\/21349"}],"wp:attachment":[{"href":"https:\/\/kutluyayinevi.com\/magaza\/wp-json\/wp\/v2\/media?parent=21348"}],"wp:term":[{"taxonomy":"product_brand","embeddable":true,"href":"https:\/\/kutluyayinevi.com\/magaza\/wp-json\/wp\/v2\/product_brand?post=21348"},{"taxonomy":"product_cat","embeddable":true,"href":"https:\/\/kutluyayinevi.com\/magaza\/wp-json\/wp\/v2\/product_cat?post=21348"},{"taxonomy":"product_tag","embeddable":true,"href":"https:\/\/kutluyayinevi.com\/magaza\/wp-json\/wp\/v2\/product_tag?post=21348"}],"curies":[{"name":"wp","href":"https:\/\/api.w.org\/{rel}","templated":true}]}}