{"id":2136,"date":"2019-06-11T12:46:36","date_gmt":"2019-06-11T09:46:36","guid":{"rendered":"https:\/\/kutluyayinevi.com\/magaza\/?post_type=product&#038;p=2136"},"modified":"2025-01-28T18:57:42","modified_gmt":"2025-01-28T15:57:42","slug":"dede-korkutun-ucuncu-elyazmasi-soylamalar-ve-iki-yeni-boy-ile-turkmen-sahra-nushasi-yusuf-azmun","status":"publish","type":"product","link":"https:\/\/kutluyayinevi.com\/magaza\/urun\/dede-korkutun-ucuncu-elyazmasi-soylamalar-ve-iki-yeni-boy-ile-turkmen-sahra-nushasi-yusuf-azmun\/","title":{"rendered":"Dede Korkut&#8217;un \u00dc\u00e7\u00fcnc\u00fc Elyazmas\u0131 (Soylamalar ve \u0130ki Yeni Boy ile T\u00fcrkmen Sahra N\u00fcshas\u0131) &#8211; Yusuf Azmun"},"content":{"rendered":"","protected":false},"excerpt":{"rendered":"<p>Dede Korkut Kitab\u0131\u2019n\u0131n bu g\u00fcne kadar iki yazmas\u0131 bilinmekte idi. \u0130lk bulunan harekesiz Dresden yazmas\u0131nda 12 hik\u00e2ye, ikinci olarak bulunan harekeli Vatikan yazmas\u0131nda ise bilinen 12 hik\u00e2yenin 6\u2019s\u0131 yer almakta idi. Bu yazmalara ek olarak \u0130ran\u2019\u0131n T\u00fcrkmen Sahra b\u00f6lgesinde \u00fc\u00e7\u00fcnc\u00fc Dede Korkut yazmas\u0131 bulundu. Bu \u00fc\u00e7\u00fcnc\u00fc yazmaya bulundu\u011fu yer ile ilgili olarak T\u00fcrkmen Sahra n\u00fcshas\u0131 ad\u0131 verilmi\u015ftir. Ba\u015ftan bilinmeyen miktarda eksik olan bu \u00fc\u00e7\u00fcnc\u00fc yazmada daha \u00f6nceki yazmalarda ge\u00e7meyen yirmi yedi soylama bulunmaktad\u0131r. Bir\u00e7ok yeni bilgiler veren bu soylamalarda Kazan Han\u2019\u0131n daha \u00f6nceki ad\u0131n\u0131n \u201cDeli D\u00f6nmez\u201d olarak ge\u00e7ti\u011fini s\u00f6yleyelim.<\/p>\n<p>T\u00fcrkmen Sahra Yazmas\u0131\u2019nda daha \u00f6nceki n\u00fcshalarda ge\u00e7meyen iki yeni hik\u00e2ye (13. ve 14. boylamalar da) yer almaktad\u0131r. 13. hik\u00e2ye Aras Irma\u011f\u0131 ile Kars Kalesi\u2019nin nas\u0131l ve kimlerle al\u0131nd\u0131\u011f\u0131, 14. hik\u00e2yede Salur Kazan\u2019\u0131n g\u00f6kten inerek g\u00f6rd\u00fc\u011f\u00fc her insano\u011flunu yutan yedi ba\u015fl\u0131 ejderhay\u0131 \u00f6ld\u00fcrd\u00fc\u011f\u00fc boylard\u0131r. Yedi ba\u015fl\u0131 ejderhay\u0131 Salur Kazan\u2019\u0131n \u00f6ld\u00fcrmesi ile ilgili olarak Dede Korkut\u2019un \u201cSalur Kazan\u2019\u0131n Esir Oldu\u011fu Boy\u201d ile \u015eecere-i Ter\u00e2kime\u2019de \u201cSalur Kazan\u2019\u0131n \u00d6vg\u00fcs\u00fc\u201d ile ilgili soylamalarda zikirler yap\u0131lm\u0131\u015ft\u0131.<\/p>\n<p>T\u00fcrkmen Sahra Yazmas\u0131 \u00fczerindeki ilk bilimsel \u00e7al\u0131\u015fma ile yay\u0131m\u0131 yapan Yusuf Azmun\u2019un kendisi de 80 y\u0131l \u00f6nce T\u00fcrkmen Sahra b\u00f6lgesinde do\u011fmu\u015f, \u00f6\u011frenimi ile i\u015f hayat\u0131n\u0131 Amerika Birle\u015fik Devletleri, T\u00fcrkiye ve \u0130ngiltere\u2019de s\u00fcrd\u00fcrm\u00fc\u015f, lisans \u00f6\u011fretimini de \u0130stanbul \u00dcniversitesi Edebiyat Fak\u00fcltesi T\u00fcrk Dili ve Edebiyat\u0131 B\u00f6l\u00fcm\u00fc\u2019nde yapm\u0131\u015ft\u0131r. T\u00fcrkiye\u2019de T\u00fcrk Filolojisi\u2019nin kurucusu olan Ord. Prof. Dr. Re\u015fid Rahmeti Arat\u2019\u0131n en son \u00f6\u011frencilerinden olan bir T\u00fcrkbilimcidir.<\/p>\n","protected":false},"featured_media":2137,"comment_status":"open","ping_status":"closed","template":"","meta":[],"product_brand":[],"product_cat":[15],"product_tag":[79,85,84,67,83,82,81,80],"class_list":{"0":"post-2136","1":"product","2":"type-product","3":"status-publish","4":"has-post-thumbnail","6":"product_cat-dilbilim","7":"product_tag-dede-korkut","8":"product_tag-dede-korkut-yeni-elyazmasi","9":"product_tag-dede-korkutun-yeni-nushasi","10":"product_tag-kutlu-yayinevi","11":"product_tag-osman-fikri-sertkaya","12":"product_tag-timur-kocaoglu","13":"product_tag-turk-dili-dernegi","14":"product_tag-yusuf-azmun","16":"first","17":"instock","18":"sale","19":"shipping-taxable","20":"purchasable","21":"product-type-simple"},"_links":{"self":[{"href":"https:\/\/kutluyayinevi.com\/magaza\/wp-json\/wp\/v2\/product\/2136","targetHints":{"allow":["GET"]}}],"collection":[{"href":"https:\/\/kutluyayinevi.com\/magaza\/wp-json\/wp\/v2\/product"}],"about":[{"href":"https:\/\/kutluyayinevi.com\/magaza\/wp-json\/wp\/v2\/types\/product"}],"replies":[{"embeddable":true,"href":"https:\/\/kutluyayinevi.com\/magaza\/wp-json\/wp\/v2\/comments?post=2136"}],"wp:featuredmedia":[{"embeddable":true,"href":"https:\/\/kutluyayinevi.com\/magaza\/wp-json\/wp\/v2\/media\/2137"}],"wp:attachment":[{"href":"https:\/\/kutluyayinevi.com\/magaza\/wp-json\/wp\/v2\/media?parent=2136"}],"wp:term":[{"taxonomy":"product_brand","embeddable":true,"href":"https:\/\/kutluyayinevi.com\/magaza\/wp-json\/wp\/v2\/product_brand?post=2136"},{"taxonomy":"product_cat","embeddable":true,"href":"https:\/\/kutluyayinevi.com\/magaza\/wp-json\/wp\/v2\/product_cat?post=2136"},{"taxonomy":"product_tag","embeddable":true,"href":"https:\/\/kutluyayinevi.com\/magaza\/wp-json\/wp\/v2\/product_tag?post=2136"}],"curies":[{"name":"wp","href":"https:\/\/api.w.org\/{rel}","templated":true}]}}