{"id":21397,"date":"2022-05-23T16:33:14","date_gmt":"2022-05-23T13:33:14","guid":{"rendered":"https:\/\/kutluyayinevi.com\/magaza\/?post_type=product&#038;p=21397"},"modified":"2026-02-20T12:24:22","modified_gmt":"2026-02-20T09:24:22","slug":"kirildim-cit-cengiz-sagban","status":"publish","type":"product","link":"https:\/\/kutluyayinevi.com\/magaza\/urun\/kirildim-cit-cengiz-sagban\/","title":{"rendered":"K\u0131r\u0131ld\u0131m \u00c7\u0131t &#8211; Cengiz \u015ea\u011fban"},"content":{"rendered":"<p>birbirine benzeyen bir avu\u00e7 cevizdik<br \/>\ninceydik, narindik, g\u00fczeldik<br \/>\nyine de k\u0131rd\u0131ramad\u0131lar bizi birbirimize<br \/>\ndirendik<br \/>\nta\u015fa kadar<\/p>\n<p>*<\/p>\n<p>annem gitti\u011finde<br \/>\nmutfak da k\u00fcst\u00fc gitti<br \/>\nsade bir makarnan\u0131n utanc\u0131 gibiyim \u015fimdi<\/p>\n<p>*<\/p>\n<p>tanr\u0131m neden geri d\u00f6n\u00fc\u015f\u00fcm\u00fcm yok benim<br \/>\nistenmeyen bir bebe\u011fe f\u0131rsat<br \/>\nbir k\u00f6pe\u011fe pati<br \/>\nhasarl\u0131 bir ac\u0131ya orijinal bir amortis\u00f6r<br \/>\nbir sevgiliye ihanet olabilirdim<\/p>\n<p>*<\/p>\n<p>seninle bir buz da\u011f\u0131na \u00e7arpaca\u011f\u0131z az sonra<br \/>\nabdal abdal bakma y\u00fcz\u00fcme<br \/>\nart\u0131k \u00e7ok ge\u00e7<br \/>\ngel, i\u00e7imizdeki \u00e7ocuklar\u0131 kurtaral\u0131m<\/p>\n","protected":false},"excerpt":{"rendered":"<p>birbirine benzeyen bir avu\u00e7 cevizdik inceydik, narindik, g\u00fczeldik yine de k\u0131rd\u0131ramad\u0131lar bizi birbirimize direndik ta\u015fa kadar * annem gitti\u011finde mutfak da k\u00fcst\u00fc gitti sade bir makarnan\u0131n utanc\u0131 gibiyim \u015fimdi * tanr\u0131m neden geri d\u00f6n\u00fc\u015f\u00fcm\u00fcm yok benim istenmeyen bir bebe\u011fe f\u0131rsat bir k\u00f6pe\u011fe pati hasarl\u0131 bir ac\u0131ya orijinal bir amortis\u00f6r bir sevgiliye ihanet olabilirdim * seninle [&hellip;]<\/p>\n","protected":false},"featured_media":21398,"comment_status":"closed","ping_status":"closed","template":"","meta":[],"product_brand":[],"product_cat":[22],"product_tag":[],"class_list":{"0":"post-21397","1":"product","2":"type-product","3":"status-publish","4":"has-post-thumbnail","6":"product_cat-siir","8":"first","9":"instock","10":"sale","11":"shipping-taxable","12":"purchasable","13":"product-type-simple"},"_links":{"self":[{"href":"https:\/\/kutluyayinevi.com\/magaza\/wp-json\/wp\/v2\/product\/21397","targetHints":{"allow":["GET"]}}],"collection":[{"href":"https:\/\/kutluyayinevi.com\/magaza\/wp-json\/wp\/v2\/product"}],"about":[{"href":"https:\/\/kutluyayinevi.com\/magaza\/wp-json\/wp\/v2\/types\/product"}],"replies":[{"embeddable":true,"href":"https:\/\/kutluyayinevi.com\/magaza\/wp-json\/wp\/v2\/comments?post=21397"}],"wp:featuredmedia":[{"embeddable":true,"href":"https:\/\/kutluyayinevi.com\/magaza\/wp-json\/wp\/v2\/media\/21398"}],"wp:attachment":[{"href":"https:\/\/kutluyayinevi.com\/magaza\/wp-json\/wp\/v2\/media?parent=21397"}],"wp:term":[{"taxonomy":"product_brand","embeddable":true,"href":"https:\/\/kutluyayinevi.com\/magaza\/wp-json\/wp\/v2\/product_brand?post=21397"},{"taxonomy":"product_cat","embeddable":true,"href":"https:\/\/kutluyayinevi.com\/magaza\/wp-json\/wp\/v2\/product_cat?post=21397"},{"taxonomy":"product_tag","embeddable":true,"href":"https:\/\/kutluyayinevi.com\/magaza\/wp-json\/wp\/v2\/product_tag?post=21397"}],"curies":[{"name":"wp","href":"https:\/\/api.w.org\/{rel}","templated":true}]}}