{"id":21430,"date":"2022-06-02T13:55:42","date_gmt":"2022-06-02T10:55:42","guid":{"rendered":"https:\/\/kutluyayinevi.com\/magaza\/?post_type=product&#038;p=21430"},"modified":"2026-02-23T10:17:30","modified_gmt":"2026-02-23T07:17:30","slug":"simdi-istanbulda-olmak-vardi-omer-f-ozen","status":"publish","type":"product","link":"https:\/\/kutluyayinevi.com\/magaza\/urun\/simdi-istanbulda-olmak-vardi-omer-f-ozen\/","title":{"rendered":"\u015eimdi \u0130stanbul&#8217;da Olmak Vard\u0131 &#8211; \u00d6mer F. \u00d6zen"},"content":{"rendered":"<p>&#8220;T\u00fcrk\u00e7esi varken&#8221; g\u00f6r\u00fc\u015f\u00fcn\u00fcn y\u0131lmaz savunucusu olarak yaz\u0131 ve dizelerinde bu dil duyarl\u0131l\u0131\u011f\u0131n\u0131n yo\u011fun izlerini g\u00f6rm\u00fc\u015f oldu\u011fumuz \u00d6mer F. \u00d6zen&#8217;in ilk dizeleri Anadolu bas\u0131n\u0131nda, Osmaniye\/Hakikat, E\u011fridir G\u00f6l Sesi, Urfa\/Me\u015fale, G\u00fcne\u015f, Bart\u0131n Memleket, \u00c7a\u011fda\u015f T\u00fcrk Dili vb gazete ve dergilerinde yay\u0131nland\u0131. Yine Anadolu bas\u0131n\u0131nda ba\u015flayan bas\u0131n meslek ya\u015fam\u0131 Cumhuriyet gazetesinde s\u00fcrd\u00fc. Kanada&#8217;n\u0131n Montreal kentinde 1994 y\u0131l\u0131nda \u00fc\u00e7 dilde yay\u0131nlanan Bizim Anadolu gazetesini kuran \u00d6mer F. \u00d6zen siyasal, toplumsal ve sanatsal yaz\u0131lar\u0131yla s\u00fcrd\u00fcrd\u00fc\u011f\u00fc bas\u0131n-yay\u0131n ya\u015fam\u0131na ko\u015fut olarak 2009-2018 y\u0131llar\u0131 aras\u0131nda yine kendisinin kurmu\u015f oldu\u011fu Montreal T\u00fcrk Filmleri \u015eenli\u011fi&#8217;nin ba\u015fkanl\u0131\u011f\u0131n\u0131 y\u00fcr\u00fctt\u00fc. Bas\u0131n ve ekinsel etkinliklerinin yan\u0131nda Kanada&#8217;da de\u011fi\u015fik ortamlarda T\u00fcrk toplumunun \u00e7\u0131karlar\u0131n\u0131 savunmak i\u00e7in eylemlerde bulunan \u00d6mer F. \u00d6zen, bu etkinlik ve eylemleri dolay\u0131s\u0131yla \u00e7e\u015fitli bas\u0131n, sanatsal ve toplumsal \u00f6d\u00fcllere de lay\u0131k g\u00f6r\u00fcld\u00fc.<\/p>\n<p>**<\/p>\n<p>Bu yap\u0131tta \u00d6mer F. \u00d6zen&#8217;in, &#8220;\u015eimdi \u0130stanbul&#8217;da Olmak Vard\u0131&#8221; ba\u015fl\u0131\u011f\u0131yla bir araya getirilen Cumhuriyet gazetesinde yay\u0131nlanm\u0131\u015f se\u00e7me Pazar Yaz\u0131lar\u0131&#8217;n\u0131n yan\u0131 s\u0131ra yapm\u0131\u015f oldu\u011fu haberlerden se\u00e7melere de yer veriliyor. Yazar, bu yaz\u0131lar\u0131nda Kanada&#8217;n\u0131n Frans\u0131zca konu\u015fulan Quebec ilinden T\u00fcrkiye&#8217;ye pencere a\u00e7arken yine \u00e7a\u011f\u0131ndan sorumlu bir yaz\u0131n emek\u00e7isi olarak yaz\u0131lar\u0131ndaki \u015fiirsel anlat\u0131mlar\u0131yla okurla s\u00f6yle\u015fi tad\u0131nda bir ili\u015fkiye giriyor.<\/p>\n","protected":false},"excerpt":{"rendered":"<p>&#8220;T\u00fcrk\u00e7esi varken&#8221; g\u00f6r\u00fc\u015f\u00fcn\u00fcn y\u0131lmaz savunucusu olarak yaz\u0131 ve dizelerinde bu dil duyarl\u0131l\u0131\u011f\u0131n\u0131n yo\u011fun izlerini g\u00f6rm\u00fc\u015f oldu\u011fumuz \u00d6mer F. \u00d6zen&#8217;in ilk dizeleri Anadolu bas\u0131n\u0131nda, Osmaniye\/Hakikat, E\u011fridir G\u00f6l Sesi, Urfa\/Me\u015fale, G\u00fcne\u015f, Bart\u0131n Memleket, \u00c7a\u011fda\u015f T\u00fcrk Dili vb gazete ve dergilerinde yay\u0131nland\u0131. Yine Anadolu bas\u0131n\u0131nda ba\u015flayan bas\u0131n meslek ya\u015fam\u0131 Cumhuriyet gazetesinde s\u00fcrd\u00fc. Kanada&#8217;n\u0131n Montreal kentinde 1994 y\u0131l\u0131nda \u00fc\u00e7 [&hellip;]<\/p>\n","protected":false},"featured_media":21431,"comment_status":"closed","ping_status":"closed","template":"","meta":[],"product_brand":[],"product_cat":[26],"product_tag":[],"class_list":{"0":"post-21430","1":"product","2":"type-product","3":"status-publish","4":"has-post-thumbnail","6":"product_cat-deneme","8":"first","9":"instock","10":"sale","11":"shipping-taxable","12":"purchasable","13":"product-type-simple"},"_links":{"self":[{"href":"https:\/\/kutluyayinevi.com\/magaza\/wp-json\/wp\/v2\/product\/21430","targetHints":{"allow":["GET"]}}],"collection":[{"href":"https:\/\/kutluyayinevi.com\/magaza\/wp-json\/wp\/v2\/product"}],"about":[{"href":"https:\/\/kutluyayinevi.com\/magaza\/wp-json\/wp\/v2\/types\/product"}],"replies":[{"embeddable":true,"href":"https:\/\/kutluyayinevi.com\/magaza\/wp-json\/wp\/v2\/comments?post=21430"}],"wp:featuredmedia":[{"embeddable":true,"href":"https:\/\/kutluyayinevi.com\/magaza\/wp-json\/wp\/v2\/media\/21431"}],"wp:attachment":[{"href":"https:\/\/kutluyayinevi.com\/magaza\/wp-json\/wp\/v2\/media?parent=21430"}],"wp:term":[{"taxonomy":"product_brand","embeddable":true,"href":"https:\/\/kutluyayinevi.com\/magaza\/wp-json\/wp\/v2\/product_brand?post=21430"},{"taxonomy":"product_cat","embeddable":true,"href":"https:\/\/kutluyayinevi.com\/magaza\/wp-json\/wp\/v2\/product_cat?post=21430"},{"taxonomy":"product_tag","embeddable":true,"href":"https:\/\/kutluyayinevi.com\/magaza\/wp-json\/wp\/v2\/product_tag?post=21430"}],"curies":[{"name":"wp","href":"https:\/\/api.w.org\/{rel}","templated":true}]}}