{"id":21432,"date":"2022-06-02T13:58:41","date_gmt":"2022-06-02T10:58:41","guid":{"rendered":"https:\/\/kutluyayinevi.com\/magaza\/?post_type=product&#038;p=21432"},"modified":"2025-02-05T14:18:43","modified_gmt":"2025-02-05T11:18:43","slug":"adi-huzun-busra-eraltug","status":"publish","type":"product","link":"https:\/\/kutluyayinevi.com\/magaza\/urun\/adi-huzun-busra-eraltug\/","title":{"rendered":"Ad\u0131 H\u00fcz\u00fcn &#8211; B\u00fc\u015fra Eraltu\u011f"},"content":{"rendered":"<p>Ad\u0131 H\u00fcz\u00fcn &#8211; B\u00fc\u015fra Eraltu\u011f<\/p>\n","protected":false},"excerpt":{"rendered":"<p>Ad\u0131 H\u00fcz\u00fcn &#8211; B\u00fc\u015fra Eraltu\u011f<\/p>\n","protected":false},"featured_media":21433,"comment_status":"closed","ping_status":"closed","template":"","meta":[],"product_brand":[],"product_cat":[22],"product_tag":[],"class_list":{"0":"post-21432","1":"product","2":"type-product","3":"status-publish","4":"has-post-thumbnail","6":"product_cat-siir","8":"first","9":"instock","10":"sale","11":"shipping-taxable","12":"purchasable","13":"product-type-simple"},"_links":{"self":[{"href":"https:\/\/kutluyayinevi.com\/magaza\/wp-json\/wp\/v2\/product\/21432","targetHints":{"allow":["GET"]}}],"collection":[{"href":"https:\/\/kutluyayinevi.com\/magaza\/wp-json\/wp\/v2\/product"}],"about":[{"href":"https:\/\/kutluyayinevi.com\/magaza\/wp-json\/wp\/v2\/types\/product"}],"replies":[{"embeddable":true,"href":"https:\/\/kutluyayinevi.com\/magaza\/wp-json\/wp\/v2\/comments?post=21432"}],"wp:featuredmedia":[{"embeddable":true,"href":"https:\/\/kutluyayinevi.com\/magaza\/wp-json\/wp\/v2\/media\/21433"}],"wp:attachment":[{"href":"https:\/\/kutluyayinevi.com\/magaza\/wp-json\/wp\/v2\/media?parent=21432"}],"wp:term":[{"taxonomy":"product_brand","embeddable":true,"href":"https:\/\/kutluyayinevi.com\/magaza\/wp-json\/wp\/v2\/product_brand?post=21432"},{"taxonomy":"product_cat","embeddable":true,"href":"https:\/\/kutluyayinevi.com\/magaza\/wp-json\/wp\/v2\/product_cat?post=21432"},{"taxonomy":"product_tag","embeddable":true,"href":"https:\/\/kutluyayinevi.com\/magaza\/wp-json\/wp\/v2\/product_tag?post=21432"}],"curies":[{"name":"wp","href":"https:\/\/api.w.org\/{rel}","templated":true}]}}