{"id":21494,"date":"2022-06-24T16:55:17","date_gmt":"2022-06-24T13:55:17","guid":{"rendered":"https:\/\/kutluyayinevi.com\/magaza\/?post_type=product&#038;p=21494"},"modified":"2026-02-23T11:08:18","modified_gmt":"2026-02-23T08:08:18","slug":"yakma-resim-sanati-1-muammer-kirmizigul","status":"publish","type":"product","link":"https:\/\/kutluyayinevi.com\/magaza\/urun\/yakma-resim-sanati-1-muammer-kirmizigul\/","title":{"rendered":"Yakma Resim Sanat\u0131 1 &#8211; Muammer K\u0131rm\u0131z\u0131g\u00fcl"},"content":{"rendered":"<p>Sivas do\u011fumluyum. \u00c7ocuk ya\u015flarda ba\u015flayan resim yetene\u011fimle sanat ile tan\u0131\u015ft\u0131m.<\/p>\n<p>Alayl\u0131 ressam olan, b\u00fcy\u00fck yetenek day\u0131m Halil Gelge\u00e7\u2019in \u0130dealtepe\u2019deki tabela at\u00f6lyesinde \u00e7al\u0131\u015ft\u0131m. \u00d6zel sekt\u00f6rde y\u00f6netici olarak \u00e7al\u0131\u015f\u0131rken ak\u015famlar\u0131 evde tabela yazd\u0131m.<\/p>\n<p>Emekli olduktan sonra hobi olarak resim \u00e7al\u0131\u015fmalar\u0131ma karakalem, ya\u011fl\u0131 boya olarak devam ettim. 09.12.2019 tarihinde ah\u015fap yakma sanat\u0131 ile tan\u0131\u015ft\u0131m. Yurt d\u0131\u015f\u0131ndaki sanat\u00e7\u0131lar\u0131n videolar\u0131n\u0131 izleyerek hi\u00e7bir e\u011fitim almadan yakma resim yapmaya ba\u015flad\u0131m. Genlerden gelen ve yetene\u011fimle k\u0131sa s\u00fcrede \u00fc\u00e7 boyutlu \u00e7al\u0131\u015fmalar yapmaya ba\u015flad\u0131m.<\/p>\n","protected":false},"excerpt":{"rendered":"<p>Sivas do\u011fumluyum. \u00c7ocuk ya\u015flarda ba\u015flayan resim yetene\u011fimle sanat ile tan\u0131\u015ft\u0131m. Alayl\u0131 ressam olan, b\u00fcy\u00fck yetenek day\u0131m Halil Gelge\u00e7\u2019in \u0130dealtepe\u2019deki tabela at\u00f6lyesinde \u00e7al\u0131\u015ft\u0131m. \u00d6zel sekt\u00f6rde y\u00f6netici olarak \u00e7al\u0131\u015f\u0131rken ak\u015famlar\u0131 evde tabela yazd\u0131m. Emekli olduktan sonra hobi olarak resim \u00e7al\u0131\u015fmalar\u0131ma karakalem, ya\u011fl\u0131 boya olarak devam ettim. 09.12.2019 tarihinde ah\u015fap yakma sanat\u0131 ile tan\u0131\u015ft\u0131m. Yurt d\u0131\u015f\u0131ndaki sanat\u00e7\u0131lar\u0131n videolar\u0131n\u0131 [&hellip;]<\/p>\n","protected":false},"featured_media":21495,"comment_status":"closed","ping_status":"closed","template":"","meta":[],"product_brand":[],"product_cat":[109],"product_tag":[],"class_list":{"0":"post-21494","1":"product","2":"type-product","3":"status-publish","4":"has-post-thumbnail","6":"product_cat-sanat","8":"first","9":"instock","10":"sale","11":"shipping-taxable","12":"purchasable","13":"product-type-simple"},"_links":{"self":[{"href":"https:\/\/kutluyayinevi.com\/magaza\/wp-json\/wp\/v2\/product\/21494","targetHints":{"allow":["GET"]}}],"collection":[{"href":"https:\/\/kutluyayinevi.com\/magaza\/wp-json\/wp\/v2\/product"}],"about":[{"href":"https:\/\/kutluyayinevi.com\/magaza\/wp-json\/wp\/v2\/types\/product"}],"replies":[{"embeddable":true,"href":"https:\/\/kutluyayinevi.com\/magaza\/wp-json\/wp\/v2\/comments?post=21494"}],"wp:featuredmedia":[{"embeddable":true,"href":"https:\/\/kutluyayinevi.com\/magaza\/wp-json\/wp\/v2\/media\/21495"}],"wp:attachment":[{"href":"https:\/\/kutluyayinevi.com\/magaza\/wp-json\/wp\/v2\/media?parent=21494"}],"wp:term":[{"taxonomy":"product_brand","embeddable":true,"href":"https:\/\/kutluyayinevi.com\/magaza\/wp-json\/wp\/v2\/product_brand?post=21494"},{"taxonomy":"product_cat","embeddable":true,"href":"https:\/\/kutluyayinevi.com\/magaza\/wp-json\/wp\/v2\/product_cat?post=21494"},{"taxonomy":"product_tag","embeddable":true,"href":"https:\/\/kutluyayinevi.com\/magaza\/wp-json\/wp\/v2\/product_tag?post=21494"}],"curies":[{"name":"wp","href":"https:\/\/api.w.org\/{rel}","templated":true}]}}