{"id":21498,"date":"2022-06-24T17:04:35","date_gmt":"2022-06-24T14:04:35","guid":{"rendered":"https:\/\/kutluyayinevi.com\/magaza\/?post_type=product&#038;p=21498"},"modified":"2026-02-20T10:39:21","modified_gmt":"2026-02-20T07:39:21","slug":"gurunde-sivasin-baglari-siirler-ve-siir-tadinda-anlatilar-hamit-ak","status":"publish","type":"product","link":"https:\/\/kutluyayinevi.com\/magaza\/urun\/gurunde-sivasin-baglari-siirler-ve-siir-tadinda-anlatilar-hamit-ak\/","title":{"rendered":"G\u00fcr\u00fcn&#8217;de Sivas&#8217;\u0131n Ba\u011flar\u0131 (\u015eiirler ve \u015eiir Tad\u0131nda Anlat\u0131lar) &#8211; Hamit Ak"},"content":{"rendered":"<p>Hamit AK (Kimya Y\u00fcksek M\u00fchendisi)<\/p>\n<p>Sivas, G\u00fcr\u00fcn, Dayakp\u0131nar k\u00f6y\u00fcnde do\u011fdu.<br \/>\n\u0130stanbul \u00dcniversitesi, Kimya Fak\u00fcltesi mezunudur. \u00dclkemizin say\u0131l\u0131 i\u015fletmelerinde y\u00f6neticilik yapt\u0131.<\/p>\n<p>Kendisi Ak Kimya, De-Met Kimya ve Kahve Dibe\u011fi\u2019ni kurdu. Evli ve biri erkek, biri k\u0131z iki evl\u00e2t babas\u0131d\u0131r.<\/p>\n","protected":false},"excerpt":{"rendered":"<p>Hamit AK (Kimya Y\u00fcksek M\u00fchendisi) Sivas, G\u00fcr\u00fcn, Dayakp\u0131nar k\u00f6y\u00fcnde do\u011fdu. \u0130stanbul \u00dcniversitesi, Kimya Fak\u00fcltesi mezunudur. \u00dclkemizin say\u0131l\u0131 i\u015fletmelerinde y\u00f6neticilik yapt\u0131. Kendisi Ak Kimya, De-Met Kimya ve Kahve Dibe\u011fi\u2019ni kurdu. Evli ve biri erkek, biri k\u0131z iki evl\u00e2t babas\u0131d\u0131r.<\/p>\n","protected":false},"featured_media":21499,"comment_status":"closed","ping_status":"closed","template":"","meta":[],"product_brand":[],"product_cat":[22],"product_tag":[],"class_list":{"0":"post-21498","1":"product","2":"type-product","3":"status-publish","4":"has-post-thumbnail","6":"product_cat-siir","8":"first","9":"instock","10":"sale","11":"shipping-taxable","12":"purchasable","13":"product-type-simple"},"_links":{"self":[{"href":"https:\/\/kutluyayinevi.com\/magaza\/wp-json\/wp\/v2\/product\/21498","targetHints":{"allow":["GET"]}}],"collection":[{"href":"https:\/\/kutluyayinevi.com\/magaza\/wp-json\/wp\/v2\/product"}],"about":[{"href":"https:\/\/kutluyayinevi.com\/magaza\/wp-json\/wp\/v2\/types\/product"}],"replies":[{"embeddable":true,"href":"https:\/\/kutluyayinevi.com\/magaza\/wp-json\/wp\/v2\/comments?post=21498"}],"wp:featuredmedia":[{"embeddable":true,"href":"https:\/\/kutluyayinevi.com\/magaza\/wp-json\/wp\/v2\/media\/21499"}],"wp:attachment":[{"href":"https:\/\/kutluyayinevi.com\/magaza\/wp-json\/wp\/v2\/media?parent=21498"}],"wp:term":[{"taxonomy":"product_brand","embeddable":true,"href":"https:\/\/kutluyayinevi.com\/magaza\/wp-json\/wp\/v2\/product_brand?post=21498"},{"taxonomy":"product_cat","embeddable":true,"href":"https:\/\/kutluyayinevi.com\/magaza\/wp-json\/wp\/v2\/product_cat?post=21498"},{"taxonomy":"product_tag","embeddable":true,"href":"https:\/\/kutluyayinevi.com\/magaza\/wp-json\/wp\/v2\/product_tag?post=21498"}],"curies":[{"name":"wp","href":"https:\/\/api.w.org\/{rel}","templated":true}]}}