{"id":21502,"date":"2022-06-24T17:14:51","date_gmt":"2022-06-24T14:14:51","guid":{"rendered":"https:\/\/kutluyayinevi.com\/magaza\/?post_type=product&#038;p=21502"},"modified":"2026-02-20T12:08:44","modified_gmt":"2026-02-20T09:08:44","slug":"kalbimin-derinliklerindeki-ses-ahmet-omur","status":"publish","type":"product","link":"https:\/\/kutluyayinevi.com\/magaza\/urun\/kalbimin-derinliklerindeki-ses-ahmet-omur\/","title":{"rendered":"Kalbimin Derinliklerindeki Ses &#8211; Ahmet Omur"},"content":{"rendered":"<p>Sevgili, sevgili;<br \/>\nSevgilinin sevgili sevgilisi.<br \/>\nSevemedi h\u00e2l\u00e2 sevgilin?<br \/>\nSenin onu sevdi\u011fin gibi&#8230;<\/p>\n","protected":false},"excerpt":{"rendered":"<p>Sevgili, sevgili; Sevgilinin sevgili sevgilisi. Sevemedi h\u00e2l\u00e2 sevgilin? Senin onu sevdi\u011fin gibi&#8230;<\/p>\n","protected":false},"featured_media":21503,"comment_status":"closed","ping_status":"closed","template":"","meta":[],"product_brand":[],"product_cat":[22],"product_tag":[],"class_list":{"0":"post-21502","1":"product","2":"type-product","3":"status-publish","4":"has-post-thumbnail","6":"product_cat-siir","8":"first","9":"instock","10":"sale","11":"shipping-taxable","12":"purchasable","13":"product-type-simple"},"_links":{"self":[{"href":"https:\/\/kutluyayinevi.com\/magaza\/wp-json\/wp\/v2\/product\/21502","targetHints":{"allow":["GET"]}}],"collection":[{"href":"https:\/\/kutluyayinevi.com\/magaza\/wp-json\/wp\/v2\/product"}],"about":[{"href":"https:\/\/kutluyayinevi.com\/magaza\/wp-json\/wp\/v2\/types\/product"}],"replies":[{"embeddable":true,"href":"https:\/\/kutluyayinevi.com\/magaza\/wp-json\/wp\/v2\/comments?post=21502"}],"wp:featuredmedia":[{"embeddable":true,"href":"https:\/\/kutluyayinevi.com\/magaza\/wp-json\/wp\/v2\/media\/21503"}],"wp:attachment":[{"href":"https:\/\/kutluyayinevi.com\/magaza\/wp-json\/wp\/v2\/media?parent=21502"}],"wp:term":[{"taxonomy":"product_brand","embeddable":true,"href":"https:\/\/kutluyayinevi.com\/magaza\/wp-json\/wp\/v2\/product_brand?post=21502"},{"taxonomy":"product_cat","embeddable":true,"href":"https:\/\/kutluyayinevi.com\/magaza\/wp-json\/wp\/v2\/product_cat?post=21502"},{"taxonomy":"product_tag","embeddable":true,"href":"https:\/\/kutluyayinevi.com\/magaza\/wp-json\/wp\/v2\/product_tag?post=21502"}],"curies":[{"name":"wp","href":"https:\/\/api.w.org\/{rel}","templated":true}]}}