{"id":21554,"date":"2022-08-04T15:04:32","date_gmt":"2022-08-04T12:04:32","guid":{"rendered":"https:\/\/kutluyayinevi.com\/magaza\/?post_type=product&#038;p=21554"},"modified":"2026-02-20T11:44:38","modified_gmt":"2026-02-20T08:44:38","slug":"isgal-altinda-cirpinan-sehir-istanbul-umut-meric-berberoglu","status":"publish","type":"product","link":"https:\/\/kutluyayinevi.com\/magaza\/urun\/isgal-altinda-cirpinan-sehir-istanbul-umut-meric-berberoglu\/","title":{"rendered":"\u0130\u015fgal Alt\u0131nda \u00c7\u0131rp\u0131nan \u015eehir: \u0130stanbul &#8211; Umut Meri\u00e7 Berbero\u011flu"},"content":{"rendered":"<p>\u0130stanbul\u2019u ilk kez \u00f6ylesine masum ve korumas\u0131z g\u00f6r\u00fcyordum. Neredeydi kurtar\u0131c\u0131s\u0131 bu g\u00fczel \u015fehrin? Belki de ka\u00e7 devlete be\u015fiklik etti bilinmez ah\u2026 Gelse de biri kurtarsa idi. D\u00fc\u015f\u00fcnceler kemiriyor i\u00e7imi yoksa elden mi gidecekti bu cennet \u015fehir?<\/p>\n","protected":false},"excerpt":{"rendered":"<p>\u0130stanbul\u2019u ilk kez \u00f6ylesine masum ve korumas\u0131z g\u00f6r\u00fcyordum. Neredeydi kurtar\u0131c\u0131s\u0131 bu g\u00fczel \u015fehrin? Belki de ka\u00e7 devlete be\u015fiklik etti bilinmez ah\u2026 Gelse de biri kurtarsa idi. D\u00fc\u015f\u00fcnceler kemiriyor i\u00e7imi yoksa elden mi gidecekti bu cennet \u015fehir?<\/p>\n","protected":false},"featured_media":21555,"comment_status":"closed","ping_status":"closed","template":"","meta":[],"product_brand":[],"product_cat":[24],"product_tag":[],"class_list":{"0":"post-21554","1":"product","2":"type-product","3":"status-publish","4":"has-post-thumbnail","6":"product_cat-roman","8":"first","9":"instock","10":"sale","11":"shipping-taxable","12":"purchasable","13":"product-type-simple"},"_links":{"self":[{"href":"https:\/\/kutluyayinevi.com\/magaza\/wp-json\/wp\/v2\/product\/21554","targetHints":{"allow":["GET"]}}],"collection":[{"href":"https:\/\/kutluyayinevi.com\/magaza\/wp-json\/wp\/v2\/product"}],"about":[{"href":"https:\/\/kutluyayinevi.com\/magaza\/wp-json\/wp\/v2\/types\/product"}],"replies":[{"embeddable":true,"href":"https:\/\/kutluyayinevi.com\/magaza\/wp-json\/wp\/v2\/comments?post=21554"}],"wp:featuredmedia":[{"embeddable":true,"href":"https:\/\/kutluyayinevi.com\/magaza\/wp-json\/wp\/v2\/media\/21555"}],"wp:attachment":[{"href":"https:\/\/kutluyayinevi.com\/magaza\/wp-json\/wp\/v2\/media?parent=21554"}],"wp:term":[{"taxonomy":"product_brand","embeddable":true,"href":"https:\/\/kutluyayinevi.com\/magaza\/wp-json\/wp\/v2\/product_brand?post=21554"},{"taxonomy":"product_cat","embeddable":true,"href":"https:\/\/kutluyayinevi.com\/magaza\/wp-json\/wp\/v2\/product_cat?post=21554"},{"taxonomy":"product_tag","embeddable":true,"href":"https:\/\/kutluyayinevi.com\/magaza\/wp-json\/wp\/v2\/product_tag?post=21554"}],"curies":[{"name":"wp","href":"https:\/\/api.w.org\/{rel}","templated":true}]}}