{"id":21591,"date":"2022-08-18T15:15:08","date_gmt":"2022-08-18T12:15:08","guid":{"rendered":"https:\/\/kutluyayinevi.com\/magaza\/?post_type=product&#038;p=21591"},"modified":"2026-02-20T11:36:47","modified_gmt":"2026-02-20T08:36:47","slug":"iran-ermenistan-iliskilerinde-stratejik-dinamikler-siyasi-enerji-ve-guvenlik-boyutu-nazrin-alizada","status":"publish","type":"product","link":"https:\/\/kutluyayinevi.com\/magaza\/urun\/iran-ermenistan-iliskilerinde-stratejik-dinamikler-siyasi-enerji-ve-guvenlik-boyutu-nazrin-alizada\/","title":{"rendered":"\u0130ran &#8211; Ermenistan \u0130li\u015fkilerinde Stratejik Dinamikler (Siyas\u00ee, Enerji, ve G\u00fcvenlik Boyutu) &#8211; Nazrin Alizada"},"content":{"rendered":"<p>Yeni d\u00f6nemde y\u00fcr\u00fctt\u00fc\u011f\u00fc d\u0131\u015f politikada doktrinel yanl\u0131\u015flardan ka\u00e7\u0131nmay\u0131 kendisine hedef olarak belirleyen \u0130ran, G\u00fcney Kafkasya\u2019da etkinli\u011fini artt\u0131rma y\u00f6n\u00fcnde strateji benimsemi\u015ftir. Ayn\u0131 zamanda, s\u00f6z konusu devlet kendi uygarl\u0131k alan\u0131n\u0131n bir par\u00e7as\u0131 olarak g\u00f6rd\u00fc\u011f\u00fc bu b\u00f6lgede \u00f6zellikle iki G\u00fcney Kafkasya \u00fclkesi olan Azerbaycan ve Ermenistan ekseninde konumunu mutlakla\u015ft\u0131rma yolunu tercih etmi\u015ftir.<\/p>\n<p>Mevzubahis devletlere y\u00f6nelik karma politik strateji uygulayan \u0130ran\u2019\u0131n Azerbaycan\u2019la ili\u015fkileri samimi uyu\u015fmazl\u0131k \u00e7er\u00e7evesinde \u015fekillenirken Ermenistan\u2019la ise \u0131l\u0131man stratejik i\u015f birli\u011fi kapsam\u0131nda ikili ili\u015fkilerin mecras\u0131 geni\u015fletilmeye \u00e7al\u0131\u015f\u0131lmaktad\u0131r. Bu da \u0130ran-Ermenistan ili\u015fkilerinin stratejik boyutunun derinlemesine incelenmesi gereklili\u011fini ortaya \u00e7\u0131karmaktad\u0131r.<\/p>\n","protected":false},"excerpt":{"rendered":"<p>Yeni d\u00f6nemde y\u00fcr\u00fctt\u00fc\u011f\u00fc d\u0131\u015f politikada doktrinel yanl\u0131\u015flardan ka\u00e7\u0131nmay\u0131 kendisine hedef olarak belirleyen \u0130ran, G\u00fcney Kafkasya\u2019da etkinli\u011fini artt\u0131rma y\u00f6n\u00fcnde strateji benimsemi\u015ftir. Ayn\u0131 zamanda, s\u00f6z konusu devlet kendi uygarl\u0131k alan\u0131n\u0131n bir par\u00e7as\u0131 olarak g\u00f6rd\u00fc\u011f\u00fc bu b\u00f6lgede \u00f6zellikle iki G\u00fcney Kafkasya \u00fclkesi olan Azerbaycan ve Ermenistan ekseninde konumunu mutlakla\u015ft\u0131rma yolunu tercih etmi\u015ftir. Mevzubahis devletlere y\u00f6nelik karma politik strateji [&hellip;]<\/p>\n","protected":false},"featured_media":21592,"comment_status":"closed","ping_status":"closed","template":"","meta":[],"product_brand":[],"product_cat":[106],"product_tag":[],"class_list":{"0":"post-21591","1":"product","2":"type-product","3":"status-publish","4":"has-post-thumbnail","6":"product_cat-akademik","8":"first","9":"instock","10":"sale","11":"shipping-taxable","12":"purchasable","13":"product-type-simple"},"_links":{"self":[{"href":"https:\/\/kutluyayinevi.com\/magaza\/wp-json\/wp\/v2\/product\/21591","targetHints":{"allow":["GET"]}}],"collection":[{"href":"https:\/\/kutluyayinevi.com\/magaza\/wp-json\/wp\/v2\/product"}],"about":[{"href":"https:\/\/kutluyayinevi.com\/magaza\/wp-json\/wp\/v2\/types\/product"}],"replies":[{"embeddable":true,"href":"https:\/\/kutluyayinevi.com\/magaza\/wp-json\/wp\/v2\/comments?post=21591"}],"wp:featuredmedia":[{"embeddable":true,"href":"https:\/\/kutluyayinevi.com\/magaza\/wp-json\/wp\/v2\/media\/21592"}],"wp:attachment":[{"href":"https:\/\/kutluyayinevi.com\/magaza\/wp-json\/wp\/v2\/media?parent=21591"}],"wp:term":[{"taxonomy":"product_brand","embeddable":true,"href":"https:\/\/kutluyayinevi.com\/magaza\/wp-json\/wp\/v2\/product_brand?post=21591"},{"taxonomy":"product_cat","embeddable":true,"href":"https:\/\/kutluyayinevi.com\/magaza\/wp-json\/wp\/v2\/product_cat?post=21591"},{"taxonomy":"product_tag","embeddable":true,"href":"https:\/\/kutluyayinevi.com\/magaza\/wp-json\/wp\/v2\/product_tag?post=21591"}],"curies":[{"name":"wp","href":"https:\/\/api.w.org\/{rel}","templated":true}]}}