{"id":21593,"date":"2022-08-18T15:19:42","date_gmt":"2022-08-18T12:19:42","guid":{"rendered":"https:\/\/kutluyayinevi.com\/magaza\/?post_type=product&#038;p=21593"},"modified":"2026-02-19T12:27:17","modified_gmt":"2026-02-19T09:27:17","slug":"abdnin-yeni-jeopolitik-kiskacinda-turkiye-fehmi-yucesoy","status":"publish","type":"product","link":"https:\/\/kutluyayinevi.com\/magaza\/urun\/abdnin-yeni-jeopolitik-kiskacinda-turkiye-fehmi-yucesoy\/","title":{"rendered":"ABD&#8217;nin Yeni Jeopolitik K\u0131skac\u0131nda T\u00fcrkiye &#8211; Fehmi Y\u00fccesoy"},"content":{"rendered":"<p>Bu eser Fehmi Y\u00fccesoy&#8217;un uzun ara\u015ft\u0131rmalar\u0131n\u0131n bir sonucu olarak T\u00fcrk okuruna sunulmu\u015ftur. Eserde T\u00fcrkiye&#8217;nin i\u00e7inde bulundu\u011fu jeo-siyasi konjekt\u00fcr t\u00fcm ayr\u0131nt\u0131lar\u0131yla ele al\u0131nm\u0131\u015ft\u0131r.<\/p>\n<p>Uluslararas\u0131 \u0130li\u015fkiler ve Tarih alan\u0131nda ara\u015ft\u0131rma yapacak olanlar i\u00e7in derinlemesine bir tahlil sunan bu ara\u015ft\u0131rma, de\u011findi\u011fi konulara yakla\u015f\u0131m\u0131, mevcut sorunlara \u00f6nerdi\u011fi \u00e7\u00f6z\u00fcmlemeler a\u00e7\u0131s\u0131ndan \u00f6zg\u00fcnl\u00fc\u011f\u00fc ile se\u00e7ilmektedir.<\/p>\n<p>Yazar\u0131n bir as\u0131rl\u0131k entelekt\u00fcel bilgi birikiminin bir \u00fcr\u00fcn\u00fc olan elinizdeki bu eser T\u00fcrkiye&#8217;nin kar\u015f\u0131 kar\u015f\u0131ya oldu\u011fu tehlikeleri T\u00fcrk gen\u00e7li\u011fine t\u00fcm a\u00e7\u0131kl\u0131\u011f\u0131 ile g\u00f6stermektedir.<\/p>\n<p>K\u00fcr\u015fat K\u0131rca<\/p>\n","protected":false},"excerpt":{"rendered":"<p>Bu eser Fehmi Y\u00fccesoy&#8217;un uzun ara\u015ft\u0131rmalar\u0131n\u0131n bir sonucu olarak T\u00fcrk okuruna sunulmu\u015ftur. Eserde T\u00fcrkiye&#8217;nin i\u00e7inde bulundu\u011fu jeo-siyasi konjekt\u00fcr t\u00fcm ayr\u0131nt\u0131lar\u0131yla ele al\u0131nm\u0131\u015ft\u0131r. Uluslararas\u0131 \u0130li\u015fkiler ve Tarih alan\u0131nda ara\u015ft\u0131rma yapacak olanlar i\u00e7in derinlemesine bir tahlil sunan bu ara\u015ft\u0131rma, de\u011findi\u011fi konulara yakla\u015f\u0131m\u0131, mevcut sorunlara \u00f6nerdi\u011fi \u00e7\u00f6z\u00fcmlemeler a\u00e7\u0131s\u0131ndan \u00f6zg\u00fcnl\u00fc\u011f\u00fc ile se\u00e7ilmektedir. Yazar\u0131n bir as\u0131rl\u0131k entelekt\u00fcel bilgi birikiminin bir [&hellip;]<\/p>\n","protected":false},"featured_media":21594,"comment_status":"closed","ping_status":"closed","template":"","meta":[],"product_brand":[],"product_cat":[106],"product_tag":[],"class_list":{"0":"post-21593","1":"product","2":"type-product","3":"status-publish","4":"has-post-thumbnail","6":"product_cat-akademik","8":"first","9":"instock","10":"sale","11":"shipping-taxable","12":"purchasable","13":"product-type-simple"},"_links":{"self":[{"href":"https:\/\/kutluyayinevi.com\/magaza\/wp-json\/wp\/v2\/product\/21593","targetHints":{"allow":["GET"]}}],"collection":[{"href":"https:\/\/kutluyayinevi.com\/magaza\/wp-json\/wp\/v2\/product"}],"about":[{"href":"https:\/\/kutluyayinevi.com\/magaza\/wp-json\/wp\/v2\/types\/product"}],"replies":[{"embeddable":true,"href":"https:\/\/kutluyayinevi.com\/magaza\/wp-json\/wp\/v2\/comments?post=21593"}],"wp:featuredmedia":[{"embeddable":true,"href":"https:\/\/kutluyayinevi.com\/magaza\/wp-json\/wp\/v2\/media\/21594"}],"wp:attachment":[{"href":"https:\/\/kutluyayinevi.com\/magaza\/wp-json\/wp\/v2\/media?parent=21593"}],"wp:term":[{"taxonomy":"product_brand","embeddable":true,"href":"https:\/\/kutluyayinevi.com\/magaza\/wp-json\/wp\/v2\/product_brand?post=21593"},{"taxonomy":"product_cat","embeddable":true,"href":"https:\/\/kutluyayinevi.com\/magaza\/wp-json\/wp\/v2\/product_cat?post=21593"},{"taxonomy":"product_tag","embeddable":true,"href":"https:\/\/kutluyayinevi.com\/magaza\/wp-json\/wp\/v2\/product_tag?post=21593"}],"curies":[{"name":"wp","href":"https:\/\/api.w.org\/{rel}","templated":true}]}}