{"id":21597,"date":"2022-08-18T15:45:39","date_gmt":"2022-08-18T12:45:39","guid":{"rendered":"https:\/\/kutluyayinevi.com\/magaza\/?post_type=product&#038;p=21597"},"modified":"2026-02-23T10:15:38","modified_gmt":"2026-02-23T07:15:38","slug":"siirler-yazdim-bugulu-camlara-huseyin-eren","status":"publish","type":"product","link":"https:\/\/kutluyayinevi.com\/magaza\/urun\/siirler-yazdim-bugulu-camlara-huseyin-eren\/","title":{"rendered":"\u015eiirler Yazd\u0131m Bu\u011fulu Camlara &#8211; H\u00fcseyin Eren"},"content":{"rendered":"<p>Bir bu\u011fulu cam d\u00fc\u015f\u00fcn\u00fcn ve b\u00fct\u00fcn i\u00e7inizden ge\u00e7enleri dizeler halinde ilmek ilmek i\u015fledi\u011finizi d\u00fc\u015f\u00fcn\u00fcn. \u00c7ok \u015feyi hayk\u0131rmak isteyip sadece i\u00e7inizde ya\u015fad\u0131\u011f\u0131n\u0131z b\u00fct\u00fcn duygular ele al\u0131n\u0131yor. Kendinizi bulaca\u011f\u0131n\u0131z, Anadolu\u2019nun o topraklar\u0131nda dans edip, a\u015fk\u0131n ozanlar\u0131ndan kulaklar\u0131n\u0131z\u0131 b\u00fcy\u00fcleyece\u011finiz, i\u00e7inde bir k\u00fc\u00e7\u00fck \u00e7ocuk olup oyunlar kurup, bir b\u00fcy\u00fck olarak dert ve sevincinizi d\u00f6kece\u011finiz ve tabi ki b\u00fcy\u00fcy\u00fcp maneviyata \u00f6nem verece\u011finiz b\u00fct\u00fcn konular\u0131 ele alan, her dizesinde kendinizi kapt\u0131raca\u011f\u0131n\u0131z bir kitap.<\/p>\n<p>Okuman\u0131z\u0131 \u015fiddetle tavsiye ederim.<\/p>\n","protected":false},"excerpt":{"rendered":"<p>Bir bu\u011fulu cam d\u00fc\u015f\u00fcn\u00fcn ve b\u00fct\u00fcn i\u00e7inizden ge\u00e7enleri dizeler halinde ilmek ilmek i\u015fledi\u011finizi d\u00fc\u015f\u00fcn\u00fcn. \u00c7ok \u015feyi hayk\u0131rmak isteyip sadece i\u00e7inizde ya\u015fad\u0131\u011f\u0131n\u0131z b\u00fct\u00fcn duygular ele al\u0131n\u0131yor. Kendinizi bulaca\u011f\u0131n\u0131z, Anadolu\u2019nun o topraklar\u0131nda dans edip, a\u015fk\u0131n ozanlar\u0131ndan kulaklar\u0131n\u0131z\u0131 b\u00fcy\u00fcleyece\u011finiz, i\u00e7inde bir k\u00fc\u00e7\u00fck \u00e7ocuk olup oyunlar kurup, bir b\u00fcy\u00fck olarak dert ve sevincinizi d\u00f6kece\u011finiz ve tabi ki b\u00fcy\u00fcy\u00fcp maneviyata [&hellip;]<\/p>\n","protected":false},"featured_media":21598,"comment_status":"closed","ping_status":"closed","template":"","meta":[],"product_brand":[],"product_cat":[22],"product_tag":[],"class_list":{"0":"post-21597","1":"product","2":"type-product","3":"status-publish","4":"has-post-thumbnail","6":"product_cat-siir","8":"first","9":"instock","10":"sale","11":"shipping-taxable","12":"purchasable","13":"product-type-simple"},"_links":{"self":[{"href":"https:\/\/kutluyayinevi.com\/magaza\/wp-json\/wp\/v2\/product\/21597","targetHints":{"allow":["GET"]}}],"collection":[{"href":"https:\/\/kutluyayinevi.com\/magaza\/wp-json\/wp\/v2\/product"}],"about":[{"href":"https:\/\/kutluyayinevi.com\/magaza\/wp-json\/wp\/v2\/types\/product"}],"replies":[{"embeddable":true,"href":"https:\/\/kutluyayinevi.com\/magaza\/wp-json\/wp\/v2\/comments?post=21597"}],"wp:featuredmedia":[{"embeddable":true,"href":"https:\/\/kutluyayinevi.com\/magaza\/wp-json\/wp\/v2\/media\/21598"}],"wp:attachment":[{"href":"https:\/\/kutluyayinevi.com\/magaza\/wp-json\/wp\/v2\/media?parent=21597"}],"wp:term":[{"taxonomy":"product_brand","embeddable":true,"href":"https:\/\/kutluyayinevi.com\/magaza\/wp-json\/wp\/v2\/product_brand?post=21597"},{"taxonomy":"product_cat","embeddable":true,"href":"https:\/\/kutluyayinevi.com\/magaza\/wp-json\/wp\/v2\/product_cat?post=21597"},{"taxonomy":"product_tag","embeddable":true,"href":"https:\/\/kutluyayinevi.com\/magaza\/wp-json\/wp\/v2\/product_tag?post=21597"}],"curies":[{"name":"wp","href":"https:\/\/api.w.org\/{rel}","templated":true}]}}