{"id":21614,"date":"2022-08-24T14:25:19","date_gmt":"2022-08-24T11:25:19","guid":{"rendered":"https:\/\/kutluyayinevi.com\/magaza\/?post_type=product&#038;p=21614"},"modified":"2025-02-05T16:31:56","modified_gmt":"2025-02-05T13:31:56","slug":"mayanin-dunyasi-maya-ve-arkadaslari-nage-atalay","status":"publish","type":"product","link":"https:\/\/kutluyayinevi.com\/magaza\/urun\/mayanin-dunyasi-maya-ve-arkadaslari-nage-atalay\/","title":{"rendered":"Maya&#8217;n\u0131n D\u00fcnyas\u0131 &#8211; Maya ve Arkada\u015flar\u0131 &#8211; Nage Atalay"},"content":{"rendered":"<p>1986 y\u0131l\u0131nda \u0130stanbul&#8217;da d\u00fcnyaya gelen yazar, Atat\u00fcrk \u00dcniversitesi \u00c7ocuk Geli\u015fimi b\u00f6l\u00fcm\u00fcnden mezun olmu\u015ftur. Devam\u0131nda oyun terapisti, NLP, \u00e7ocuk ve ergenlerle g\u00f6r\u00fc\u015fme teknikleri, dil ve konu\u015fma terapisi, ak\u0131l ve zek\u00e2 oyunlar\u0131 e\u011fitimi, \u00e7ocuk yogas\u0131 e\u011fitimi, \u00e7ocuk testleri uygulay\u0131c\u0131 e\u011fitimi ve \u00e7ocuk geli\u015fimi uzmanl\u0131k e\u011fitimleri alm\u0131\u015ft\u0131r. Evli ve iki \u00e7ocuk annesidir.<\/p>\n","protected":false},"excerpt":{"rendered":"<p>1986 y\u0131l\u0131nda \u0130stanbul&#8217;da d\u00fcnyaya gelen yazar, Atat\u00fcrk \u00dcniversitesi \u00c7ocuk Geli\u015fimi b\u00f6l\u00fcm\u00fcnden mezun olmu\u015ftur. Devam\u0131nda oyun terapisti, NLP, \u00e7ocuk ve ergenlerle g\u00f6r\u00fc\u015fme teknikleri, dil ve konu\u015fma terapisi, ak\u0131l ve zek\u00e2 oyunlar\u0131 e\u011fitimi, \u00e7ocuk yogas\u0131 e\u011fitimi, \u00e7ocuk testleri uygulay\u0131c\u0131 e\u011fitimi ve \u00e7ocuk geli\u015fimi uzmanl\u0131k e\u011fitimleri alm\u0131\u015ft\u0131r. Evli ve iki \u00e7ocuk annesidir.<\/p>\n","protected":false},"featured_media":21615,"comment_status":"closed","ping_status":"closed","template":"","meta":[],"product_brand":[],"product_cat":[25],"product_tag":[],"class_list":{"0":"post-21614","1":"product","2":"type-product","3":"status-publish","4":"has-post-thumbnail","6":"product_cat-cocuk-kitaplari","8":"first","9":"instock","10":"sale","11":"shipping-taxable","12":"purchasable","13":"product-type-simple"},"_links":{"self":[{"href":"https:\/\/kutluyayinevi.com\/magaza\/wp-json\/wp\/v2\/product\/21614","targetHints":{"allow":["GET"]}}],"collection":[{"href":"https:\/\/kutluyayinevi.com\/magaza\/wp-json\/wp\/v2\/product"}],"about":[{"href":"https:\/\/kutluyayinevi.com\/magaza\/wp-json\/wp\/v2\/types\/product"}],"replies":[{"embeddable":true,"href":"https:\/\/kutluyayinevi.com\/magaza\/wp-json\/wp\/v2\/comments?post=21614"}],"wp:featuredmedia":[{"embeddable":true,"href":"https:\/\/kutluyayinevi.com\/magaza\/wp-json\/wp\/v2\/media\/21615"}],"wp:attachment":[{"href":"https:\/\/kutluyayinevi.com\/magaza\/wp-json\/wp\/v2\/media?parent=21614"}],"wp:term":[{"taxonomy":"product_brand","embeddable":true,"href":"https:\/\/kutluyayinevi.com\/magaza\/wp-json\/wp\/v2\/product_brand?post=21614"},{"taxonomy":"product_cat","embeddable":true,"href":"https:\/\/kutluyayinevi.com\/magaza\/wp-json\/wp\/v2\/product_cat?post=21614"},{"taxonomy":"product_tag","embeddable":true,"href":"https:\/\/kutluyayinevi.com\/magaza\/wp-json\/wp\/v2\/product_tag?post=21614"}],"curies":[{"name":"wp","href":"https:\/\/api.w.org\/{rel}","templated":true}]}}