{"id":21639,"date":"2022-09-09T11:16:12","date_gmt":"2022-09-09T08:16:12","guid":{"rendered":"https:\/\/kutluyayinevi.com\/magaza\/?post_type=product&#038;p=21639"},"modified":"2026-02-20T10:47:30","modified_gmt":"2026-02-20T07:47:30","slug":"hancer-kesigi-adil-goksin","status":"publish","type":"product","link":"https:\/\/kutluyayinevi.com\/magaza\/urun\/hancer-kesigi-adil-goksin\/","title":{"rendered":"Han\u00e7er Kesi\u011fi &#8211; Adil G\u00f6k\u015fin"},"content":{"rendered":"<p>\u201ccanland\u0131m bir ku\u011funun suya g\u00f6m\u00fcl\u00fc\u015f\u00fcn\u00fc izlerken arka sokaklar\u0131nda d\u00f6v\u00fcld\u00fcm bu semtin gelgitinde simas\u0131 bana yabanc\u0131 bir sevgilinin notuyla uyand\u0131m g\u00fcne bir kahve i\u00e7ip ba\u015flarken, hat\u0131rlad\u0131m:<br \/>\nhan\u00e7er kesi\u011fi bir r\u00fcya g\u00f6rd\u00fcm, kanlar b\u00fcy\u00fctt\u00fcm g\u00f6lgemde.\u201d<\/p>\n","protected":false},"excerpt":{"rendered":"<p>\u201ccanland\u0131m bir ku\u011funun suya g\u00f6m\u00fcl\u00fc\u015f\u00fcn\u00fc izlerken arka sokaklar\u0131nda d\u00f6v\u00fcld\u00fcm bu semtin gelgitinde simas\u0131 bana yabanc\u0131 bir sevgilinin notuyla uyand\u0131m g\u00fcne bir kahve i\u00e7ip ba\u015flarken, hat\u0131rlad\u0131m: han\u00e7er kesi\u011fi bir r\u00fcya g\u00f6rd\u00fcm, kanlar b\u00fcy\u00fctt\u00fcm g\u00f6lgemde.\u201d<\/p>\n","protected":false},"featured_media":21640,"comment_status":"closed","ping_status":"closed","template":"","meta":[],"product_brand":[],"product_cat":[22],"product_tag":[],"class_list":{"0":"post-21639","1":"product","2":"type-product","3":"status-publish","4":"has-post-thumbnail","6":"product_cat-siir","8":"first","9":"instock","10":"sale","11":"shipping-taxable","12":"purchasable","13":"product-type-simple"},"_links":{"self":[{"href":"https:\/\/kutluyayinevi.com\/magaza\/wp-json\/wp\/v2\/product\/21639","targetHints":{"allow":["GET"]}}],"collection":[{"href":"https:\/\/kutluyayinevi.com\/magaza\/wp-json\/wp\/v2\/product"}],"about":[{"href":"https:\/\/kutluyayinevi.com\/magaza\/wp-json\/wp\/v2\/types\/product"}],"replies":[{"embeddable":true,"href":"https:\/\/kutluyayinevi.com\/magaza\/wp-json\/wp\/v2\/comments?post=21639"}],"wp:featuredmedia":[{"embeddable":true,"href":"https:\/\/kutluyayinevi.com\/magaza\/wp-json\/wp\/v2\/media\/21640"}],"wp:attachment":[{"href":"https:\/\/kutluyayinevi.com\/magaza\/wp-json\/wp\/v2\/media?parent=21639"}],"wp:term":[{"taxonomy":"product_brand","embeddable":true,"href":"https:\/\/kutluyayinevi.com\/magaza\/wp-json\/wp\/v2\/product_brand?post=21639"},{"taxonomy":"product_cat","embeddable":true,"href":"https:\/\/kutluyayinevi.com\/magaza\/wp-json\/wp\/v2\/product_cat?post=21639"},{"taxonomy":"product_tag","embeddable":true,"href":"https:\/\/kutluyayinevi.com\/magaza\/wp-json\/wp\/v2\/product_tag?post=21639"}],"curies":[{"name":"wp","href":"https:\/\/api.w.org\/{rel}","templated":true}]}}