{"id":21657,"date":"2022-09-20T13:54:39","date_gmt":"2022-09-20T10:54:39","guid":{"rendered":"https:\/\/kutluyayinevi.com\/magaza\/?post_type=product&#038;p=21657"},"modified":"2026-02-19T13:33:34","modified_gmt":"2026-02-19T10:33:34","slug":"azeri-degil-turk-sahin-terlan-nezir","status":"publish","type":"product","link":"https:\/\/kutluyayinevi.com\/magaza\/urun\/azeri-degil-turk-sahin-terlan-nezir\/","title":{"rendered":"Azeri De\u011fil T\u00fcrk &#8211; \u015eahin Terlan Nezir"},"content":{"rendered":"<p>&#8220;Azeri&#8221; kelimesi ilk bak\u0131\u015fta &#8220;Azerbaycan&#8221; kelimesinin k\u0131salt\u0131lmas\u0131 gibi g\u00f6r\u00fcnse de asl\u0131nda bu kelime kas\u0131tl\u0131 olarak kullan\u0131lm\u0131\u015f ve alt\u0131nda art niyet ta\u015f\u0131maktad\u0131r.<\/p>\n<p>Azeriler, \u0130ran\u2019da ya\u015fam\u0131\u015f, Fars\u00e7a konu\u015fan ve etnik Fars milletine mensup, ate\u015fe tapan bir topluluktur. Bu toplulu\u011fun Azerbaycan T\u00fcrkleriyle hi\u00e7bir ili\u015fkisi yoktur.<\/p>\n","protected":false},"excerpt":{"rendered":"<p>&#8220;Azeri&#8221; kelimesi ilk bak\u0131\u015fta &#8220;Azerbaycan&#8221; kelimesinin k\u0131salt\u0131lmas\u0131 gibi g\u00f6r\u00fcnse de asl\u0131nda bu kelime kas\u0131tl\u0131 olarak kullan\u0131lm\u0131\u015f ve alt\u0131nda art niyet ta\u015f\u0131maktad\u0131r. Azeriler, \u0130ran\u2019da ya\u015fam\u0131\u015f, Fars\u00e7a konu\u015fan ve etnik Fars milletine mensup, ate\u015fe tapan bir topluluktur. Bu toplulu\u011fun Azerbaycan T\u00fcrkleriyle hi\u00e7bir ili\u015fkisi yoktur.<\/p>\n","protected":false},"featured_media":21658,"comment_status":"closed","ping_status":"closed","template":"","meta":[],"product_brand":[],"product_cat":[24],"product_tag":[],"class_list":{"0":"post-21657","1":"product","2":"type-product","3":"status-publish","4":"has-post-thumbnail","6":"product_cat-roman","8":"first","9":"instock","10":"sale","11":"shipping-taxable","12":"purchasable","13":"product-type-simple"},"_links":{"self":[{"href":"https:\/\/kutluyayinevi.com\/magaza\/wp-json\/wp\/v2\/product\/21657","targetHints":{"allow":["GET"]}}],"collection":[{"href":"https:\/\/kutluyayinevi.com\/magaza\/wp-json\/wp\/v2\/product"}],"about":[{"href":"https:\/\/kutluyayinevi.com\/magaza\/wp-json\/wp\/v2\/types\/product"}],"replies":[{"embeddable":true,"href":"https:\/\/kutluyayinevi.com\/magaza\/wp-json\/wp\/v2\/comments?post=21657"}],"wp:featuredmedia":[{"embeddable":true,"href":"https:\/\/kutluyayinevi.com\/magaza\/wp-json\/wp\/v2\/media\/21658"}],"wp:attachment":[{"href":"https:\/\/kutluyayinevi.com\/magaza\/wp-json\/wp\/v2\/media?parent=21657"}],"wp:term":[{"taxonomy":"product_brand","embeddable":true,"href":"https:\/\/kutluyayinevi.com\/magaza\/wp-json\/wp\/v2\/product_brand?post=21657"},{"taxonomy":"product_cat","embeddable":true,"href":"https:\/\/kutluyayinevi.com\/magaza\/wp-json\/wp\/v2\/product_cat?post=21657"},{"taxonomy":"product_tag","embeddable":true,"href":"https:\/\/kutluyayinevi.com\/magaza\/wp-json\/wp\/v2\/product_tag?post=21657"}],"curies":[{"name":"wp","href":"https:\/\/api.w.org\/{rel}","templated":true}]}}