{"id":21705,"date":"2022-10-13T09:35:54","date_gmt":"2022-10-13T06:35:54","guid":{"rendered":"https:\/\/kutluyayinevi.com\/magaza\/?post_type=product&#038;p=21705"},"modified":"2026-02-20T11:03:21","modified_gmt":"2026-02-20T08:03:21","slug":"ikinci-ruh-mehmet-akif-korkmaz","status":"publish","type":"product","link":"https:\/\/kutluyayinevi.com\/magaza\/urun\/ikinci-ruh-mehmet-akif-korkmaz\/","title":{"rendered":"\u0130kinci Ruh &#8211; Mehmet Akif Korkmaz"},"content":{"rendered":"<p>\u201cG\u00fcne\u015f do\u011funca ay ve y\u0131ld\u0131zlar ba\u015f\u0131n\u0131 al\u0131p, ba\u015fka evrenlere mi \u00e7ekip gitti? Herhalde gitmedi, g\u00fcne\u015fin; daha parlak \u0131\u015f\u0131\u011f\u0131, onlar\u0131 g\u00f6r\u00fcnmez k\u0131ld\u0131. G\u00f6r\u00fcnmez k\u0131lan g\u00fcne\u015fin \u0131\u015f\u0131\u011f\u0131 da de\u011fildi. G\u00f6r\u00fcnmez k\u0131lan bizim g\u00f6z alg\u0131m\u0131z\u0131n \u0131\u015f\u0131\u011fa g\u00f6re d\u00fczenlenmesi ve \u0131\u015f\u0131\u011f\u0131 g\u00f6rmesidir. I\u015f\u0131k yoksa biz k\u00f6r\u00fcz. \u0130nsan g\u00f6z\u00fc \u0131\u015f\u0131kta g\u00f6r\u00fcr. Ve cisimler yaln\u0131z \u0131\u015f\u0131kla g\u00f6r\u00fcn\u00fcr.\u201d<\/p>\n<p>Elinizdeki eser, T\u00fcrk toplumunun modernizm ve t\u00fcketicilik k\u0131skac\u0131 alt\u0131ndaki ruhsall\u0131k aray\u0131\u015flar\u0131n\u0131 anlatmaktad\u0131r. Karakterler bir taraftan mekanikle\u015fmi\u015f d\u00fcnyan\u0131n karanl\u0131klar\u0131na kar\u015f\u0131 m\u00fccadele ederken bir taraftan da \u00f6zlerine ula\u015fabilme m\u00fccadelesi i\u00e7indedirler. Okuyucu, ser\u00fcven boyunca, insan\u0131n manevi aray\u0131\u015flar\u0131n\u0131 ve bu aray\u0131\u015flar\u0131 engelleyen insan\u0131n karanl\u0131k y\u00f6n\u00fcyle birle\u015fmi\u015f modernizmin perdelerini fark edecek\u2026<\/p>\n","protected":false},"excerpt":{"rendered":"<p>\u201cG\u00fcne\u015f do\u011funca ay ve y\u0131ld\u0131zlar ba\u015f\u0131n\u0131 al\u0131p, ba\u015fka evrenlere mi \u00e7ekip gitti? Herhalde gitmedi, g\u00fcne\u015fin; daha parlak \u0131\u015f\u0131\u011f\u0131, onlar\u0131 g\u00f6r\u00fcnmez k\u0131ld\u0131. G\u00f6r\u00fcnmez k\u0131lan g\u00fcne\u015fin \u0131\u015f\u0131\u011f\u0131 da de\u011fildi. G\u00f6r\u00fcnmez k\u0131lan bizim g\u00f6z alg\u0131m\u0131z\u0131n \u0131\u015f\u0131\u011fa g\u00f6re d\u00fczenlenmesi ve \u0131\u015f\u0131\u011f\u0131 g\u00f6rmesidir. I\u015f\u0131k yoksa biz k\u00f6r\u00fcz. \u0130nsan g\u00f6z\u00fc \u0131\u015f\u0131kta g\u00f6r\u00fcr. Ve cisimler yaln\u0131z \u0131\u015f\u0131kla g\u00f6r\u00fcn\u00fcr.\u201d Elinizdeki eser, T\u00fcrk toplumunun [&hellip;]<\/p>\n","protected":false},"featured_media":21714,"comment_status":"closed","ping_status":"closed","template":"","meta":[],"product_brand":[],"product_cat":[24],"product_tag":[],"class_list":{"0":"post-21705","1":"product","2":"type-product","3":"status-publish","4":"has-post-thumbnail","6":"product_cat-roman","8":"first","9":"instock","10":"sale","11":"shipping-taxable","12":"purchasable","13":"product-type-simple"},"_links":{"self":[{"href":"https:\/\/kutluyayinevi.com\/magaza\/wp-json\/wp\/v2\/product\/21705","targetHints":{"allow":["GET"]}}],"collection":[{"href":"https:\/\/kutluyayinevi.com\/magaza\/wp-json\/wp\/v2\/product"}],"about":[{"href":"https:\/\/kutluyayinevi.com\/magaza\/wp-json\/wp\/v2\/types\/product"}],"replies":[{"embeddable":true,"href":"https:\/\/kutluyayinevi.com\/magaza\/wp-json\/wp\/v2\/comments?post=21705"}],"wp:featuredmedia":[{"embeddable":true,"href":"https:\/\/kutluyayinevi.com\/magaza\/wp-json\/wp\/v2\/media\/21714"}],"wp:attachment":[{"href":"https:\/\/kutluyayinevi.com\/magaza\/wp-json\/wp\/v2\/media?parent=21705"}],"wp:term":[{"taxonomy":"product_brand","embeddable":true,"href":"https:\/\/kutluyayinevi.com\/magaza\/wp-json\/wp\/v2\/product_brand?post=21705"},{"taxonomy":"product_cat","embeddable":true,"href":"https:\/\/kutluyayinevi.com\/magaza\/wp-json\/wp\/v2\/product_cat?post=21705"},{"taxonomy":"product_tag","embeddable":true,"href":"https:\/\/kutluyayinevi.com\/magaza\/wp-json\/wp\/v2\/product_tag?post=21705"}],"curies":[{"name":"wp","href":"https:\/\/api.w.org\/{rel}","templated":true}]}}