{"id":21721,"date":"2022-10-18T11:39:15","date_gmt":"2022-10-18T08:39:15","guid":{"rendered":"https:\/\/kutluyayinevi.com\/magaza\/?post_type=product&#038;p=21721"},"modified":"2026-02-23T11:04:35","modified_gmt":"2026-02-23T08:04:35","slug":"vuslat","status":"publish","type":"product","link":"https:\/\/kutluyayinevi.com\/magaza\/urun\/vuslat\/","title":{"rendered":"Vuslat &#8211; Ali \u00dcnal"},"content":{"rendered":"<p>Unutmayacaks\u0131n&#8230;<br \/>\nFakat; hat\u0131rlad\u0131\u011f\u0131n da o olmayacak art\u0131k.<br \/>\nBelki iki \u015feker att\u0131\u011f\u0131 \u00e7ay\u0131 i\u00e7ecek \u015fekersiz.<br \/>\nSen bilmeyeceksin.<br \/>\nBelki g\u00f6zleri bakacak gayr\u0131 hevessiz.<br \/>\nSen g\u00f6rmeyeceksin.<br \/>\nVe asla anmayacak art\u0131k seni dilleri&#8230;<br \/>\nBilmeyecek, onunla ama onsuz ge\u00e7en geceleri.<br \/>\nVazge\u00e7 g\u00f6n\u00fcl! Biten bitti.<br \/>\nS\u00f6k f\u0131rlat, saplad\u0131\u011f\u0131 han\u00e7eri.<br \/>\nAc\u0131 \u00e7ekmek;<br \/>\nBo\u015funa ve yersiz.<br \/>\n\u00d6zleme onu nedensiz.<br \/>\nBelki yeniden ba\u015flan\u0131r&#8230;<br \/>\nBeden kal\u0131nca nefessiz!<\/p>\n","protected":false},"excerpt":{"rendered":"<p>Unutmayacaks\u0131n&#8230; Fakat; hat\u0131rlad\u0131\u011f\u0131n da o olmayacak art\u0131k. Belki iki \u015feker att\u0131\u011f\u0131 \u00e7ay\u0131 i\u00e7ecek \u015fekersiz. Sen bilmeyeceksin. Belki g\u00f6zleri bakacak gayr\u0131 hevessiz. Sen g\u00f6rmeyeceksin. Ve asla anmayacak art\u0131k seni dilleri&#8230; Bilmeyecek, onunla ama onsuz ge\u00e7en geceleri. Vazge\u00e7 g\u00f6n\u00fcl! Biten bitti. S\u00f6k f\u0131rlat, saplad\u0131\u011f\u0131 han\u00e7eri. Ac\u0131 \u00e7ekmek; Bo\u015funa ve yersiz. \u00d6zleme onu nedensiz. Belki yeniden ba\u015flan\u0131r&#8230; Beden [&hellip;]<\/p>\n","protected":false},"featured_media":21722,"comment_status":"closed","ping_status":"closed","template":"","meta":[],"product_brand":[],"product_cat":[22],"product_tag":[67],"class_list":{"0":"post-21721","1":"product","2":"type-product","3":"status-publish","4":"has-post-thumbnail","6":"product_cat-siir","7":"product_tag-kutlu-yayinevi","8":"product_shipping_class-ptt","10":"first","11":"outofstock","12":"sale","13":"shipping-taxable","14":"purchasable","15":"product-type-simple"},"_links":{"self":[{"href":"https:\/\/kutluyayinevi.com\/magaza\/wp-json\/wp\/v2\/product\/21721","targetHints":{"allow":["GET"]}}],"collection":[{"href":"https:\/\/kutluyayinevi.com\/magaza\/wp-json\/wp\/v2\/product"}],"about":[{"href":"https:\/\/kutluyayinevi.com\/magaza\/wp-json\/wp\/v2\/types\/product"}],"replies":[{"embeddable":true,"href":"https:\/\/kutluyayinevi.com\/magaza\/wp-json\/wp\/v2\/comments?post=21721"}],"wp:featuredmedia":[{"embeddable":true,"href":"https:\/\/kutluyayinevi.com\/magaza\/wp-json\/wp\/v2\/media\/21722"}],"wp:attachment":[{"href":"https:\/\/kutluyayinevi.com\/magaza\/wp-json\/wp\/v2\/media?parent=21721"}],"wp:term":[{"taxonomy":"product_brand","embeddable":true,"href":"https:\/\/kutluyayinevi.com\/magaza\/wp-json\/wp\/v2\/product_brand?post=21721"},{"taxonomy":"product_cat","embeddable":true,"href":"https:\/\/kutluyayinevi.com\/magaza\/wp-json\/wp\/v2\/product_cat?post=21721"},{"taxonomy":"product_tag","embeddable":true,"href":"https:\/\/kutluyayinevi.com\/magaza\/wp-json\/wp\/v2\/product_tag?post=21721"}],"curies":[{"name":"wp","href":"https:\/\/api.w.org\/{rel}","templated":true}]}}