{"id":21725,"date":"2022-10-19T12:29:49","date_gmt":"2022-10-19T09:29:49","guid":{"rendered":"https:\/\/kutluyayinevi.com\/magaza\/?post_type=product&#038;p=21725"},"modified":"2026-02-19T12:44:05","modified_gmt":"2026-02-19T09:44:05","slug":"aliye","status":"publish","type":"product","link":"https:\/\/kutluyayinevi.com\/magaza\/urun\/aliye\/","title":{"rendered":"Aliye &#8211; Nuray Karasu"},"content":{"rendered":"<p>\u201c\u2026Sus g\u00f6nl\u00fcm. \u00c7ok dile getirme. Sen dile getirdik\u00e7e g\u00f6nl\u00fcn daha da co\u015fuyor, daha meraklan\u0131yor ve beklemek daha da zorla\u015f\u0131yor. Sus g\u00f6nl\u00fcm. \u00c7ok laf etme. Az s\u00f6yle ki i\u015fimiz olgunla\u015fs\u0131n. Az s\u00f6yle ki Hakk\u2019a kar\u015f\u0131 yanl\u0131\u015f kelam \u00e7\u0131kmas\u0131n. Sus g\u00f6nl\u00fcm. Bir elif miktar\u0131 sus. Az kald\u0131 bahara. Dayan g\u00f6nl\u00fcm. Denizin i\u00e7inde meydana gelen g\u00f6r\u00fcnmeyen dalgalar gibi y\u00fcre\u011fin biliyorum. Beklemekten ba\u015fka \u00e7are olsayd\u0131, seni durdurmazd\u0131m. \u0130nan bana, ama yok. Ba\u015fka \u00e7are yok. Unutma ki, ila\u00e7 bile beklemeden tesir etmez, \u00e7i\u00e7ek bile vakti gelmeden \u00f6nce a\u00e7maz. Sus g\u00f6nl\u00fcm. Seni senden daha iyi bilen Rabbinin h\u00fckm\u00fc vuk\u2019u buluncaya kadar. senin nasibin sana ula\u015f\u0131ncaya kadar, ula\u015fmayanlar\u0131nsa senin nasibin olmad\u0131\u011f\u0131n\u0131 anlayana kadar sus. Sus g\u00f6nl\u00fcm. Onun gelece\u011fini g\u00f6r\u00fcnceye kadar, ac\u0131n\u0131n bala d\u00f6n\u00fc\u015ft\u00fc\u011f\u00fcn\u00fc fark edinceye kadar, Onun g\u00f6nl\u00fcn\u00fcn senin g\u00f6nl\u00fcne muhabbet d\u00fc\u011f\u00fcm\u00fcyle ba\u011fland\u0131\u011f\u0131n\u0131 g\u00f6r\u00fcnceye kadar\u2026<\/p>\n<p>Sus g\u00f6nl\u00fcm. Sebepler var edilinceye kadar, bahaneler olu\u015funcaya, birbirimizin nasibi oluncaya kadar sus\u2026\u201d<br \/>\n\u015eems-i Tebrizi [k.s.]<\/p>\n","protected":false},"excerpt":{"rendered":"<p>\u201c\u2026Sus g\u00f6nl\u00fcm. \u00c7ok dile getirme. Sen dile getirdik\u00e7e g\u00f6nl\u00fcn daha da co\u015fuyor, daha meraklan\u0131yor ve beklemek daha da zorla\u015f\u0131yor. Sus g\u00f6nl\u00fcm. \u00c7ok laf etme. Az s\u00f6yle ki i\u015fimiz olgunla\u015fs\u0131n. Az s\u00f6yle ki Hakk\u2019a kar\u015f\u0131 yanl\u0131\u015f kelam \u00e7\u0131kmas\u0131n. Sus g\u00f6nl\u00fcm. Bir elif miktar\u0131 sus. Az kald\u0131 bahara. Dayan g\u00f6nl\u00fcm. Denizin i\u00e7inde meydana gelen g\u00f6r\u00fcnmeyen dalgalar gibi [&hellip;]<\/p>\n","protected":false},"featured_media":21726,"comment_status":"closed","ping_status":"closed","template":"","meta":[],"product_brand":[],"product_cat":[24],"product_tag":[67],"class_list":{"0":"post-21725","1":"product","2":"type-product","3":"status-publish","4":"has-post-thumbnail","6":"product_cat-roman","7":"product_tag-kutlu-yayinevi","8":"product_shipping_class-ptt","10":"first","11":"instock","12":"sale","13":"shipping-taxable","14":"purchasable","15":"product-type-simple"},"_links":{"self":[{"href":"https:\/\/kutluyayinevi.com\/magaza\/wp-json\/wp\/v2\/product\/21725","targetHints":{"allow":["GET"]}}],"collection":[{"href":"https:\/\/kutluyayinevi.com\/magaza\/wp-json\/wp\/v2\/product"}],"about":[{"href":"https:\/\/kutluyayinevi.com\/magaza\/wp-json\/wp\/v2\/types\/product"}],"replies":[{"embeddable":true,"href":"https:\/\/kutluyayinevi.com\/magaza\/wp-json\/wp\/v2\/comments?post=21725"}],"wp:featuredmedia":[{"embeddable":true,"href":"https:\/\/kutluyayinevi.com\/magaza\/wp-json\/wp\/v2\/media\/21726"}],"wp:attachment":[{"href":"https:\/\/kutluyayinevi.com\/magaza\/wp-json\/wp\/v2\/media?parent=21725"}],"wp:term":[{"taxonomy":"product_brand","embeddable":true,"href":"https:\/\/kutluyayinevi.com\/magaza\/wp-json\/wp\/v2\/product_brand?post=21725"},{"taxonomy":"product_cat","embeddable":true,"href":"https:\/\/kutluyayinevi.com\/magaza\/wp-json\/wp\/v2\/product_cat?post=21725"},{"taxonomy":"product_tag","embeddable":true,"href":"https:\/\/kutluyayinevi.com\/magaza\/wp-json\/wp\/v2\/product_tag?post=21725"}],"curies":[{"name":"wp","href":"https:\/\/api.w.org\/{rel}","templated":true}]}}