{"id":21750,"date":"2022-10-25T13:39:40","date_gmt":"2022-10-25T10:39:40","guid":{"rendered":"https:\/\/kutluyayinevi.com\/magaza\/?post_type=product&#038;p=21750"},"modified":"2026-02-19T15:22:12","modified_gmt":"2026-02-19T12:22:12","slug":"bir-yavru-cigligi-ruveyda-yildirim","status":"publish","type":"product","link":"https:\/\/kutluyayinevi.com\/magaza\/urun\/bir-yavru-cigligi-ruveyda-yildirim\/","title":{"rendered":"Bir Yavru \u00c7\u0131\u011fl\u0131\u011f\u0131 &#8211; R\u00fcveyda Y\u0131ld\u0131r\u0131m"},"content":{"rendered":"<p>\u201cBir Yavru \u00c7\u0131\u011fl\u0131\u011f\u0131\u201d adl\u0131 bu yap\u0131t yazar\u0131n ilk eseridir.<\/p>\n<p>Yazar, bu eserinde bir\u00e7ok ya\u015fanm\u0131\u015fl\u0131\u011f\u0131n ard\u0131ndan, d\u0131\u015fa vurmadan i\u00e7ine kan a\u011flar gibi b\u0131rakan ki\u015filere sesleniyor. Hem yol hem yolda\u015f olup onlarla psikolojik ba\u011f kuruyor.<\/p>\n<p>Duydu\u011fu, ya\u015fad\u0131\u011f\u0131 hatta bizzat \u015fahit oldu\u011fu baz\u0131 durumlar\u0131 sanki bizzat kendisi ya\u015fam\u0131\u015f\u00e7as\u0131na \u00fcst\u00fc kapal\u0131 bir \u015fekilde kaleme al\u0131yor. Kimini d\u00fczyaz\u0131 kimini \u015fiir kimini ise psikoloji ve motivasyonu i\u00e7 i\u00e7e sararak anlatm\u0131\u015f. Her okuyan\u0131n kendinden bir par\u00e7a bir \u015feyler bulabilece\u011fi bir yap\u0131t.<\/p>\n<p>Dikkatli ol! Belki de senden de bir par\u00e7a \u015feyler anlat\u0131lm\u0131\u015f&#8230;<\/p>\n","protected":false},"excerpt":{"rendered":"<p>\u201cBir Yavru \u00c7\u0131\u011fl\u0131\u011f\u0131\u201d adl\u0131 bu yap\u0131t yazar\u0131n ilk eseridir. Yazar, bu eserinde bir\u00e7ok ya\u015fanm\u0131\u015fl\u0131\u011f\u0131n ard\u0131ndan, d\u0131\u015fa vurmadan i\u00e7ine kan a\u011flar gibi b\u0131rakan ki\u015filere sesleniyor. Hem yol hem yolda\u015f olup onlarla psikolojik ba\u011f kuruyor. Duydu\u011fu, ya\u015fad\u0131\u011f\u0131 hatta bizzat \u015fahit oldu\u011fu baz\u0131 durumlar\u0131 sanki bizzat kendisi ya\u015fam\u0131\u015f\u00e7as\u0131na \u00fcst\u00fc kapal\u0131 bir \u015fekilde kaleme al\u0131yor. Kimini d\u00fczyaz\u0131 kimini \u015fiir [&hellip;]<\/p>\n","protected":false},"featured_media":21751,"comment_status":"closed","ping_status":"closed","template":"","meta":[],"product_brand":[],"product_cat":[22],"product_tag":[],"class_list":{"0":"post-21750","1":"product","2":"type-product","3":"status-publish","4":"has-post-thumbnail","6":"product_cat-siir","8":"first","9":"instock","10":"sale","11":"shipping-taxable","12":"purchasable","13":"product-type-simple"},"_links":{"self":[{"href":"https:\/\/kutluyayinevi.com\/magaza\/wp-json\/wp\/v2\/product\/21750","targetHints":{"allow":["GET"]}}],"collection":[{"href":"https:\/\/kutluyayinevi.com\/magaza\/wp-json\/wp\/v2\/product"}],"about":[{"href":"https:\/\/kutluyayinevi.com\/magaza\/wp-json\/wp\/v2\/types\/product"}],"replies":[{"embeddable":true,"href":"https:\/\/kutluyayinevi.com\/magaza\/wp-json\/wp\/v2\/comments?post=21750"}],"wp:featuredmedia":[{"embeddable":true,"href":"https:\/\/kutluyayinevi.com\/magaza\/wp-json\/wp\/v2\/media\/21751"}],"wp:attachment":[{"href":"https:\/\/kutluyayinevi.com\/magaza\/wp-json\/wp\/v2\/media?parent=21750"}],"wp:term":[{"taxonomy":"product_brand","embeddable":true,"href":"https:\/\/kutluyayinevi.com\/magaza\/wp-json\/wp\/v2\/product_brand?post=21750"},{"taxonomy":"product_cat","embeddable":true,"href":"https:\/\/kutluyayinevi.com\/magaza\/wp-json\/wp\/v2\/product_cat?post=21750"},{"taxonomy":"product_tag","embeddable":true,"href":"https:\/\/kutluyayinevi.com\/magaza\/wp-json\/wp\/v2\/product_tag?post=21750"}],"curies":[{"name":"wp","href":"https:\/\/api.w.org\/{rel}","templated":true}]}}