{"id":21811,"date":"2022-11-15T11:39:40","date_gmt":"2022-11-15T08:39:40","guid":{"rendered":"https:\/\/kutluyayinevi.com\/magaza\/?post_type=product&#038;p=21811"},"modified":"2026-02-19T15:46:28","modified_gmt":"2026-02-19T12:46:28","slug":"cevdet-kudretin-romanlarinda-sosyal-hayat-yusuf-copur","status":"publish","type":"product","link":"https:\/\/kutluyayinevi.com\/magaza\/urun\/cevdet-kudretin-romanlarinda-sosyal-hayat-yusuf-copur\/","title":{"rendered":"Cevdet Kudret&#8217;in Romanlar\u0131nda Sosyal Hayat &#8211; Yusuf \u00c7opur"},"content":{"rendered":"<p>Cevdet Kudret\u2019in S\u0131n\u0131f Arkada\u015flar\u0131 (1943), Havada Bulut Yok (1958) ve Kar\u0131ncay\u0131 Tan\u0131rs\u0131n\u0131z (1976) ad\u0131nda \u00fc\u00e7 roman\u0131 vard\u0131r. Cevdet Kudret\u2019in romanlar\u0131, kendi ya\u015fam ger\u00e7ekli\u011finden derin izler ta\u015f\u0131r. Bu y\u00f6n\u00fcyle her \u00fc\u00e7 eser de -a\u011f\u0131rl\u0131kl\u0131 olarak- kurgusal bir zeminden ziyade ele\u015ftirel ger\u00e7ek\u00e7i bir anlat\u0131m d\u00fczleminde yaz\u0131lm\u0131\u015ft\u0131r. Romanlar, 1914\u2019den 1950\u2019li y\u0131llara kadarki s\u00fcreci kapsar ve Birinci, \u0130kinci D\u00fcnya Sava\u015flar\u0131n\u0131n ya\u015fatt\u0131\u011f\u0131 k\u00fclt\u00fcrel, ekonomik, sosyal de\u011fi\u015fim, d\u00f6n\u00fc\u015f\u00fcm ve sars\u0131nt\u0131lara yer verir.<\/p>\n<p>Cevdet Kudret, kendi ya\u015fam\u0131ndan derin izler ta\u015f\u0131yan bu romanlarda ya\u015fad\u0131\u011f\u0131 d\u00f6nemin \u201csosyolojik haritas\u0131n\u0131\u201d \u00e7\u0131karm\u0131\u015f ve bir ayd\u0131n, yazar ve \u201croman karakteri\u201d olarak, k\u00f6y romanlar\u0131n\u0131n en yayg\u0131n oldu\u011fu d\u00f6nemde kent yoksullu\u011funu anlatarak edebiyat\u0131m\u0131za anlaml\u0131 katk\u0131lar sunmu\u015ftur.<\/p>\n","protected":false},"excerpt":{"rendered":"<p>Cevdet Kudret\u2019in S\u0131n\u0131f Arkada\u015flar\u0131 (1943), Havada Bulut Yok (1958) ve Kar\u0131ncay\u0131 Tan\u0131rs\u0131n\u0131z (1976) ad\u0131nda \u00fc\u00e7 roman\u0131 vard\u0131r. Cevdet Kudret\u2019in romanlar\u0131, kendi ya\u015fam ger\u00e7ekli\u011finden derin izler ta\u015f\u0131r. Bu y\u00f6n\u00fcyle her \u00fc\u00e7 eser de -a\u011f\u0131rl\u0131kl\u0131 olarak- kurgusal bir zeminden ziyade ele\u015ftirel ger\u00e7ek\u00e7i bir anlat\u0131m d\u00fczleminde yaz\u0131lm\u0131\u015ft\u0131r. Romanlar, 1914\u2019den 1950\u2019li y\u0131llara kadarki s\u00fcreci kapsar ve Birinci, \u0130kinci D\u00fcnya [&hellip;]<\/p>\n","protected":false},"featured_media":21812,"comment_status":"closed","ping_status":"closed","template":"","meta":[],"product_brand":[],"product_cat":[106],"product_tag":[],"class_list":{"0":"post-21811","1":"product","2":"type-product","3":"status-publish","4":"has-post-thumbnail","6":"product_cat-akademik","8":"first","9":"instock","10":"sale","11":"shipping-taxable","12":"purchasable","13":"product-type-simple"},"_links":{"self":[{"href":"https:\/\/kutluyayinevi.com\/magaza\/wp-json\/wp\/v2\/product\/21811","targetHints":{"allow":["GET"]}}],"collection":[{"href":"https:\/\/kutluyayinevi.com\/magaza\/wp-json\/wp\/v2\/product"}],"about":[{"href":"https:\/\/kutluyayinevi.com\/magaza\/wp-json\/wp\/v2\/types\/product"}],"replies":[{"embeddable":true,"href":"https:\/\/kutluyayinevi.com\/magaza\/wp-json\/wp\/v2\/comments?post=21811"}],"wp:featuredmedia":[{"embeddable":true,"href":"https:\/\/kutluyayinevi.com\/magaza\/wp-json\/wp\/v2\/media\/21812"}],"wp:attachment":[{"href":"https:\/\/kutluyayinevi.com\/magaza\/wp-json\/wp\/v2\/media?parent=21811"}],"wp:term":[{"taxonomy":"product_brand","embeddable":true,"href":"https:\/\/kutluyayinevi.com\/magaza\/wp-json\/wp\/v2\/product_brand?post=21811"},{"taxonomy":"product_cat","embeddable":true,"href":"https:\/\/kutluyayinevi.com\/magaza\/wp-json\/wp\/v2\/product_cat?post=21811"},{"taxonomy":"product_tag","embeddable":true,"href":"https:\/\/kutluyayinevi.com\/magaza\/wp-json\/wp\/v2\/product_tag?post=21811"}],"curies":[{"name":"wp","href":"https:\/\/api.w.org\/{rel}","templated":true}]}}