{"id":21813,"date":"2022-11-15T11:44:23","date_gmt":"2022-11-15T08:44:23","guid":{"rendered":"https:\/\/kutluyayinevi.com\/magaza\/?post_type=product&#038;p=21813"},"modified":"2026-02-20T10:40:36","modified_gmt":"2026-02-20T07:40:36","slug":"ha-anam-sinifi-suleyman-uluturk","status":"publish","type":"product","link":"https:\/\/kutluyayinevi.com\/magaza\/urun\/ha-anam-sinifi-suleyman-uluturk\/","title":{"rendered":"Ha Anam S\u0131n\u0131f\u0131 &#8211; S\u00fcleyman Ulut\u00fcrk"},"content":{"rendered":"<p>\u00d6\u011frenciler, s\u0131n\u0131fta s\u0131ralar\u0131nda oturmaktad\u0131r. \u00d6\u011fretmenin ilk atamas\u0131 ve ilk dersidir. \u0130\u00e7eri girer ve s\u0131n\u0131f\u0131n seviyesini kontrol etmek ister.<br \/>\nEvet, \u00e7ocuklar! \u0130lk dersimi sizlerle yapmaktan mutluyum. Umar\u0131m uyum i\u00e7inde bir y\u0131l ge\u00e7iririz. \u201c\u00d6nce sizlerle tan\u0131\u015fal\u0131m bakal\u0131m. Benim ad\u0131m Zekiye. Zekiye Hortlak! \u015eimdi sizleri tan\u0131yal\u0131m. Herkes, aya\u011fa kalkarak kendini tan\u0131ts\u0131n.\u201d Bunun \u00fczerine \u00f6\u011frenciler, aya\u011fa kalkarak s\u0131rayla kendilerini tan\u0131tmaya ba\u015flarlar. \u201cBen, Canavar Cafer!\u201d \u201cBen, Tilki Metin!\u201d \u201cBen, Ha\u015fmetullah Sergen!\u201d K\u0131r\u0131tarak: \u201cBen, Ay Yanici\u011fim Jale!\u201d Bayg\u0131n bayg\u0131n bakarak: \u201cBen, Bebek Y\u00fczl\u00fc Hale!\u201d \u00d6\u011fretmen: \u201cAllah Allah! Sizin ne bi\u00e7im isimleriniz var b\u00f6yle!\u201d Neyse devam edin bakal\u0131m.\u201d \u201cBen, Cin Ali!\u201d \u201cBen, F\u0131y\u0131ldak Yukiye (Rukiye)!\u201d \u201cBen, Evliya Emine!..\u201d<br \/>\nTam bu s\u0131rada n\u00f6bet\u00e7i \u00f6\u011frenci s\u0131n\u0131fa girer, \u00f6\u011fretmene: \u201cHocam, m\u00fcfetti\u015f gelmi\u015f, sizin s\u0131n\u0131fa geliyormu\u015f.\u201d<br \/>\n\u00d6\u011fretmen, yumruklar\u0131n\u0131 havaya kald\u0131r\u0131r: \u201cHay, Allah\u2019\u0131m! Daha ilk derste insan\u0131n dersine m\u00fcfetti\u015f mi gelir be, bu ne bi\u00e7im i\u015f b\u00f6yle?!..\u201d<\/p>\n","protected":false},"excerpt":{"rendered":"<p>\u00d6\u011frenciler, s\u0131n\u0131fta s\u0131ralar\u0131nda oturmaktad\u0131r. \u00d6\u011fretmenin ilk atamas\u0131 ve ilk dersidir. \u0130\u00e7eri girer ve s\u0131n\u0131f\u0131n seviyesini kontrol etmek ister. Evet, \u00e7ocuklar! \u0130lk dersimi sizlerle yapmaktan mutluyum. Umar\u0131m uyum i\u00e7inde bir y\u0131l ge\u00e7iririz. \u201c\u00d6nce sizlerle tan\u0131\u015fal\u0131m bakal\u0131m. Benim ad\u0131m Zekiye. Zekiye Hortlak! \u015eimdi sizleri tan\u0131yal\u0131m. Herkes, aya\u011fa kalkarak kendini tan\u0131ts\u0131n.\u201d Bunun \u00fczerine \u00f6\u011frenciler, aya\u011fa kalkarak s\u0131rayla kendilerini [&hellip;]<\/p>\n","protected":false},"featured_media":21814,"comment_status":"closed","ping_status":"closed","template":"","meta":[],"product_brand":[],"product_cat":[26],"product_tag":[],"class_list":{"0":"post-21813","1":"product","2":"type-product","3":"status-publish","4":"has-post-thumbnail","6":"product_cat-deneme","8":"first","9":"instock","10":"sale","11":"shipping-taxable","12":"purchasable","13":"product-type-simple"},"_links":{"self":[{"href":"https:\/\/kutluyayinevi.com\/magaza\/wp-json\/wp\/v2\/product\/21813","targetHints":{"allow":["GET"]}}],"collection":[{"href":"https:\/\/kutluyayinevi.com\/magaza\/wp-json\/wp\/v2\/product"}],"about":[{"href":"https:\/\/kutluyayinevi.com\/magaza\/wp-json\/wp\/v2\/types\/product"}],"replies":[{"embeddable":true,"href":"https:\/\/kutluyayinevi.com\/magaza\/wp-json\/wp\/v2\/comments?post=21813"}],"wp:featuredmedia":[{"embeddable":true,"href":"https:\/\/kutluyayinevi.com\/magaza\/wp-json\/wp\/v2\/media\/21814"}],"wp:attachment":[{"href":"https:\/\/kutluyayinevi.com\/magaza\/wp-json\/wp\/v2\/media?parent=21813"}],"wp:term":[{"taxonomy":"product_brand","embeddable":true,"href":"https:\/\/kutluyayinevi.com\/magaza\/wp-json\/wp\/v2\/product_brand?post=21813"},{"taxonomy":"product_cat","embeddable":true,"href":"https:\/\/kutluyayinevi.com\/magaza\/wp-json\/wp\/v2\/product_cat?post=21813"},{"taxonomy":"product_tag","embeddable":true,"href":"https:\/\/kutluyayinevi.com\/magaza\/wp-json\/wp\/v2\/product_tag?post=21813"}],"curies":[{"name":"wp","href":"https:\/\/api.w.org\/{rel}","templated":true}]}}