{"id":21815,"date":"2022-11-15T11:49:40","date_gmt":"2022-11-15T08:49:40","guid":{"rendered":"https:\/\/kutluyayinevi.com\/magaza\/?post_type=product&#038;p=21815"},"modified":"2023-04-13T10:10:22","modified_gmt":"2023-04-13T07:10:22","slug":"yavru-vatandan-antalyaya-umut-ucucu","status":"publish","type":"product","link":"https:\/\/kutluyayinevi.com\/magaza\/urun\/yavru-vatandan-antalyaya-umut-ucucu\/","title":{"rendered":"Yavru Vatandan Antalya\u2019ya &#8211; Umut U\u00e7ucu"},"content":{"rendered":"<p>\u2018\u2019\u2026O g\u00fcnden sonra u\u00e7aklara farkl\u0131 bir g\u00f6zle bakmaya ba\u015flad\u0131m. Art\u0131k havadayken titremiyor, g\u00f6zlerimi s\u0131k\u0131ca yumma ihtiyac\u0131 duymuyordum. Aksine; beyaz ve maviye, ikisini bir bardakta kar\u0131\u015ft\u0131r\u0131p yudumlamak istercesine bak\u0131yordum. Sen de \u00e7\u0131km\u0131\u015ft\u0131n \u00e7\u00fcnk\u00fc g\u00f6ky\u00fcz\u00fcne, bu y\u00fczden oras\u0131 benim i\u00e7in tehlike olmaktan \u00e7\u0131km\u0131\u015ft\u0131. Evimde gibiydim. Sen olmasayd\u0131n g\u00fczel \u00fclkeme bu denli hayranl\u0131k duyamayacakt\u0131m. Do\u011fdu\u011fun yere a\u015f\u0131k oldum \u00f6nce, sonra oran\u0131n kom\u015fular\u0131na, sonra b\u00fct\u00fcn Akdeniz\u2019e\u2026 Nas\u0131l oldu bilmiyorum ama artmaktan bir an olsun geri kalmad\u0131 bu sevgi seli. \u015eu anda \u0130nce Burun\u2019dan Beysun Koyu\u2019na, G\u00f6k\u00e7eada\u2019dan Aras Irma\u011f\u0131\u2019na kadar her yerine yan\u0131p tutu\u015fuyorum bu cennet vatan\u0131n. Her yerini gezmek, her \u015fehrinin havas\u0131n\u0131 solumak, her k\u00fclt\u00fcr\u00fcn\u00fcn yemeklerini tatmak, her su kayna\u011f\u0131ndan birer bardak su i\u00e7mek istiyorum. Uzanmak istiyorum topraklar\u0131na. Kolay kazanmad\u0131\u011f\u0131m\u0131z, k\u00e2inat\u0131n sonu gelene kadar da kaybetmeyece\u011fimiz topraklar\u0131na\u2026\u2019\u2019De\u011fi\u015fik t\u00fcrlerin sayfalarda nefes al\u0131p verdi\u011fi, ba\u015fl\u0131ktan ba\u015fl\u0131\u011fa yo\u011funlu\u011fu de\u011fi\u015fmekle birlikte g\u00fcn\u00fcm\u00fczde insanlar taraf\u0131ndan yozla\u015fmaya m\u00e2hkum edilen \u2018\u2019ger\u00e7ek sevginin\u2019\u2019 her f\u0131rsatta okuyucuyu selamlad\u0131\u011f\u0131 bir eser. Ayr\u0131ca yediden yetmi\u015fe her insan\u0131n ihtiya\u00e7 duyabilece\u011fi hayat dersleri, yer yer genel k\u00fclt\u00fcr\u00fc geli\u015ftirecek bilgiler ve ba\u015fta bu g\u00fczel \u00fclkenin g\u00fczelli\u011fine g\u00fczellik katan Antalya\u2019ya olmak \u00fczere anavatan\u0131n ve yavru vatan\u0131n en \u00f6zel yerlerine yap\u0131lan vurgular sat\u0131rlarda yolculu\u011fa \u00e7\u0131kan herkesi sevgiyle kucakl\u0131yor.<\/p>\n","protected":false},"excerpt":{"rendered":"<p>\u2018\u2019\u2026O g\u00fcnden sonra u\u00e7aklara farkl\u0131 bir g\u00f6zle bakmaya ba\u015flad\u0131m. Art\u0131k havadayken titremiyor, g\u00f6zlerimi s\u0131k\u0131ca yumma ihtiyac\u0131 duymuyordum. Aksine; beyaz ve maviye, ikisini bir bardakta kar\u0131\u015ft\u0131r\u0131p yudumlamak istercesine bak\u0131yordum. Sen de \u00e7\u0131km\u0131\u015ft\u0131n \u00e7\u00fcnk\u00fc g\u00f6ky\u00fcz\u00fcne, bu y\u00fczden oras\u0131 benim i\u00e7in tehlike olmaktan \u00e7\u0131km\u0131\u015ft\u0131. Evimde gibiydim. Sen olmasayd\u0131n g\u00fczel \u00fclkeme bu denli hayranl\u0131k duyamayacakt\u0131m. Do\u011fdu\u011fun yere a\u015f\u0131k oldum [&hellip;]<\/p>\n","protected":false},"featured_media":21816,"comment_status":"closed","ping_status":"closed","template":"","meta":[],"product_brand":[],"product_cat":[59],"product_tag":[],"class_list":{"0":"post-21815","1":"product","2":"type-product","3":"status-publish","4":"has-post-thumbnail","6":"product_cat-derleme","8":"first","9":"instock","10":"sale","11":"shipping-taxable","12":"purchasable","13":"product-type-simple"},"_links":{"self":[{"href":"https:\/\/kutluyayinevi.com\/magaza\/wp-json\/wp\/v2\/product\/21815","targetHints":{"allow":["GET"]}}],"collection":[{"href":"https:\/\/kutluyayinevi.com\/magaza\/wp-json\/wp\/v2\/product"}],"about":[{"href":"https:\/\/kutluyayinevi.com\/magaza\/wp-json\/wp\/v2\/types\/product"}],"replies":[{"embeddable":true,"href":"https:\/\/kutluyayinevi.com\/magaza\/wp-json\/wp\/v2\/comments?post=21815"}],"wp:featuredmedia":[{"embeddable":true,"href":"https:\/\/kutluyayinevi.com\/magaza\/wp-json\/wp\/v2\/media\/21816"}],"wp:attachment":[{"href":"https:\/\/kutluyayinevi.com\/magaza\/wp-json\/wp\/v2\/media?parent=21815"}],"wp:term":[{"taxonomy":"product_brand","embeddable":true,"href":"https:\/\/kutluyayinevi.com\/magaza\/wp-json\/wp\/v2\/product_brand?post=21815"},{"taxonomy":"product_cat","embeddable":true,"href":"https:\/\/kutluyayinevi.com\/magaza\/wp-json\/wp\/v2\/product_cat?post=21815"},{"taxonomy":"product_tag","embeddable":true,"href":"https:\/\/kutluyayinevi.com\/magaza\/wp-json\/wp\/v2\/product_tag?post=21815"}],"curies":[{"name":"wp","href":"https:\/\/api.w.org\/{rel}","templated":true}]}}