{"id":21819,"date":"2022-11-15T15:31:18","date_gmt":"2022-11-15T12:31:18","guid":{"rendered":"https:\/\/kutluyayinevi.com\/magaza\/?post_type=product&#038;p=21819"},"modified":"2026-02-20T12:50:05","modified_gmt":"2026-02-20T09:50:05","slug":"kurumsal-risk-yonetimi-dr-cemil-tartan","status":"publish","type":"product","link":"https:\/\/kutluyayinevi.com\/magaza\/urun\/kurumsal-risk-yonetimi-dr-cemil-tartan\/","title":{"rendered":"Kurumsal Risk Y\u00f6netimi &#8211; Dr. Cemil Tartan"},"content":{"rendered":"<p>Sanayi devriminden sonra, modern ya\u015fam bi\u00e7imlerine ge\u00e7ilmesiyle ve teknolojinin geli\u015fmesiyle etik de\u011ferlerin azald\u0131\u011f\u0131, sahtecili\u011fin, veri h\u0131rs\u0131zl\u0131\u011f\u0131n\u0131n artt\u0131\u011f\u0131, insanlar\u0131n daha fazla bir arada ya\u015famas\u0131yla ve k\u00fcreselle\u015fmenin etkisiyle yo\u011fun altyap\u0131 ve sermaye yo\u011fun \u00fcretime ge\u00e7ilmesiyle, felaketlerin ve finansal krizlerin etkisinin daha fazla artt\u0131\u011f\u0131 g\u00f6r\u00fclmektedir. Bu nedenle mali kay\u0131p riskleri dolay\u0131s\u0131yla zararlar\u0131 da g\u00fcn\u00fcm\u00fczde \u00e7ok daha b\u00fcy\u00fck ve yo\u011fun olmaktad\u0131r. Risk Y\u00f6netimi ile i\u015fletmeler bu risk ve zararlar\u0131 y\u00f6netmek ve bu risklere kar\u015f\u0131 \u00f6nlem almak zorunda kalmaktad\u0131rlar.<\/p>\n","protected":false},"excerpt":{"rendered":"<p>Sanayi devriminden sonra, modern ya\u015fam bi\u00e7imlerine ge\u00e7ilmesiyle ve teknolojinin geli\u015fmesiyle etik de\u011ferlerin azald\u0131\u011f\u0131, sahtecili\u011fin, veri h\u0131rs\u0131zl\u0131\u011f\u0131n\u0131n artt\u0131\u011f\u0131, insanlar\u0131n daha fazla bir arada ya\u015famas\u0131yla ve k\u00fcreselle\u015fmenin etkisiyle yo\u011fun altyap\u0131 ve sermaye yo\u011fun \u00fcretime ge\u00e7ilmesiyle, felaketlerin ve finansal krizlerin etkisinin daha fazla artt\u0131\u011f\u0131 g\u00f6r\u00fclmektedir. Bu nedenle mali kay\u0131p riskleri dolay\u0131s\u0131yla zararlar\u0131 da g\u00fcn\u00fcm\u00fczde \u00e7ok daha b\u00fcy\u00fck ve [&hellip;]<\/p>\n","protected":false},"featured_media":21820,"comment_status":"closed","ping_status":"closed","template":"","meta":[],"product_brand":[],"product_cat":[111],"product_tag":[],"class_list":{"0":"post-21819","1":"product","2":"type-product","3":"status-publish","4":"has-post-thumbnail","6":"product_cat-ekonomi","8":"first","9":"instock","10":"sale","11":"shipping-taxable","12":"purchasable","13":"product-type-simple"},"_links":{"self":[{"href":"https:\/\/kutluyayinevi.com\/magaza\/wp-json\/wp\/v2\/product\/21819","targetHints":{"allow":["GET"]}}],"collection":[{"href":"https:\/\/kutluyayinevi.com\/magaza\/wp-json\/wp\/v2\/product"}],"about":[{"href":"https:\/\/kutluyayinevi.com\/magaza\/wp-json\/wp\/v2\/types\/product"}],"replies":[{"embeddable":true,"href":"https:\/\/kutluyayinevi.com\/magaza\/wp-json\/wp\/v2\/comments?post=21819"}],"wp:featuredmedia":[{"embeddable":true,"href":"https:\/\/kutluyayinevi.com\/magaza\/wp-json\/wp\/v2\/media\/21820"}],"wp:attachment":[{"href":"https:\/\/kutluyayinevi.com\/magaza\/wp-json\/wp\/v2\/media?parent=21819"}],"wp:term":[{"taxonomy":"product_brand","embeddable":true,"href":"https:\/\/kutluyayinevi.com\/magaza\/wp-json\/wp\/v2\/product_brand?post=21819"},{"taxonomy":"product_cat","embeddable":true,"href":"https:\/\/kutluyayinevi.com\/magaza\/wp-json\/wp\/v2\/product_cat?post=21819"},{"taxonomy":"product_tag","embeddable":true,"href":"https:\/\/kutluyayinevi.com\/magaza\/wp-json\/wp\/v2\/product_tag?post=21819"}],"curies":[{"name":"wp","href":"https:\/\/api.w.org\/{rel}","templated":true}]}}