{"id":21857,"date":"2022-12-14T09:51:31","date_gmt":"2022-12-14T06:51:31","guid":{"rendered":"https:\/\/kutluyayinevi.com\/magaza\/?post_type=product&#038;p=21857"},"modified":"2026-02-23T10:19:57","modified_gmt":"2026-02-23T07:19:57","slug":"tanriya-mektup-songul-alsan","status":"publish","type":"product","link":"https:\/\/kutluyayinevi.com\/magaza\/urun\/tanriya-mektup-songul-alsan\/","title":{"rendered":"Tanr\u0131&#8217;ya Mektup &#8211; Song\u00fcl Al\u015fan"},"content":{"rendered":"<p>\u015eiir i\u00e7imizdeki bo\u015flu\u011fa yaz\u0131l\u0131r.<br \/>\nTanr\u0131&#8217;ya,<br \/>\nSevgiliye,<br \/>\nAc\u0131ya,<br \/>\nZafere,<br \/>\nUmuda&#8230;<br \/>\nYaz\u0131lar yazg\u0131lar\u0131m\u0131z\u0131n yolda\u015f\u0131,<br \/>\n\u015eiir yazana selam \u015fiir yaz\u0131lana a\u015fk olsun.<\/p>\n","protected":false},"excerpt":{"rendered":"<p>\u015eiir i\u00e7imizdeki bo\u015flu\u011fa yaz\u0131l\u0131r. Tanr\u0131&#8217;ya, Sevgiliye, Ac\u0131ya, Zafere, Umuda&#8230; Yaz\u0131lar yazg\u0131lar\u0131m\u0131z\u0131n yolda\u015f\u0131, \u015eiir yazana selam \u015fiir yaz\u0131lana a\u015fk olsun.<\/p>\n","protected":false},"featured_media":21858,"comment_status":"closed","ping_status":"closed","template":"","meta":[],"product_brand":[],"product_cat":[22],"product_tag":[],"class_list":{"0":"post-21857","1":"product","2":"type-product","3":"status-publish","4":"has-post-thumbnail","6":"product_cat-siir","8":"first","9":"instock","10":"sale","11":"shipping-taxable","12":"purchasable","13":"product-type-simple"},"_links":{"self":[{"href":"https:\/\/kutluyayinevi.com\/magaza\/wp-json\/wp\/v2\/product\/21857","targetHints":{"allow":["GET"]}}],"collection":[{"href":"https:\/\/kutluyayinevi.com\/magaza\/wp-json\/wp\/v2\/product"}],"about":[{"href":"https:\/\/kutluyayinevi.com\/magaza\/wp-json\/wp\/v2\/types\/product"}],"replies":[{"embeddable":true,"href":"https:\/\/kutluyayinevi.com\/magaza\/wp-json\/wp\/v2\/comments?post=21857"}],"wp:featuredmedia":[{"embeddable":true,"href":"https:\/\/kutluyayinevi.com\/magaza\/wp-json\/wp\/v2\/media\/21858"}],"wp:attachment":[{"href":"https:\/\/kutluyayinevi.com\/magaza\/wp-json\/wp\/v2\/media?parent=21857"}],"wp:term":[{"taxonomy":"product_brand","embeddable":true,"href":"https:\/\/kutluyayinevi.com\/magaza\/wp-json\/wp\/v2\/product_brand?post=21857"},{"taxonomy":"product_cat","embeddable":true,"href":"https:\/\/kutluyayinevi.com\/magaza\/wp-json\/wp\/v2\/product_cat?post=21857"},{"taxonomy":"product_tag","embeddable":true,"href":"https:\/\/kutluyayinevi.com\/magaza\/wp-json\/wp\/v2\/product_tag?post=21857"}],"curies":[{"name":"wp","href":"https:\/\/api.w.org\/{rel}","templated":true}]}}