{"id":21859,"date":"2022-12-14T09:57:30","date_gmt":"2022-12-14T06:57:30","guid":{"rendered":"https:\/\/kutluyayinevi.com\/magaza\/?post_type=product&#038;p=21859"},"modified":"2026-02-19T17:31:41","modified_gmt":"2026-02-19T14:31:41","slug":"elimi-kalbime-koydum-pinar-albak","status":"publish","type":"product","link":"https:\/\/kutluyayinevi.com\/magaza\/urun\/elimi-kalbime-koydum-pinar-albak\/","title":{"rendered":"Elimi Kalbime Koydum &#8211; P\u0131nar Albak"},"content":{"rendered":"<p>Hepimizin, duygular\u0131m\u0131z\u0131 ifade etme bi\u00e7imi var. Konu\u015fuyoruz, susuyoruz, k\u0131z\u0131yoruz, a\u011fl\u0131yoruz, g\u00fcl\u00fcyoruz, anl\u0131yoruz, anlam\u0131yoruz\u2026 Ben yazmay\u0131 se\u00e7enlerdenim. Elimi kalbime koyup yaz\u0131yorum hep. Yolda, okulda, evde, i\u015fte\u2026 De\u011fi\u015fen d\u00fcnyada de\u011fi\u015fmeyen tek \u015fey, kalbimiz bence. O y\u00fczden elimiz hep kalbimizde olsun ve dilerim hep sevgiyle dolsun.<\/p>\n","protected":false},"excerpt":{"rendered":"<p>Hepimizin, duygular\u0131m\u0131z\u0131 ifade etme bi\u00e7imi var. Konu\u015fuyoruz, susuyoruz, k\u0131z\u0131yoruz, a\u011fl\u0131yoruz, g\u00fcl\u00fcyoruz, anl\u0131yoruz, anlam\u0131yoruz\u2026 Ben yazmay\u0131 se\u00e7enlerdenim. Elimi kalbime koyup yaz\u0131yorum hep. Yolda, okulda, evde, i\u015fte\u2026 De\u011fi\u015fen d\u00fcnyada de\u011fi\u015fmeyen tek \u015fey, kalbimiz bence. O y\u00fczden elimiz hep kalbimizde olsun ve dilerim hep sevgiyle dolsun.<\/p>\n","protected":false},"featured_media":21860,"comment_status":"closed","ping_status":"closed","template":"","meta":[],"product_brand":[],"product_cat":[22],"product_tag":[],"class_list":{"0":"post-21859","1":"product","2":"type-product","3":"status-publish","4":"has-post-thumbnail","6":"product_cat-siir","8":"first","9":"instock","10":"sale","11":"shipping-taxable","12":"purchasable","13":"product-type-simple"},"_links":{"self":[{"href":"https:\/\/kutluyayinevi.com\/magaza\/wp-json\/wp\/v2\/product\/21859","targetHints":{"allow":["GET"]}}],"collection":[{"href":"https:\/\/kutluyayinevi.com\/magaza\/wp-json\/wp\/v2\/product"}],"about":[{"href":"https:\/\/kutluyayinevi.com\/magaza\/wp-json\/wp\/v2\/types\/product"}],"replies":[{"embeddable":true,"href":"https:\/\/kutluyayinevi.com\/magaza\/wp-json\/wp\/v2\/comments?post=21859"}],"wp:featuredmedia":[{"embeddable":true,"href":"https:\/\/kutluyayinevi.com\/magaza\/wp-json\/wp\/v2\/media\/21860"}],"wp:attachment":[{"href":"https:\/\/kutluyayinevi.com\/magaza\/wp-json\/wp\/v2\/media?parent=21859"}],"wp:term":[{"taxonomy":"product_brand","embeddable":true,"href":"https:\/\/kutluyayinevi.com\/magaza\/wp-json\/wp\/v2\/product_brand?post=21859"},{"taxonomy":"product_cat","embeddable":true,"href":"https:\/\/kutluyayinevi.com\/magaza\/wp-json\/wp\/v2\/product_cat?post=21859"},{"taxonomy":"product_tag","embeddable":true,"href":"https:\/\/kutluyayinevi.com\/magaza\/wp-json\/wp\/v2\/product_tag?post=21859"}],"curies":[{"name":"wp","href":"https:\/\/api.w.org\/{rel}","templated":true}]}}